{"id":340641,"date":"2024-05-17T12:22:38","date_gmt":"2024-05-17T11:27:17","guid":{"rendered":"https:\/\/www.moskito.cz\/produkt\/cuchillos-arrojadizos-cold-steel-paquete-de-4-picos-con-bolsa-th-spk4pk\/"},"modified":"2025-05-07T11:15:12","modified_gmt":"2025-05-07T10:15:12","slug":"cuchillos-arrojadizos-cold-steel-paquete-de-4-picos-con-bolsa-th-spk4pk","status":"publish","type":"product","link":"https:\/\/www.moskito.cz\/es\/produkt\/cuchillos-arrojadizos-cold-steel-paquete-de-4-picos-con-bolsa-th-spk4pk\/","title":{"rendered":"Cuchillos arrojadizos Cold Steel PAQUETE DE 4 PICOS CON BOLSA TH-SPK4PK"},"content":{"rendered":"<p>Cuchillos arrojadizos <strong>Cold Steel<\/strong> PAQUETE DE 4 PICOS PARA LANZAR CON BOLSA TH-SPK4PK.<\/p>\n<p>Tambi\u00e9n conocidas como bo-shuriken o agujas para lanzar, estas p\u00faas para lanzar est\u00e1n hechas de resistente acero 420SS y tienen mangos envueltos en paracord f\u00e1ciles de usar. Est\u00e1n perfectamente equilibrados para hacer ejercicio en el patio trasero. El kit viene con cuatro puntas y dos longitudes, 5 y 8 pulgadas. Estos consejos se pueden guardar f\u00e1cilmente en un pr\u00e1ctico estuche de nailon.<\/p>\n<p>De color negro<br \/>\nPeso: 50 gramos<br \/>\nLongitud del mango: 11,3 cm<br \/>\nTama\u00f1o total: 19,5 cm<br \/>\nMaterial de la caja: nailon<br \/>\nAcero: 420SS<br \/>\nLongitud de la hoja: 8,2 cm<br \/>\nGrosor de la hoja: 0,29 cm.<\/p>\n","protected":false},"excerpt":{"rendered":"<p><strong>Tambi\u00e9n conocidas como bo-shuriken o agujas para lanzar, estas p\u00faas para lanzar est\u00e1n hechas de resistente acero 420SS y tienen mangos envueltos en paracord f\u00e1ciles de usar.<\/strong><\/p>\n","protected":false},"featured_media":340601,"comment_status":"open","ping_status":"closed","template":"","meta":[],"pwb-brand":[3790],"product_brand":[],"product_cat":[3726,3728],"product_tag":[3756],"class_list":{"0":"post-340641","1":"product","2":"type-product","3":"status-publish","4":"has-post-thumbnail","6":"pwb-brand-arma-blanca","7":"product_cat-cuchillos","8":"product_cat-lanzando-cuchillos","9":"product_tag-b2b-es","11":"first","12":"instock","13":"taxable","14":"shipping-taxable","15":"purchasable","16":"product-type-simple"},"brands":[{"id":3790,"name":"Arma blanca","slug":"arma-blanca"}],"_links":{"self":[{"href":"https:\/\/www.moskito.cz\/es\/wp-json\/wp\/v2\/product\/340641","targetHints":{"allow":["GET"]}}],"collection":[{"href":"https:\/\/www.moskito.cz\/es\/wp-json\/wp\/v2\/product"}],"about":[{"href":"https:\/\/www.moskito.cz\/es\/wp-json\/wp\/v2\/types\/product"}],"replies":[{"embeddable":true,"href":"https:\/\/www.moskito.cz\/es\/wp-json\/wp\/v2\/comments?post=340641"}],"wp:featuredmedia":[{"embeddable":true,"href":"https:\/\/www.moskito.cz\/es\/wp-json\/wp\/v2\/media\/340601"}],"wp:attachment":[{"href":"https:\/\/www.moskito.cz\/es\/wp-json\/wp\/v2\/media?parent=340641"}],"wp:term":[{"taxonomy":"pwb-brand","embeddable":true,"href":"https:\/\/www.moskito.cz\/es\/wp-json\/wp\/v2\/pwb-brand?post=340641"},{"taxonomy":"product_brand","embeddable":true,"href":"https:\/\/www.moskito.cz\/es\/wp-json\/wp\/v2\/product_brand?post=340641"},{"taxonomy":"product_cat","embeddable":true,"href":"https:\/\/www.moskito.cz\/es\/wp-json\/wp\/v2\/product_cat?post=340641"},{"taxonomy":"product_tag","embeddable":true,"href":"https:\/\/www.moskito.cz\/es\/wp-json\/wp\/v2\/product_tag?post=340641"}],"curies":[{"name":"wp","href":"https:\/\/api.w.org\/{rel}","templated":true}]}}