{"id":340749,"date":"2024-05-17T14:56:13","date_gmt":"2024-05-17T13:56:13","guid":{"rendered":"https:\/\/www.moskito.cz\/produkt\/navaja-plegable-cold-steel-mayhem-negro-fl-60dplm\/"},"modified":"2025-05-07T11:15:13","modified_gmt":"2025-05-07T10:15:13","slug":"navaja-plegable-cold-steel-mayhem-negro-fl-60dplm","status":"publish","type":"product","link":"https:\/\/www.moskito.cz\/es\/produkt\/navaja-plegable-cold-steel-mayhem-negro-fl-60dplm\/","title":{"rendered":"Navaja Plegable Cold Steel MAYHEM NEGRO FL-60DPLM"},"content":{"rendered":"<p>Cuchillo Cierre <strong>Cold Steel<\/strong> MAYHEM BLACK FL-60DPLM.<\/p>\n<p>Presentamos Mayhem de Cold Steel: un cuchillo de vanguardia dise\u00f1ado para redefinir sus expectativas de una herramienta vers\u00e1til y poderosa. Dise\u00f1ado con precisi\u00f3n y perfecci\u00f3n, Mayhem es la combinaci\u00f3n perfecta de rendimiento de corte, durabilidad y dise\u00f1o ergon\u00f3mico.<\/p>\n<p>En el coraz\u00f3n de esta bestia se encuentra una impresionante hoja de cuchilla modificada de 6 pulgadas hecha de acero AUS10A de alta calidad. Conocido por su excepcional retenci\u00f3n de bordes y resistencia a la corrosi\u00f3n, el acero AUS10A garantiza que Mayhem est\u00e9 listo para cualquier tarea de corte que se le presente. Con un grosor de 4 mm, esta hoja proporciona resistencia y estabilidad inigualables, lo que la hace ideal para uso intensivo y aplicaciones exigentes.<\/p>\n<p>Elaborado con la m\u00e1xima atenci\u00f3n al detalle, Mayhem cuenta con un mango G10 elegante y robusto. G10 es un material liviano pero incre\u00edblemente duradero que ofrece un agarre excepcional y garantiza un control total del cuchillo, incluso en condiciones h\u00famedas o resbaladizas. Ya sea que est\u00e9 rebanando, cortando en cubitos, picando o realizando maniobras delicadas, el mango G10 brinda comodidad y confianza inigualables en su mano.<\/p>\n<p>Mayhem no se trata s\u00f3lo de poder puro; est\u00e1 dise\u00f1ado para brindar seguridad y facilidad de uso. Gracias al confiable y seguro mecanismo de bloqueo Atlas, puedes poner y plegar la hoja con confianza con controles simples pero intuitivos. El bloqueo Atlas garantiza que la hoja permanezca firmemente en su lugar durante el uso, eliminando cualquier cierre accidental que pueda comprometer su seguridad.<\/p>\n<p>Vers\u00e1til, duradero y dise\u00f1ado para un alto rendimiento, Mayhem de Cold Steel es el compa\u00f1ero perfecto para aventureros, cazadores, campistas, supervivientes y usuarios ocasionales. Ya sea que enfrente desaf\u00edos al aire libre o cortes de cabello cotidianos, Mayhem seguramente superar\u00e1 sus expectativas y se convertir\u00e1 en una parte indispensable de su colecci\u00f3n de equipos.<\/p>\n<p>Tama\u00f1o total: 33,5 cm<br \/>\nColor: Negro\/Gris<br \/>\nGrosor de la hoja: 0,4 cm.<br \/>\nLongitud de la hoja: 15,2 cm<br \/>\nPeso: 337,4 gramos<br \/>\nLongitud del mango: 18,3 cm<br \/>\nAcero: AUS 10A<br \/>\nMaterial del mango: G10<br \/>\nTipo de fusible: Atlas<\/p>\n<p><iframe title=\"COLD STEEL MAYHEM\" width=\"800\" height=\"450\" src=\"https:\/\/www.youtube.com\/embed\/I7WAMZ2KQdM?feature=oembed\" frameborder=\"0\" allow=\"accelerometer; autoplay; clipboard-write; encrypted-media; gyroscope; picture-in-picture; web-share\" referrerpolicy=\"strict-origin-when-cross-origin\" allowfullscreen><\/iframe><\/p>\n<p>&nbsp;<\/p>\n","protected":false},"excerpt":{"rendered":"<p><strong>Presentamos Mayhem de Cold Steel: un cuchillo de vanguardia dise\u00f1ado para redefinir sus expectativas de una herramienta vers\u00e1til y poderosa. Dise\u00f1ado con precisi\u00f3n y perfecci\u00f3n, Mayhem es la combinaci\u00f3n perfecta de rendimiento de corte, durabilidad y dise\u00f1o ergon\u00f3mico.<\/strong><\/p>\n<p><strong>Transporte gratuito.<\/strong><\/p>\n","protected":false},"featured_media":340682,"comment_status":"open","ping_status":"closed","template":"","meta":[],"pwb-brand":[3790],"product_brand":[],"product_cat":[3730,3726],"product_tag":[3756],"class_list":{"0":"post-340749","1":"product","2":"type-product","3":"status-publish","4":"has-post-thumbnail","6":"pwb-brand-arma-blanca","7":"product_cat-cuchillas-de-cierre","8":"product_cat-cuchillos","9":"product_tag-b2b-es","11":"first","12":"instock","13":"taxable","14":"shipping-taxable","15":"purchasable","16":"product-type-simple"},"brands":[{"id":3790,"name":"Arma blanca","slug":"arma-blanca"}],"_links":{"self":[{"href":"https:\/\/www.moskito.cz\/es\/wp-json\/wp\/v2\/product\/340749","targetHints":{"allow":["GET"]}}],"collection":[{"href":"https:\/\/www.moskito.cz\/es\/wp-json\/wp\/v2\/product"}],"about":[{"href":"https:\/\/www.moskito.cz\/es\/wp-json\/wp\/v2\/types\/product"}],"replies":[{"embeddable":true,"href":"https:\/\/www.moskito.cz\/es\/wp-json\/wp\/v2\/comments?post=340749"}],"wp:featuredmedia":[{"embeddable":true,"href":"https:\/\/www.moskito.cz\/es\/wp-json\/wp\/v2\/media\/340682"}],"wp:attachment":[{"href":"https:\/\/www.moskito.cz\/es\/wp-json\/wp\/v2\/media?parent=340749"}],"wp:term":[{"taxonomy":"pwb-brand","embeddable":true,"href":"https:\/\/www.moskito.cz\/es\/wp-json\/wp\/v2\/pwb-brand?post=340749"},{"taxonomy":"product_brand","embeddable":true,"href":"https:\/\/www.moskito.cz\/es\/wp-json\/wp\/v2\/product_brand?post=340749"},{"taxonomy":"product_cat","embeddable":true,"href":"https:\/\/www.moskito.cz\/es\/wp-json\/wp\/v2\/product_cat?post=340749"},{"taxonomy":"product_tag","embeddable":true,"href":"https:\/\/www.moskito.cz\/es\/wp-json\/wp\/v2\/product_tag?post=340749"}],"curies":[{"name":"wp","href":"https:\/\/api.w.org\/{rel}","templated":true}]}}