{"id":340787,"date":"2024-05-17T16:02:48","date_gmt":"2024-05-17T15:24:24","guid":{"rendered":"https:\/\/www.moskito.cz\/produkt\/cuchillo-de-cierre-cold-steel-pro-lite-tanto-20nst\/"},"modified":"2025-05-07T11:15:19","modified_gmt":"2025-05-07T10:15:19","slug":"cuchillo-de-cierre-cold-steel-pro-lite-tanto-20nst","status":"publish","type":"product","link":"https:\/\/www.moskito.cz\/es\/produkt\/cuchillo-de-cierre-cold-steel-pro-lite-tanto-20nst\/","title":{"rendered":"Cuchillo de cierre Cold Steel PRO LITE TANTO 20NST"},"content":{"rendered":"<p>Cuchillo Cerrador <strong>Cold Steel<\/strong> PRO LITE TANTO 20NST.<\/p>\n<p>Nuestro objetivo al crear la serie Pro Lite era proporcionar una navaja plegable duradera con la resistencia y durabilidad superiores esperadas de Cold Steel a un precio asequible. Dise\u00f1ado por el famoso fabricante de cuchillos Andrew Demke, el Pro Lite cuenta con una hoja de acero inoxidable crioendurecido alem\u00e1n 4116 con un acabado duradero lavado a la piedra y un perfil t\u00e1ctico tanto. Nuestro duradero mecanismo de bloqueo Tri-Ad garantiza un bloqueo seguro. El mango texturizado est\u00e1 hecho de nailon texturizado relleno de vidrio y tiene un clip de bolsillo de acero inoxidable que se puede llevar de forma ambidiestra con la mano izquierda o derecha doblada.<\/p>\n<p>Tama\u00f1o total: 20,3 cm<br \/>\nMaterial de la funda: bolsillo ambidiestro\/clip para cintur\u00f3n<br \/>\nAcero: 4116SS<br \/>\nGrosor de la hoja: 0,3 cm.<br \/>\nColor: Negro\/Gris<br \/>\nTipo de fusible: linerlock + bloqueo secundario<br \/>\nPeso: 93 gramos<br \/>\nMaterial del mango: GFN largo<br \/>\nLongitud de la hoja: 8,9 cm<br \/>\nLongitud del mango: 11,4 cm<\/p>\n","protected":false},"excerpt":{"rendered":"<p><strong>Nuestro objetivo al crear la serie Pro Lite era proporcionar una navaja plegable duradera con la resistencia y durabilidad superiores esperadas de Cold Steel a un precio asequible.<\/strong><\/p>\n","protected":false},"featured_media":340780,"comment_status":"open","ping_status":"closed","template":"","meta":[],"pwb-brand":[3790],"product_brand":[],"product_cat":[3730,3726],"product_tag":[3756],"class_list":{"0":"post-340787","1":"product","2":"type-product","3":"status-publish","4":"has-post-thumbnail","6":"pwb-brand-arma-blanca","7":"product_cat-cuchillas-de-cierre","8":"product_cat-cuchillos","9":"product_tag-b2b-es","11":"first","12":"outofstock","13":"taxable","14":"shipping-taxable","15":"purchasable","16":"product-type-simple"},"brands":[{"id":3790,"name":"Arma blanca","slug":"arma-blanca"}],"_links":{"self":[{"href":"https:\/\/www.moskito.cz\/es\/wp-json\/wp\/v2\/product\/340787","targetHints":{"allow":["GET"]}}],"collection":[{"href":"https:\/\/www.moskito.cz\/es\/wp-json\/wp\/v2\/product"}],"about":[{"href":"https:\/\/www.moskito.cz\/es\/wp-json\/wp\/v2\/types\/product"}],"replies":[{"embeddable":true,"href":"https:\/\/www.moskito.cz\/es\/wp-json\/wp\/v2\/comments?post=340787"}],"wp:featuredmedia":[{"embeddable":true,"href":"https:\/\/www.moskito.cz\/es\/wp-json\/wp\/v2\/media\/340780"}],"wp:attachment":[{"href":"https:\/\/www.moskito.cz\/es\/wp-json\/wp\/v2\/media?parent=340787"}],"wp:term":[{"taxonomy":"pwb-brand","embeddable":true,"href":"https:\/\/www.moskito.cz\/es\/wp-json\/wp\/v2\/pwb-brand?post=340787"},{"taxonomy":"product_brand","embeddable":true,"href":"https:\/\/www.moskito.cz\/es\/wp-json\/wp\/v2\/product_brand?post=340787"},{"taxonomy":"product_cat","embeddable":true,"href":"https:\/\/www.moskito.cz\/es\/wp-json\/wp\/v2\/product_cat?post=340787"},{"taxonomy":"product_tag","embeddable":true,"href":"https:\/\/www.moskito.cz\/es\/wp-json\/wp\/v2\/product_tag?post=340787"}],"curies":[{"name":"wp","href":"https:\/\/api.w.org\/{rel}","templated":true}]}}