{"id":341014,"date":"2024-05-18T00:31:48","date_gmt":"2024-05-17T23:31:48","guid":{"rendered":"https:\/\/www.moskito.cz\/produkt\/cuchillo-plegable-cold-steel-5-max\/"},"modified":"2025-05-07T11:15:22","modified_gmt":"2025-05-07T10:15:22","slug":"cuchillo-plegable-cold-steel-5-max","status":"publish","type":"product","link":"https:\/\/www.moskito.cz\/es\/produkt\/cuchillo-plegable-cold-steel-5-max\/","title":{"rendered":"Cuchillo plegable Cold Steel 5-MAX"},"content":{"rendered":"<p>Navaja plegable <strong>Cold Steel<\/strong> 5-MAX.<\/p>\n<p>\u00a1Presentamos <strong>el Cold Steel 5 Max<\/strong> , la herramienta que necesitas para liberar al aventurero que llevas dentro! Basado en el 4 Max m\u00e1s vendido, ahora con una hoja y un alcance m\u00e1s largos.<\/p>\n<p>Creado en colaboraci\u00f3n con el dise\u00f1ador de cuchillos Andrew Demek, conocido por fabricar algunos de los mejores y m\u00e1s duraderos cuchillos del mundo, este componente cuenta con una impresionante hoja afilada de 5 pulgadas forjada en acero S35VN de alta calidad. Este material de primera calidad garantiza una retenci\u00f3n excepcional de los bordes y una incre\u00edble resistencia a la corrosi\u00f3n que resiste f\u00e1cilmente a\u00f1os de uso. Adem\u00e1s, el acabado negro de la hoja la hace a\u00fan m\u00e1s duradera y agrega un toque de sofisticaci\u00f3n para la combinaci\u00f3n perfecta de estilo y sustancia.<\/p>\n<p>Se adjunta un mango G10 de dise\u00f1o ergon\u00f3mico, de color verde oscuro, que proporciona una excelente tracci\u00f3n para un agarre firme, incluso cuando se trabaja en las condiciones exteriores m\u00e1s duras. Con el reconocido Tri-Ad Lock de <strong>Cold Steel<\/strong> , puede confiar en que su hoja permanecer\u00e1 segura en su lugar durante el uso, brind\u00e1ndole tranquilidad y un rendimiento superior y sin preocupaciones cuando m\u00e1s lo necesita.<\/p>\n<p>Con una longitud total de 12 1\/8 pulgadas, <strong>el 5 Max<\/strong> es una herramienta vers\u00e1til capaz de manejar una amplia gama de tareas, desde cortar materiales r\u00edgidos hasta cortes de precisi\u00f3n. Este cuchillo es adecuado para cualquier desaf\u00edo, en cualquier momento. Combine esa longitud con un grosor de 4,8 mm y 12,4 onzas. peso y tendr\u00e1 una herramienta impresionantemente robusta y confiable dise\u00f1ada para superar sus expectativas incluso en las empresas m\u00e1s exigentes.<\/p>\n<p>Creado en colaboraci\u00f3n con el mundialmente famoso dise\u00f1ador de cuchillos Andrew Demke.<br \/>\nLa herramienta vers\u00e1til resiste una serie de tareas exigentes al aire libre.<br \/>\nCon una hoja de 5 pulgadas forjada en acero S35VN para una retenci\u00f3n excepcional de los bordes.<br \/>\nHoja lavada en negro para una mayor durabilidad y una apariencia sofisticada<br \/>\nEl mango G10 proporciona un agarre antideslizante incluso en condiciones clim\u00e1ticas adversas.<br \/>\nLongitud total robusta de 12 1\/8 pulgadas y espesor de hoja de 4,8 mm<\/p>\n<p>Peso: 351 gramos<br \/>\nMaterial del mango: G10<br \/>\nColor: Negro\/Verde<br \/>\nTama\u00f1o total: 31,1 cm<br \/>\nLongitud del mango: 18,4 cm<br \/>\nGrosor de la hoja: 0,48 cm.<br \/>\nTipo de bloqueo: Bloqueo Tri-Ad<br \/>\nAcero: CPM-S35VN<br \/>\nLongitud de la hoja: 12,7 cm<\/p>\n<p><iframe title=\"COLD STEEL 5 MAX KNIFE\" width=\"800\" height=\"450\" src=\"https:\/\/www.youtube.com\/embed\/OXPJxUYR3dg?feature=oembed\" frameborder=\"0\" allow=\"accelerometer; autoplay; clipboard-write; encrypted-media; gyroscope; picture-in-picture; web-share\" referrerpolicy=\"strict-origin-when-cross-origin\" allowfullscreen><\/iframe><\/p>\n<p>&nbsp;<\/p>\n","protected":false},"excerpt":{"rendered":"<p><strong>\u00a1Presentamos el Cold Steel 5 Max, la herramienta que necesitas para liberar al aventurero que llevas dentro!<\/strong><\/p>\n<p><strong>Transporte gratuito.<\/strong><\/p>\n","protected":false},"featured_media":340932,"comment_status":"open","ping_status":"closed","template":"","meta":[],"pwb-brand":[3790],"product_brand":[],"product_cat":[3730,3726],"product_tag":[3756],"class_list":{"0":"post-341014","1":"product","2":"type-product","3":"status-publish","4":"has-post-thumbnail","6":"pwb-brand-arma-blanca","7":"product_cat-cuchillas-de-cierre","8":"product_cat-cuchillos","9":"product_tag-b2b-es","11":"first","12":"instock","13":"taxable","14":"shipping-taxable","15":"purchasable","16":"product-type-simple"},"brands":[{"id":3790,"name":"Arma blanca","slug":"arma-blanca"}],"_links":{"self":[{"href":"https:\/\/www.moskito.cz\/es\/wp-json\/wp\/v2\/product\/341014","targetHints":{"allow":["GET"]}}],"collection":[{"href":"https:\/\/www.moskito.cz\/es\/wp-json\/wp\/v2\/product"}],"about":[{"href":"https:\/\/www.moskito.cz\/es\/wp-json\/wp\/v2\/types\/product"}],"replies":[{"embeddable":true,"href":"https:\/\/www.moskito.cz\/es\/wp-json\/wp\/v2\/comments?post=341014"}],"wp:featuredmedia":[{"embeddable":true,"href":"https:\/\/www.moskito.cz\/es\/wp-json\/wp\/v2\/media\/340932"}],"wp:attachment":[{"href":"https:\/\/www.moskito.cz\/es\/wp-json\/wp\/v2\/media?parent=341014"}],"wp:term":[{"taxonomy":"pwb-brand","embeddable":true,"href":"https:\/\/www.moskito.cz\/es\/wp-json\/wp\/v2\/pwb-brand?post=341014"},{"taxonomy":"product_brand","embeddable":true,"href":"https:\/\/www.moskito.cz\/es\/wp-json\/wp\/v2\/product_brand?post=341014"},{"taxonomy":"product_cat","embeddable":true,"href":"https:\/\/www.moskito.cz\/es\/wp-json\/wp\/v2\/product_cat?post=341014"},{"taxonomy":"product_tag","embeddable":true,"href":"https:\/\/www.moskito.cz\/es\/wp-json\/wp\/v2\/product_tag?post=341014"}],"curies":[{"name":"wp","href":"https:\/\/api.w.org\/{rel}","templated":true}]}}