{"id":341063,"date":"2024-05-18T00:48:59","date_gmt":"2024-05-17T23:49:59","guid":{"rendered":"https:\/\/www.moskito.cz\/produkt\/navaja-cold-steel-espada-xl-rojo-rubi\/"},"modified":"2025-05-07T11:15:23","modified_gmt":"2025-05-07T10:15:23","slug":"navaja-cold-steel-espada-xl-rojo-rubi","status":"publish","type":"product","link":"https:\/\/www.moskito.cz\/es\/produkt\/navaja-cold-steel-espada-xl-rojo-rubi\/","title":{"rendered":"Navaja Cold Steel ESPADA XL ROJO RUB\u00cd"},"content":{"rendered":"<p>Navaja <strong>Cold Steel<\/strong> ESPADA XL ROJO RUB\u00cd.<\/p>\n<p><strong>Cold Steel<\/strong> nunca ha tenido miedo de romper las convenciones. Es por eso que, cuando todos los dem\u00e1s en la industria fabricaban los cuchillos m\u00e1s peque\u00f1os, delgados y mejores que pod\u00edan, Cold Steel lanz\u00f3 una l\u00ednea de hojas que solo pueden describirse como una cosa: \u00a1espadas de bolsillo!<\/p>\n<p><strong>El Cold Steel Espada<\/strong> se inspir\u00f3 en los cl\u00e1sicos cuchillos navajos de Espa\u00f1a, pero era completamente moderno tanto en apariencia como en materiales. \u00a1Estas megacarpetas han arrasado en el mercado! Creados en colaboraci\u00f3n entre el fabricante de cuchillos personalizados Andrew Demke y Lynn C. Thompson, los Espadas est\u00e1n disponibles en dos tama\u00f1os para adaptarse tanto a los individuos m\u00e1s atrevidos como a los m\u00e1s atrevidos. A pesar de su impresionante tama\u00f1o, est\u00e1n dise\u00f1ados por expertos para caber c\u00f3modamente y discretamente en su bolsillo. Pronto olvidar\u00e1s que llevas una espada tan grande e impresionante. Equipadas con la placa para pulgar patentada Demko, las espadas grandes y extra grandes encajan en tu bolsillo, abriendo el cuchillo mientras lo sacas, \u00a1y se abren en un abrir y cerrar de ojos! Las hermosas hojas Espada est\u00e1n hechas de acero inoxidable japon\u00e9s AUS-10A. Cada Espada cuenta con el mecanismo de bloqueo patentado Tri-Ad, que ha demostrado tener una incre\u00edble resistencia al impacto y fuerza. En sus propias pruebas de producto notoriamente brutales, el XL Espada no solo pudo soportar 600 libras de peso suspendido, sino que incluso lo usaron para sostener un bloque de motor colgante.<\/p>\n<p>De color negro<br \/>\nMaterial del mango: Largo G10<br \/>\nPeso: 402,56 gramos<br \/>\nTipo de bloqueo: Bloqueo Tri-Ad<br \/>\nTama\u00f1o total: 42,5 cm<br \/>\nLongitud de la hoja: 19 cm<br \/>\nLongitud del mango: 23,4 cm<br \/>\nAcero: AUS 10A<br \/>\nGrosor de la hoja: 0,4 cm.<\/p>\n<p><iframe title=\"COLD STEEL&#039;S DEADLIEST WEAPON; ESPADA XL G10\" width=\"800\" height=\"450\" src=\"https:\/\/www.youtube.com\/embed\/iRajrg6Ku78?feature=oembed\" frameborder=\"0\" allow=\"accelerometer; autoplay; clipboard-write; encrypted-media; gyroscope; picture-in-picture; web-share\" referrerpolicy=\"strict-origin-when-cross-origin\" allowfullscreen><\/iframe><\/p>\n<p>&nbsp;<\/p>\n","protected":false},"excerpt":{"rendered":"<p><strong>Cold Steel nunca ha tenido miedo de romper las convenciones. Es por eso que, cuando todos los dem\u00e1s en la industria fabricaban los cuchillos m\u00e1s peque\u00f1os, delgados y mejores que pod\u00edan, Cold Steel lanz\u00f3 una l\u00ednea de hojas que solo pueden describirse como una cosa: \u00a1espadas de bolsillo!<\/strong><\/p>\n<p><strong>Transporte gratuito.<\/strong><\/p>\n","protected":false},"featured_media":341029,"comment_status":"open","ping_status":"closed","template":"","meta":[],"pwb-brand":[3790],"product_brand":[],"product_cat":[3730,3726],"product_tag":[3756],"class_list":{"0":"post-341063","1":"product","2":"type-product","3":"status-publish","4":"has-post-thumbnail","6":"pwb-brand-arma-blanca","7":"product_cat-cuchillas-de-cierre","8":"product_cat-cuchillos","9":"product_tag-b2b-es","11":"first","12":"instock","13":"taxable","14":"shipping-taxable","15":"purchasable","16":"product-type-simple"},"brands":[{"id":3790,"name":"Arma blanca","slug":"arma-blanca"}],"_links":{"self":[{"href":"https:\/\/www.moskito.cz\/es\/wp-json\/wp\/v2\/product\/341063","targetHints":{"allow":["GET"]}}],"collection":[{"href":"https:\/\/www.moskito.cz\/es\/wp-json\/wp\/v2\/product"}],"about":[{"href":"https:\/\/www.moskito.cz\/es\/wp-json\/wp\/v2\/types\/product"}],"replies":[{"embeddable":true,"href":"https:\/\/www.moskito.cz\/es\/wp-json\/wp\/v2\/comments?post=341063"}],"wp:featuredmedia":[{"embeddable":true,"href":"https:\/\/www.moskito.cz\/es\/wp-json\/wp\/v2\/media\/341029"}],"wp:attachment":[{"href":"https:\/\/www.moskito.cz\/es\/wp-json\/wp\/v2\/media?parent=341063"}],"wp:term":[{"taxonomy":"pwb-brand","embeddable":true,"href":"https:\/\/www.moskito.cz\/es\/wp-json\/wp\/v2\/pwb-brand?post=341063"},{"taxonomy":"product_brand","embeddable":true,"href":"https:\/\/www.moskito.cz\/es\/wp-json\/wp\/v2\/product_brand?post=341063"},{"taxonomy":"product_cat","embeddable":true,"href":"https:\/\/www.moskito.cz\/es\/wp-json\/wp\/v2\/product_cat?post=341063"},{"taxonomy":"product_tag","embeddable":true,"href":"https:\/\/www.moskito.cz\/es\/wp-json\/wp\/v2\/product_tag?post=341063"}],"curies":[{"name":"wp","href":"https:\/\/api.w.org\/{rel}","templated":true}]}}