{"id":341197,"date":"2024-05-18T10:49:46","date_gmt":"2024-05-18T09:50:18","guid":{"rendered":"https:\/\/www.moskito.cz\/produkt\/cuchillo-plegable-engage-tanto-de-cold-steel\/"},"modified":"2025-05-07T11:15:26","modified_gmt":"2025-05-07T10:15:26","slug":"cuchillo-plegable-engage-tanto-de-cold-steel","status":"publish","type":"product","link":"https:\/\/www.moskito.cz\/es\/produkt\/cuchillo-plegable-engage-tanto-de-cold-steel\/","title":{"rendered":"Cuchillo plegable ENGAGE TANTO de Cold Steel"},"content":{"rendered":"<p>Navaja plegable ENGAGE TANTO <strong>de Cold Steel<\/strong> .<\/p>\n<p>Dise\u00f1ado para un transporte diario seguro, <strong>el Engage<\/strong> es un cuchillo de acero inoxidable 4116 de 3 pulgadas con muchas funciones, duradero y f\u00e1cil de afilar. Gracias al cierre deslizante Atlas\u2122 patentado de Cold Steel, que garantiza un cierre fuerte y fiable, es totalmente reversible y totalmente capaz de realizar cualquier tarea diaria. El mango GFN de f\u00e1cil agarre est\u00e1 reconstruido para durar a\u00f1os de uso y est\u00e1 disponible en una selecci\u00f3n de tres colores. Hay dos opciones de forma de hoja: tanto y. punto de recorte.<\/p>\n<p>Disponibles en una amplia gama de hojas de acero y formas, y a varios precios, los nuevos cuchillos Engage de Cold Steel est\u00e1n destinados a ser estrellas del transporte diario. Totalmente ambidiestros, estos cuchillos EDC de primera calidad est\u00e1n dise\u00f1ados para manejar cualquier ocasi\u00f3n con confianza, y cuentan con un bloqueo deslizante patentado Atlas\u2122 Lock que ofrece un bloqueo duradero, fuerte y confiable.<\/p>\n<p>Hoja: 4116<\/p>\n<p>Estilo de hoja: Tanto<\/p>\n<p>Acabado de la hoja: Black Stonewash<\/p>\n<p>Cerradura: Cerradura Atlas\u00ae<\/p>\n<p>Mecanismo de apertura: Pasador, ambos lados<\/p>\n<p>Peso:: 68 gramos<\/p>\n<p>Largo total:: 18,5 cm<\/p>\n<p>Longitud de la hoja: 7,6 cm.<\/p>\n<p>Longitud del cuchillo cerrado: 10,5 cm.<\/p>\n<p>Grosor de la hoja: 0,24 cm.<\/p>\n<p><iframe title=\"Cold Steel&#039;s Atlas Lock Test featuring the  new Engage 3.5&quot;\" width=\"800\" height=\"450\" src=\"https:\/\/www.youtube.com\/embed\/nh_7tHY8Ypw?feature=oembed\" frameborder=\"0\" allow=\"accelerometer; autoplay; clipboard-write; encrypted-media; gyroscope; picture-in-picture; web-share\" referrerpolicy=\"strict-origin-when-cross-origin\" allowfullscreen><\/iframe><\/p>\n<p>&nbsp;<\/p>\n<p>&nbsp;<\/p>\n<p>&nbsp;<\/p>\n","protected":false},"excerpt":{"rendered":"<p><strong>Dise\u00f1ado para un transporte diario seguro, el Engage es un cuchillo con muchas funciones hecho de acero inoxidable 4116 de 3 pulgadas que es duradero y f\u00e1cil de afilar.<\/strong><\/p>\n","protected":false},"featured_media":341188,"comment_status":"open","ping_status":"closed","template":"","meta":[],"pwb-brand":[3790],"product_brand":[],"product_cat":[3730,3726],"product_tag":[3756],"class_list":{"0":"post-341197","1":"product","2":"type-product","3":"status-publish","4":"has-post-thumbnail","6":"pwb-brand-arma-blanca","7":"product_cat-cuchillas-de-cierre","8":"product_cat-cuchillos","9":"product_tag-b2b-es","11":"first","12":"instock","13":"taxable","14":"shipping-taxable","15":"purchasable","16":"product-type-simple"},"brands":[{"id":3790,"name":"Arma blanca","slug":"arma-blanca"}],"_links":{"self":[{"href":"https:\/\/www.moskito.cz\/es\/wp-json\/wp\/v2\/product\/341197","targetHints":{"allow":["GET"]}}],"collection":[{"href":"https:\/\/www.moskito.cz\/es\/wp-json\/wp\/v2\/product"}],"about":[{"href":"https:\/\/www.moskito.cz\/es\/wp-json\/wp\/v2\/types\/product"}],"replies":[{"embeddable":true,"href":"https:\/\/www.moskito.cz\/es\/wp-json\/wp\/v2\/comments?post=341197"}],"wp:featuredmedia":[{"embeddable":true,"href":"https:\/\/www.moskito.cz\/es\/wp-json\/wp\/v2\/media\/341188"}],"wp:attachment":[{"href":"https:\/\/www.moskito.cz\/es\/wp-json\/wp\/v2\/media?parent=341197"}],"wp:term":[{"taxonomy":"pwb-brand","embeddable":true,"href":"https:\/\/www.moskito.cz\/es\/wp-json\/wp\/v2\/pwb-brand?post=341197"},{"taxonomy":"product_brand","embeddable":true,"href":"https:\/\/www.moskito.cz\/es\/wp-json\/wp\/v2\/product_brand?post=341197"},{"taxonomy":"product_cat","embeddable":true,"href":"https:\/\/www.moskito.cz\/es\/wp-json\/wp\/v2\/product_cat?post=341197"},{"taxonomy":"product_tag","embeddable":true,"href":"https:\/\/www.moskito.cz\/es\/wp-json\/wp\/v2\/product_tag?post=341197"}],"curies":[{"name":"wp","href":"https:\/\/api.w.org\/{rel}","templated":true}]}}