{"id":341230,"date":"2024-05-19T19:54:51","date_gmt":"2024-05-19T18:55:33","guid":{"rendered":"https:\/\/www.moskito.cz\/produkt\/cuchillo-de-cierre-cold-steel-engage-clip-point\/"},"modified":"2025-06-27T12:48:09","modified_gmt":"2025-06-27T11:48:09","slug":"cuchillo-de-cierre-cold-steel-engage-clip-point","status":"publish","type":"product","link":"https:\/\/www.moskito.cz\/es\/produkt\/cuchillo-de-cierre-cold-steel-engage-clip-point\/","title":{"rendered":"Cuchillo de cierre Cold Steel ENGAGE CLIP POINT"},"content":{"rendered":"<p>Cuchillo de cierre <strong>Cold Steel<\/strong> ENGANCHE EL PUNTO DE CLIP.<\/p>\n<p>Dise\u00f1ada para un uso diario seguro, <strong>la Engage<\/strong> es una plegadora de acero inoxidable 4116 de 3 pulgadas con muchas funciones que es duradera y f\u00e1cil de afilar. Gracias al cierre deslizante Atlas\u2122 patentado de Cold Steel, que garantiza un cierre fuerte y fiable, es totalmente reversible y totalmente capaz de realizar cualquier tarea diaria. El mango GFN de f\u00e1cil agarre est\u00e1 reconstruido para durar a\u00f1os de uso y est\u00e1 disponible en una selecci\u00f3n de tres colores. Hay dos opciones de forma de hoja: tanto y. punto de recorte.<\/p>\n<p>Disponibles en una amplia gama de hojas de acero y formas, y a varios precios, los nuevos cuchillos Engage de Cold Steel est\u00e1n destinados a ser estrellas del transporte diario. Totalmente ambidiestros, estos cuchillos EDC de primera calidad est\u00e1n dise\u00f1ados para manejar cualquier ocasi\u00f3n con confianza, y cuentan con un bloqueo deslizante patentado Atlas\u2122 Lock que ofrece un bloqueo duradero, fuerte y confiable.<\/p>\n<p>Acero: 4116SS<br \/>\n Material del mango: FGN<br \/>\n Color: naranja\/acero<br \/>\n Longitud de la hoja: 7,9 cm<br \/>\n Tama\u00f1o total: 18,5 cm<br \/>\n Longitud del mango: 10,6 cm<br \/>\n Grosor de la hoja: 0,25 cm<br \/>\n Peso: 97g<br \/>\n Tipo de fusible: Atlas<\/p>\n<p><iframe title=\"Cold Steel&#039;s Atlas Lock Test featuring the  new Engage 3.5&quot;\" width=\"800\" height=\"450\" src=\"https:\/\/www.youtube.com\/embed\/nh_7tHY8Ypw?feature=oembed\" frameborder=\"0\" allow=\"accelerometer; autoplay; clipboard-write; encrypted-media; gyroscope; picture-in-picture; web-share\" referrerpolicy=\"strict-origin-when-cross-origin\" allowfullscreen><\/iframe><\/p>\n<p>&nbsp;<\/p>\n","protected":false},"excerpt":{"rendered":"<p>Cuchillo de cierre Cold Steel ENGANCHE EL PUNTO DE CLIP. Dise\u00f1ada para un uso diario seguro, la Engage es una plegadora de acero inoxidable 4116 de 3 pulgadas con muchas funciones que es duradera y f\u00e1cil de afilar. Gracias al cierre deslizante Atlas\u2122 patentado de Cold Steel, que garantiza un cierre fuerte y fiable, es [&hellip;]<\/p>\n","protected":false},"featured_media":341221,"comment_status":"open","ping_status":"closed","template":"","meta":[],"pwb-brand":[3790],"product_brand":[],"product_cat":[3730,3726],"product_tag":[3756],"class_list":{"0":"post-341230","1":"product","2":"type-product","3":"status-publish","4":"has-post-thumbnail","6":"pwb-brand-arma-blanca","7":"product_cat-cuchillas-de-cierre","8":"product_cat-cuchillos","9":"product_tag-b2b-es","11":"first","12":"outofstock","13":"taxable","14":"shipping-taxable","15":"purchasable","16":"product-type-simple"},"brands":[{"id":3790,"name":"Arma blanca","slug":"arma-blanca"}],"_links":{"self":[{"href":"https:\/\/www.moskito.cz\/es\/wp-json\/wp\/v2\/product\/341230","targetHints":{"allow":["GET"]}}],"collection":[{"href":"https:\/\/www.moskito.cz\/es\/wp-json\/wp\/v2\/product"}],"about":[{"href":"https:\/\/www.moskito.cz\/es\/wp-json\/wp\/v2\/types\/product"}],"replies":[{"embeddable":true,"href":"https:\/\/www.moskito.cz\/es\/wp-json\/wp\/v2\/comments?post=341230"}],"wp:featuredmedia":[{"embeddable":true,"href":"https:\/\/www.moskito.cz\/es\/wp-json\/wp\/v2\/media\/341221"}],"wp:attachment":[{"href":"https:\/\/www.moskito.cz\/es\/wp-json\/wp\/v2\/media?parent=341230"}],"wp:term":[{"taxonomy":"pwb-brand","embeddable":true,"href":"https:\/\/www.moskito.cz\/es\/wp-json\/wp\/v2\/pwb-brand?post=341230"},{"taxonomy":"product_brand","embeddable":true,"href":"https:\/\/www.moskito.cz\/es\/wp-json\/wp\/v2\/product_brand?post=341230"},{"taxonomy":"product_cat","embeddable":true,"href":"https:\/\/www.moskito.cz\/es\/wp-json\/wp\/v2\/product_cat?post=341230"},{"taxonomy":"product_tag","embeddable":true,"href":"https:\/\/www.moskito.cz\/es\/wp-json\/wp\/v2\/product_tag?post=341230"}],"curies":[{"name":"wp","href":"https:\/\/api.w.org\/{rel}","templated":true}]}}