{"id":341280,"date":"2024-05-19T20:11:47","date_gmt":"2024-05-20T07:20:33","guid":{"rendered":"https:\/\/www.moskito.cz\/produkt\/cuchillo-plegable-verdict-spear-de-cold-steel\/"},"modified":"2025-05-07T11:15:29","modified_gmt":"2025-05-07T10:15:29","slug":"cuchillo-plegable-verdict-spear-de-cold-steel","status":"publish","type":"product","link":"https:\/\/www.moskito.cz\/es\/produkt\/cuchillo-plegable-verdict-spear-de-cold-steel\/","title":{"rendered":"Cuchillo plegable VERDICT SPEAR de Cold Steel"},"content":{"rendered":"<p>Navaja plegable VERDICT SPEAR <strong>de Cold Steel<\/strong> .<\/p>\n<p>Ligero, f\u00e1cil de abrir y equipado con el seguro Tri-Ad\u00ae de Cold Steel, el Verdict es una opci\u00f3n ideal para el transporte diario. La hoja de acero inoxidable endurecido con piedra 4116 de 3 pulgadas agarra y sostiene el borde con facilidad. Con un mango GFN resistente dise\u00f1ado para soportar a\u00f1os de uso intenso, este ambidiestro est\u00e1 disponible en una combinaci\u00f3n de estilos de hoja (punta de clip y punta de lanza) y colores de mango.<\/p>\n<p>Veredicto de la serie:<\/p>\n<p>Un veredicto es una decisi\u00f3n, y la serie Verdict de navajas plegables de Cold Steel brinda a los usuarios una opci\u00f3n decisiva para llevar a diario como una piedra. El Verdict presenta la cerradura Tri-Ad\u00ae probada y confiable y viene con dos materiales de acero y dos mangos y una variedad de formas de hoja.<\/p>\n<p>Acero: 4116SS<br \/>\nColor: Lavado a la piedra\/negro<br \/>\nMaterial del mango: GFN<br \/>\nPeso: 75 gramos<br \/>\nGrosor de la hoja: 0,3 cm.<br \/>\nTama\u00f1o total: 18,5 cm<br \/>\nLongitud del mango: 10,6 cm<br \/>\nLongitud de la hoja: 7,9 cm<\/p>\n<p><iframe title=\"COLD STEEL VERDICT LINE OF KNIVES\" width=\"800\" height=\"450\" src=\"https:\/\/www.youtube.com\/embed\/6vn_iWyLzhQ?feature=oembed\" frameborder=\"0\" allow=\"accelerometer; autoplay; clipboard-write; encrypted-media; gyroscope; picture-in-picture; web-share\" referrerpolicy=\"strict-origin-when-cross-origin\" allowfullscreen><\/iframe><\/p>\n<p>&nbsp;<\/p>\n<p>&nbsp;<\/p>\n","protected":false},"excerpt":{"rendered":"<p><strong>Ligero, f\u00e1cil de abrir y equipado con el seguro Tri-Ad\u00ae de Cold Steel, el Verdict es una opci\u00f3n ideal para el transporte diario.<\/strong><\/p>\n","protected":false},"featured_media":341254,"comment_status":"open","ping_status":"closed","template":"","meta":[],"pwb-brand":[3790],"product_brand":[],"product_cat":[3730,3726],"product_tag":[3756],"class_list":{"0":"post-341280","1":"product","2":"type-product","3":"status-publish","4":"has-post-thumbnail","6":"pwb-brand-arma-blanca","7":"product_cat-cuchillas-de-cierre","8":"product_cat-cuchillos","9":"product_tag-b2b-es","11":"first","12":"instock","13":"taxable","14":"shipping-taxable","15":"purchasable","16":"product-type-simple"},"brands":[{"id":3790,"name":"Arma blanca","slug":"arma-blanca"}],"_links":{"self":[{"href":"https:\/\/www.moskito.cz\/es\/wp-json\/wp\/v2\/product\/341280","targetHints":{"allow":["GET"]}}],"collection":[{"href":"https:\/\/www.moskito.cz\/es\/wp-json\/wp\/v2\/product"}],"about":[{"href":"https:\/\/www.moskito.cz\/es\/wp-json\/wp\/v2\/types\/product"}],"replies":[{"embeddable":true,"href":"https:\/\/www.moskito.cz\/es\/wp-json\/wp\/v2\/comments?post=341280"}],"wp:featuredmedia":[{"embeddable":true,"href":"https:\/\/www.moskito.cz\/es\/wp-json\/wp\/v2\/media\/341254"}],"wp:attachment":[{"href":"https:\/\/www.moskito.cz\/es\/wp-json\/wp\/v2\/media?parent=341280"}],"wp:term":[{"taxonomy":"pwb-brand","embeddable":true,"href":"https:\/\/www.moskito.cz\/es\/wp-json\/wp\/v2\/pwb-brand?post=341280"},{"taxonomy":"product_brand","embeddable":true,"href":"https:\/\/www.moskito.cz\/es\/wp-json\/wp\/v2\/product_brand?post=341280"},{"taxonomy":"product_cat","embeddable":true,"href":"https:\/\/www.moskito.cz\/es\/wp-json\/wp\/v2\/product_cat?post=341280"},{"taxonomy":"product_tag","embeddable":true,"href":"https:\/\/www.moskito.cz\/es\/wp-json\/wp\/v2\/product_tag?post=341280"}],"curies":[{"name":"wp","href":"https:\/\/api.w.org\/{rel}","templated":true}]}}