{"id":341312,"date":"2022-11-02T22:01:47","date_gmt":"2022-11-02T21:01:47","guid":{"rendered":"https:\/\/www.moskito.cz\/produkt\/navaja-cold-steel-tuff-lite-filo-liso-azul\/"},"modified":"2025-05-07T11:15:31","modified_gmt":"2025-05-07T10:15:31","slug":"navaja-cold-steel-tuff-lite-filo-liso-azul","status":"publish","type":"product","link":"https:\/\/www.moskito.cz\/es\/produkt\/navaja-cold-steel-tuff-lite-filo-liso-azul\/","title":{"rendered":"Navaja Cold Steel TUFF LITE FILO LISO AZUL"},"content":{"rendered":"<p>Navaja <strong>Cold Steel<\/strong> TUFF LITE FILO LISO AZUL.<\/p>\n<p>Los Tuff Lites de Cold Steel son lo suficientemente resistentes como para manejarlos y lo suficientemente livianos como para tenerlos a mano cuando los necesite. El tama\u00f1o perfecto para caber en cualquier bolsillo, sujetarlo a la cintura o llevarlo alrededor del cuello con un cord\u00f3n. Gracias a las hojas anchas, huecas y rectificadas, son implacablemente afiladas y pueden cortar incluso los materiales m\u00e1s duraderos con una facilidad inesperada. Y sus puntas en \u00e1ngulo ofrecen una penetraci\u00f3n profunda y un potencial de corte de precisi\u00f3n sin ser lo suficientemente agresivas como para atraer atenci\u00f3n no deseada. Tanto la versi\u00f3n de tama\u00f1o est\u00e1ndar como la mini est\u00e1n dise\u00f1adas para el trabajo y ofrecen un agarre sorprendentemente bueno gracias a sus mangos Griv Ex\u2122 magn\u00edficamente dise\u00f1ados que ofrecen una tremenda relaci\u00f3n resistencia-peso y cuentan con nuestro Tri-Ad de \u00faltima generaci\u00f3n. cerradura que ofrece un m\u00fasculo impresionante para su tama\u00f1o.<\/p>\n<p>PARAMETROS DEL PRODUCTO<br \/>\nAcero: Japon\u00e9s AUS 8A Inoxidable<br \/>\nLongitud de la hoja: 63,5 mm<br \/>\nTama\u00f1o total: 152,4 mm<br \/>\nLongitud del mango: 88,9 mm<br \/>\nColor: azul\/plata<br \/>\nPeso: 70,87 gramos<br \/>\nTipo de bloqueo: Bloqueo Tri-Ad<br \/>\nGrosor de la hoja: 2,75 mm<br \/>\nMaterial del mango: Largo Griv-Ex\u2122 Azul<br \/>\nMaterial de la funda: bolsillo ambidiestro\/clip para cintur\u00f3n.<\/p>\n","protected":false},"excerpt":{"rendered":"<p>La Tuff Lite Plain Edge de Cold Steel es una navaja plegable con un borde recto y liso.<\/p>\n","protected":false},"featured_media":341313,"comment_status":"open","ping_status":"closed","template":"","meta":[],"pwb-brand":[3790],"product_brand":[],"product_cat":[3730,3726],"product_tag":[3756],"class_list":{"0":"post-341312","1":"product","2":"type-product","3":"status-publish","4":"has-post-thumbnail","6":"pwb-brand-arma-blanca","7":"product_cat-cuchillas-de-cierre","8":"product_cat-cuchillos","9":"product_tag-b2b-es","11":"first","12":"instock","13":"taxable","14":"shipping-taxable","15":"purchasable","16":"product-type-simple"},"brands":[{"id":3790,"name":"Arma blanca","slug":"arma-blanca"}],"_links":{"self":[{"href":"https:\/\/www.moskito.cz\/es\/wp-json\/wp\/v2\/product\/341312","targetHints":{"allow":["GET"]}}],"collection":[{"href":"https:\/\/www.moskito.cz\/es\/wp-json\/wp\/v2\/product"}],"about":[{"href":"https:\/\/www.moskito.cz\/es\/wp-json\/wp\/v2\/types\/product"}],"replies":[{"embeddable":true,"href":"https:\/\/www.moskito.cz\/es\/wp-json\/wp\/v2\/comments?post=341312"}],"wp:featuredmedia":[{"embeddable":true,"href":"https:\/\/www.moskito.cz\/es\/wp-json\/wp\/v2\/media\/341313"}],"wp:attachment":[{"href":"https:\/\/www.moskito.cz\/es\/wp-json\/wp\/v2\/media?parent=341312"}],"wp:term":[{"taxonomy":"pwb-brand","embeddable":true,"href":"https:\/\/www.moskito.cz\/es\/wp-json\/wp\/v2\/pwb-brand?post=341312"},{"taxonomy":"product_brand","embeddable":true,"href":"https:\/\/www.moskito.cz\/es\/wp-json\/wp\/v2\/product_brand?post=341312"},{"taxonomy":"product_cat","embeddable":true,"href":"https:\/\/www.moskito.cz\/es\/wp-json\/wp\/v2\/product_cat?post=341312"},{"taxonomy":"product_tag","embeddable":true,"href":"https:\/\/www.moskito.cz\/es\/wp-json\/wp\/v2\/product_tag?post=341312"}],"curies":[{"name":"wp","href":"https:\/\/api.w.org\/{rel}","templated":true}]}}