{"id":341358,"date":"2020-12-03T22:49:32","date_gmt":"2024-05-20T11:15:35","guid":{"rendered":"https:\/\/www.moskito.cz\/produkt\/manicura-de-lujo-pfeilring-solingen\/"},"modified":"2025-07-11T07:53:06","modified_gmt":"2025-07-11T06:53:06","slug":"manicura-de-lujo-pfeilring-solingen","status":"publish","type":"product","link":"https:\/\/www.moskito.cz\/es\/produkt\/manicura-de-lujo-pfeilring-solingen\/","title":{"rendered":"Manicura de lujo PFEILRING SOLINGEN"},"content":{"rendered":"<p>Manicura de lujo PFEILRING SOLINGEN.<br \/>\nLujosa manicura de 5 piezas de la marca alemana Pfeilring original Solingen en un estuche de cuero negro de alta calidad. Las manicuras de Solingen son reconocidas por su longevidad y su excelente calidad de fabricaci\u00f3n. El estuche es muy pr\u00e1ctico y se cierra con patente. Las herramientas incluidas en la manicura tienen garant\u00eda de por vida que no cubre da\u00f1os causados \u200b\u200bpor un uso inadecuado o por dejarlos en un ambiente h\u00famedo.<\/p>\n<p>Solingen es una marca de alt\u00edsima calidad, al adquirirla apuestas por la calidad y la satisfacci\u00f3n garantizada!<\/p>\n<p>El malet\u00edn contiene herramientas de n\u00edquel:<br \/>\ntijeras para cut\u00edculas<br \/>\nCortau\u00f1as<br \/>\nLima de zafiro<br \/>\nPinzas inclinadas<br \/>\nHerramienta de manicura de un solo lado<\/p>\n<p>Alojamiento:<br \/>\nMaterial cuero genuino<\/p>\n<p>Color de la caja:<br \/>\nNegro<\/p>\n<p>Tratamiento superficial de herramientas:<br \/>\nN\u00edquel brillante<\/p>\n","protected":false},"excerpt":{"rendered":"<p>Lujosa manicura de 5 piezas de la marca alemana Pfeilring original Solingen en un estuche de cuero negro de calidad.<br \/>\n<strong>Fabricado en Solingen, garant\u00eda de por vida.<\/strong><\/p>\n","protected":false},"featured_media":175737,"comment_status":"open","ping_status":"closed","template":"","meta":[],"pwb-brand":[3899],"product_brand":[],"product_cat":[3723],"product_tag":[],"class_list":{"0":"post-341358","1":"product","2":"type-product","3":"status-publish","4":"has-post-thumbnail","6":"pwb-brand-pfeilring-solingen-es","7":"product_cat-manicuras","9":"first","10":"instock","11":"taxable","12":"shipping-taxable","13":"purchasable","14":"product-type-simple"},"brands":[{"id":3899,"name":"PFEILRING SOLINGEN","slug":"pfeilring-solingen-es"}],"_links":{"self":[{"href":"https:\/\/www.moskito.cz\/es\/wp-json\/wp\/v2\/product\/341358","targetHints":{"allow":["GET"]}}],"collection":[{"href":"https:\/\/www.moskito.cz\/es\/wp-json\/wp\/v2\/product"}],"about":[{"href":"https:\/\/www.moskito.cz\/es\/wp-json\/wp\/v2\/types\/product"}],"replies":[{"embeddable":true,"href":"https:\/\/www.moskito.cz\/es\/wp-json\/wp\/v2\/comments?post=341358"}],"wp:featuredmedia":[{"embeddable":true,"href":"https:\/\/www.moskito.cz\/es\/wp-json\/wp\/v2\/media\/175737"}],"wp:attachment":[{"href":"https:\/\/www.moskito.cz\/es\/wp-json\/wp\/v2\/media?parent=341358"}],"wp:term":[{"taxonomy":"pwb-brand","embeddable":true,"href":"https:\/\/www.moskito.cz\/es\/wp-json\/wp\/v2\/pwb-brand?post=341358"},{"taxonomy":"product_brand","embeddable":true,"href":"https:\/\/www.moskito.cz\/es\/wp-json\/wp\/v2\/product_brand?post=341358"},{"taxonomy":"product_cat","embeddable":true,"href":"https:\/\/www.moskito.cz\/es\/wp-json\/wp\/v2\/product_cat?post=341358"},{"taxonomy":"product_tag","embeddable":true,"href":"https:\/\/www.moskito.cz\/es\/wp-json\/wp\/v2\/product_tag?post=341358"}],"curies":[{"name":"wp","href":"https:\/\/api.w.org\/{rel}","templated":true}]}}