{"id":341406,"date":"2024-05-20T13:39:46","date_gmt":"2024-05-20T12:42:21","guid":{"rendered":"https:\/\/www.moskito.cz\/produkt\/cuchillo-de-tiro-microtech-glykon-bayoneta-apocalyptic-184-12apnc\/"},"modified":"2025-05-07T11:15:37","modified_gmt":"2025-05-07T10:15:37","slug":"cuchillo-de-tiro-microtech-glykon-bayoneta-apocalyptic-184-12apnc","status":"publish","type":"product","link":"https:\/\/www.moskito.cz\/es\/produkt\/cuchillo-de-tiro-microtech-glykon-bayoneta-apocalyptic-184-12apnc\/","title":{"rendered":"Cuchillo de tiro Microtech Glykon Bayoneta Apocalyptic 184-12APNC"},"content":{"rendered":"<p>Cuchillo de Tiro <strong>Microtech<\/strong> Glykon Bayoneta Apocalyptic 184-12APNC.<\/p>\n<p><strong>Microtech Glykon Bayoneta Mango<\/strong> transparente natural con superposici\u00f3n apocal\u00edptica Apocal\u00edptica completamente dentada 184-12APNC<\/p>\n<p>Esta nueva y hermosa configuraci\u00f3n de Microtech lleva el nombre del dios serpiente romano. Este OTF seguramente impresionar\u00e1 con su asombroso poder. El chasis ligeramente curvado combinado con el impacto ayuda a que este cuchillo sea otra pieza de tu arsenal que seguramente ser\u00e1 un \u00e9xito. El nuevo bot\u00f3n patentado de tres lados hace que Glykon sea extremadamente f\u00e1cil de usar. El clip de bolsillo reversible le da a esta navaja una experiencia verdaderamente personalizable.<\/p>\n<p>Este modelo cuenta con mangos de aluminio anodizado transparente natural con un acabado de titanio apocal\u00edptico. Una apocal\u00edptica hoja de bayoneta de acero inoxidable M390 con hoja totalmente dentada. Herrajes de dise\u00f1o apocal\u00edptico, clip de bolsillo de doble cara y orificio para cord\u00f3n. El clip incluye informaci\u00f3n del modelo, el logotipo de Microtech, el n\u00famero de serie y la fecha de fabricaci\u00f3n.<\/p>\n<p>Pa\u00eds de origen: EE.UU.<br \/>\nMaterial del mango: Aluminio<br \/>\nMaterial de la hoja: M390<br \/>\nEstilo de hoja: bayoneta<br \/>\nTratamiento superficial de la pala: Apkoalyptic<br \/>\nTipo de borde: Totalmente dentado<br \/>\nModelo\/Patr\u00f3n: Glicon<br \/>\nTipo de cuchillo: OTF autom\u00e1tico de doble acci\u00f3n<br \/>\nTipo de bloqueo: OTF<br \/>\nLongitud de la hoja: 9,37 cm<br \/>\nLargo cerrado: 13,12 cm<br \/>\nLongitud total: 22,5 cm.<br \/>\nAcero: M390<\/p>\n<p><iframe title=\"Microtech Combat Troodon Torture Test\" width=\"800\" height=\"450\" src=\"https:\/\/www.youtube.com\/embed\/xE9TeOFYEjg?feature=oembed\" frameborder=\"0\" allow=\"accelerometer; autoplay; clipboard-write; encrypted-media; gyroscope; picture-in-picture; web-share\" referrerpolicy=\"strict-origin-when-cross-origin\" allowfullscreen><\/iframe><\/p>\n<p>&nbsp;<\/p>\n<p>&nbsp;<\/p>\n","protected":false},"excerpt":{"rendered":"<div class=\"elementor-element elementor-element-bbb542b elementor-widget elementor-widget-woocommerce-product-short-description\" data-id=\"bbb542b\" data-element_type=\"widget\" data-widget_type=\"woocommerce-product-short-description.default\">\n<div class=\"elementor-widget-container\">\n<div class=\"woocommerce-product-details__short-description\">\n<p><strong>A lo largo de los a\u00f1os, Microtech\u00ae Knives ha llenado los cuchillos con pasi\u00f3n y habilidad para crear casi obras de arte que son el pin\u00e1culo de la funcionalidad. Todas las piezas se fabrican en los EE. UU.<\/strong><br \/>\n<strong>Todos los cuchillos Microtech vienen con una garant\u00eda de por vida.<\/strong><\/p>\n<p><strong>Transporte gratuito.<\/strong><\/p>\n<\/div>\n<\/div>\n<\/div>\n","protected":false},"featured_media":341370,"comment_status":"open","ping_status":"closed","template":"","meta":[],"pwb-brand":[3752],"product_brand":[],"product_cat":[3726,3729],"product_tag":[3756],"class_list":{"0":"post-341406","1":"product","2":"type-product","3":"status-publish","4":"has-post-thumbnail","6":"pwb-brand-microtecnologia","7":"product_cat-cuchillos","8":"product_cat-cuchillos-de-tiro","9":"product_tag-b2b-es","11":"first","12":"outofstock","13":"taxable","14":"shipping-taxable","15":"purchasable","16":"product-type-simple"},"brands":[{"id":3752,"name":"microtecnolog\u00eda","slug":"microtecnologia"}],"_links":{"self":[{"href":"https:\/\/www.moskito.cz\/es\/wp-json\/wp\/v2\/product\/341406","targetHints":{"allow":["GET"]}}],"collection":[{"href":"https:\/\/www.moskito.cz\/es\/wp-json\/wp\/v2\/product"}],"about":[{"href":"https:\/\/www.moskito.cz\/es\/wp-json\/wp\/v2\/types\/product"}],"replies":[{"embeddable":true,"href":"https:\/\/www.moskito.cz\/es\/wp-json\/wp\/v2\/comments?post=341406"}],"wp:featuredmedia":[{"embeddable":true,"href":"https:\/\/www.moskito.cz\/es\/wp-json\/wp\/v2\/media\/341370"}],"wp:attachment":[{"href":"https:\/\/www.moskito.cz\/es\/wp-json\/wp\/v2\/media?parent=341406"}],"wp:term":[{"taxonomy":"pwb-brand","embeddable":true,"href":"https:\/\/www.moskito.cz\/es\/wp-json\/wp\/v2\/pwb-brand?post=341406"},{"taxonomy":"product_brand","embeddable":true,"href":"https:\/\/www.moskito.cz\/es\/wp-json\/wp\/v2\/product_brand?post=341406"},{"taxonomy":"product_cat","embeddable":true,"href":"https:\/\/www.moskito.cz\/es\/wp-json\/wp\/v2\/product_cat?post=341406"},{"taxonomy":"product_tag","embeddable":true,"href":"https:\/\/www.moskito.cz\/es\/wp-json\/wp\/v2\/product_tag?post=341406"}],"curies":[{"name":"wp","href":"https:\/\/api.w.org\/{rel}","templated":true}]}}