{"id":341630,"date":"2021-03-25T22:35:52","date_gmt":"2024-05-20T13:51:56","guid":{"rendered":"https:\/\/www.moskito.cz\/produkt\/navaja-fija-microtech-socom-alpha-114-10\/"},"modified":"2025-07-11T07:54:09","modified_gmt":"2025-07-11T06:54:09","slug":"navaja-fija-microtech-socom-alpha-114-10","status":"publish","type":"product","link":"https:\/\/www.moskito.cz\/es\/produkt\/navaja-fija-microtech-socom-alpha-114-10\/","title":{"rendered":"Navaja Fija Microtech Socom Alpha 114-10"},"content":{"rendered":"<p>Navaja Fija <strong>Microtech<\/strong> Socom Alpha 114-10.<\/p>\n<p><strong>Microtech<\/strong> tard\u00f3 m\u00e1s de una d\u00e9cada en ofrecer un Socom s\u00f3lido, el Socom Alpha, pero afortunadamente para nosotros, el Alpha Mini le pisaba los talones. Esta versi\u00f3n de la serie Signature viene con acabado en negro, acero CTS-204P y mango de fibra de carbono.<\/p>\n<p>Hoja: La hoja puntiaguda est\u00e1 rectificada para lograr un equilibrio entre resistencia y rendimiento de corte, y est\u00e1 equipada con una superficie duradera de carbono tipo diamante. Por tanto, resiste mejor el desgaste y la corrosi\u00f3n y es discretamente antirreflectante. De alto rendimiento, CTS-204P proporciona una resistencia superior a la corrosi\u00f3n y retenci\u00f3n de bordes para un rendimiento \u00f3ptimo.<\/p>\n<p>Mango: Hecho de fibra de carbono que est\u00e1 firmemente sujeto a hardware patentado recubierto de DLC. Un agujero al final de la cabeza permite la fijaci\u00f3n al cuello.<\/p>\n<p>Funda: Se lleva utilizando una funda Kydex moldeada con un clip para cintur\u00f3n DOTS.<\/p>\n<p>CTS-204P: El acero inoxidable pulvimetal\u00fargico CTS-204P, altamente resistente al desgaste, tiene una de las mayores retenci\u00f3n de bordes y resistencia a la corrosi\u00f3n disponibles. El CTS-204P tiene un rendimiento similar al CPM-20CV y al M390 de Bohler.<\/p>\n<p>Microtech Socom Alpha T\/E 114-10 Acabado lavado a la piedra<\/p>\n<p>La hoja fija SOCOM Alpha de producci\u00f3n <strong>de Microtech<\/strong> presenta un dise\u00f1o popularizado por la serie de cuchillos plegables del mismo nombre de producciones anteriores combinadas con las producciones de taller personalizadas m\u00e1s recientes. Tambi\u00e9n incluye funda para cintur\u00f3n kydex laminada de fibra de carbono con sistema de clip bladetech.<\/p>\n<p><b>Caracter\u00edsticas<\/b><br \/>\nLongitud total: 10&#8243;<br \/>\nLongitud de la hoja: 5&#8243;<br \/>\nMaterial de la hoja: CTS-204P<br \/>\nGrosor de la hoja: 0,20&#8243;<br \/>\nMaterial del mango: G10<br \/>\nPeso: 8,25 onzas<br \/>\nLongitud cerrada: 5,25&#8243;<br \/>\nCategor\u00eda de cuchillo: hoja fija<br \/>\nEstilo de hoja: T\/E (Tanto Edge)<br \/>\nPa\u00eds de origen: EE. UU.<\/p>\n<p>&nbsp;<\/p>\n<p>&nbsp;<\/p>\n","protected":false},"excerpt":{"rendered":"<p>A lo largo de los a\u00f1os , Microtech\u00ae Knives ha llenado los cuchillos con pasi\u00f3n y habilidad para crear casi obras de arte que son el pin\u00e1culo de la funcionalidad. Todas las piezas se fabrican en los EE. UU.<\/p>\n","protected":false},"featured_media":341644,"comment_status":"open","ping_status":"closed","template":"","meta":[],"pwb-brand":[3752],"product_brand":[],"product_cat":[3726,3727],"product_tag":[3756],"class_list":{"0":"post-341630","1":"product","2":"type-product","3":"status-publish","4":"has-post-thumbnail","6":"pwb-brand-microtecnologia","7":"product_cat-cuchillos","8":"product_cat-cuchillos-macizos","9":"product_tag-b2b-es","11":"first","12":"instock","13":"taxable","14":"shipping-taxable","15":"purchasable","16":"product-type-simple"},"brands":[{"id":3752,"name":"microtecnolog\u00eda","slug":"microtecnologia"}],"_links":{"self":[{"href":"https:\/\/www.moskito.cz\/es\/wp-json\/wp\/v2\/product\/341630","targetHints":{"allow":["GET"]}}],"collection":[{"href":"https:\/\/www.moskito.cz\/es\/wp-json\/wp\/v2\/product"}],"about":[{"href":"https:\/\/www.moskito.cz\/es\/wp-json\/wp\/v2\/types\/product"}],"replies":[{"embeddable":true,"href":"https:\/\/www.moskito.cz\/es\/wp-json\/wp\/v2\/comments?post=341630"}],"wp:featuredmedia":[{"embeddable":true,"href":"https:\/\/www.moskito.cz\/es\/wp-json\/wp\/v2\/media\/341644"}],"wp:attachment":[{"href":"https:\/\/www.moskito.cz\/es\/wp-json\/wp\/v2\/media?parent=341630"}],"wp:term":[{"taxonomy":"pwb-brand","embeddable":true,"href":"https:\/\/www.moskito.cz\/es\/wp-json\/wp\/v2\/pwb-brand?post=341630"},{"taxonomy":"product_brand","embeddable":true,"href":"https:\/\/www.moskito.cz\/es\/wp-json\/wp\/v2\/product_brand?post=341630"},{"taxonomy":"product_cat","embeddable":true,"href":"https:\/\/www.moskito.cz\/es\/wp-json\/wp\/v2\/product_cat?post=341630"},{"taxonomy":"product_tag","embeddable":true,"href":"https:\/\/www.moskito.cz\/es\/wp-json\/wp\/v2\/product_tag?post=341630"}],"curies":[{"name":"wp","href":"https:\/\/api.w.org\/{rel}","templated":true}]}}