{"id":342090,"date":"2023-03-29T21:43:18","date_gmt":"2024-05-22T08:42:26","guid":{"rendered":"https:\/\/www.moskito.cz\/produkt\/cuchillo-plegable-cold-steel-trapper-jigged-bone\/"},"modified":"2025-05-07T11:15:55","modified_gmt":"2025-05-07T10:15:55","slug":"cuchillo-plegable-cold-steel-trapper-jigged-bone","status":"publish","type":"product","link":"https:\/\/www.moskito.cz\/es\/produkt\/cuchillo-plegable-cold-steel-trapper-jigged-bone\/","title":{"rendered":"Cuchillo plegable Cold Steel TRAPPER JIGGED BONE"},"content":{"rendered":"<p>Cuchillo plegable <strong>Cold Steel<\/strong> TRAPPER JIGGED BONE<\/p>\n<p><strong>El cuchillo plegable Cold Steel<\/strong> Trapper es la variaci\u00f3n de Cold Steel del cl\u00e1sico cuchillo Trapper con junta deslizante. Tiene asas de hueso aut\u00e9ntico y est\u00e1 acentuada con reposacabezas de metal pulido. Los robustos mangos est\u00e1n dimensionados para trabajos pesados, incluso con guantes. Est\u00e1 construido con el patr\u00f3n tradicional Jack Knife con dos hojas pulidas: una hoja con clip para perforar y cortar y una hoja puntiaguda para desollar y eviscerar, las cuales se balancean desde un extremo del mango del cuchillo. El folklore popular ha posicionado al Trapper como la opci\u00f3n preferida para los amantes de la naturaleza y los cazadores de fronteras, pero su practicidad inherente lo hace \u00fatil para todo tipo de tareas y adecuado para casi cualquier entorno, desde urbano hasta rural. Esta es una excelente navaja de bolsillo y es perfecta para proyectos dom\u00e9sticos, uso al aire libre o como cuchillo de caza.<\/p>\n<p>Descripci\u00f3n:<br \/>\nMaterial de la hoja: 8cr13mov<br \/>\nMaterial del mango: Acero inoxidable, Hueso<br \/>\nFusible: junta deslizante<br \/>\nLongitud de la hoja: 8,4 cm<br \/>\nLongitud total: 18,9 cm<br \/>\nLongitud del cuchillo plegado: 10,5 cm<br \/>\nTipo de hoja: punta de clip, pata de oveja<\/p>\n<p>&nbsp;<\/p>\n","protected":false},"excerpt":{"rendered":"<p><strong>La navaja plegable Cold Steel Trapper es una variaci\u00f3n de la navaja trampera tradicional. Est\u00e1 construido con el patr\u00f3n tradicional Jack Knife con dos hojas pulidas.<\/strong><\/p>\n","protected":false},"featured_media":342094,"comment_status":"open","ping_status":"closed","template":"","meta":[],"pwb-brand":[3790],"product_brand":[],"product_cat":[3730,3726],"product_tag":[3756],"class_list":{"0":"post-342090","1":"product","2":"type-product","3":"status-publish","4":"has-post-thumbnail","6":"pwb-brand-arma-blanca","7":"product_cat-cuchillas-de-cierre","8":"product_cat-cuchillos","9":"product_tag-b2b-es","11":"first","12":"instock","13":"taxable","14":"shipping-taxable","15":"purchasable","16":"product-type-simple"},"brands":[{"id":3790,"name":"Arma blanca","slug":"arma-blanca"}],"_links":{"self":[{"href":"https:\/\/www.moskito.cz\/es\/wp-json\/wp\/v2\/product\/342090","targetHints":{"allow":["GET"]}}],"collection":[{"href":"https:\/\/www.moskito.cz\/es\/wp-json\/wp\/v2\/product"}],"about":[{"href":"https:\/\/www.moskito.cz\/es\/wp-json\/wp\/v2\/types\/product"}],"replies":[{"embeddable":true,"href":"https:\/\/www.moskito.cz\/es\/wp-json\/wp\/v2\/comments?post=342090"}],"wp:featuredmedia":[{"embeddable":true,"href":"https:\/\/www.moskito.cz\/es\/wp-json\/wp\/v2\/media\/342094"}],"wp:attachment":[{"href":"https:\/\/www.moskito.cz\/es\/wp-json\/wp\/v2\/media?parent=342090"}],"wp:term":[{"taxonomy":"pwb-brand","embeddable":true,"href":"https:\/\/www.moskito.cz\/es\/wp-json\/wp\/v2\/pwb-brand?post=342090"},{"taxonomy":"product_brand","embeddable":true,"href":"https:\/\/www.moskito.cz\/es\/wp-json\/wp\/v2\/product_brand?post=342090"},{"taxonomy":"product_cat","embeddable":true,"href":"https:\/\/www.moskito.cz\/es\/wp-json\/wp\/v2\/product_cat?post=342090"},{"taxonomy":"product_tag","embeddable":true,"href":"https:\/\/www.moskito.cz\/es\/wp-json\/wp\/v2\/product_tag?post=342090"}],"curies":[{"name":"wp","href":"https:\/\/api.w.org\/{rel}","templated":true}]}}