{"id":342104,"date":"2021-08-08T21:43:15","date_gmt":"2024-05-22T09:44:10","guid":{"rendered":"https:\/\/www.moskito.cz\/produkt\/cuchillo-fijo-joker-oso-d\/"},"modified":"2025-05-07T11:15:56","modified_gmt":"2025-05-07T10:15:56","slug":"cuchillo-fijo-joker-oso-d","status":"publish","type":"product","link":"https:\/\/www.moskito.cz\/es\/produkt\/cuchillo-fijo-joker-oso-d\/","title":{"rendered":"Cuchillo Fijo Joker OSO-D"},"content":{"rendered":"<p>Cuchillo Fijo <strong>Joker<\/strong> OSO-D.<\/p>\n<p>Detalle del producto:<\/p>\n<p>\u00b7 Longitud de la hoja: 75 mm<\/p>\n<p>\u00b7 Acero: Molibdeno Vanadio<\/p>\n<p>\u00b7 Material mango: Resistencia<\/p>\n<p>\u00b7 Estuche: cuero<\/p>\n<p><strong>Joker<\/strong> &#8211; Somos una empresa espa\u00f1ola de la ciudad de Albacete de renombre mundial, reconocida mundialmente por nuestra fina artesan\u00eda y maestros cuchillos.<\/p>\n<p>Joker elabora cuidadosamente a mano cada una de sus piezas.<\/p>\n<p>Desde su creaci\u00f3n en 1987, Joker siempre se ha esforzado por combinar la artesan\u00eda tradicional con la tecnolog\u00eda m\u00e1s puntera en cada uno de sus productos.<\/p>\n<p>Joker contin\u00faa la orgullosa tradici\u00f3n de los fabricantes de moz espa\u00f1oles, ofreciendo algunas de las mejores hojas y teniendo una de las gamas m\u00e1s grandes del planeta.<\/p>\n","protected":false},"excerpt":{"rendered":"<p>Los cuchillos Joker provienen de la ciudad espa\u00f1ola de Albacete, conocida por la producci\u00f3n tradicional de cuchillos y dagas.<br \/>\n<strong>Dise\u00f1ado y fabricado en Espa\u00f1a (Albacete)<\/strong><\/p>\n","protected":false},"featured_media":342105,"comment_status":"open","ping_status":"closed","template":"","meta":[],"pwb-brand":[3875],"product_brand":[],"product_cat":[3726,3727],"product_tag":[],"class_list":{"0":"post-342104","1":"product","2":"type-product","3":"status-publish","4":"has-post-thumbnail","6":"pwb-brand-bufon","7":"product_cat-cuchillos","8":"product_cat-cuchillos-macizos","10":"first","11":"instock","12":"taxable","13":"shipping-taxable","14":"purchasable","15":"product-type-simple"},"brands":[{"id":3875,"name":"buf\u00f3n","slug":"bufon"}],"_links":{"self":[{"href":"https:\/\/www.moskito.cz\/es\/wp-json\/wp\/v2\/product\/342104","targetHints":{"allow":["GET"]}}],"collection":[{"href":"https:\/\/www.moskito.cz\/es\/wp-json\/wp\/v2\/product"}],"about":[{"href":"https:\/\/www.moskito.cz\/es\/wp-json\/wp\/v2\/types\/product"}],"replies":[{"embeddable":true,"href":"https:\/\/www.moskito.cz\/es\/wp-json\/wp\/v2\/comments?post=342104"}],"wp:featuredmedia":[{"embeddable":true,"href":"https:\/\/www.moskito.cz\/es\/wp-json\/wp\/v2\/media\/342105"}],"wp:attachment":[{"href":"https:\/\/www.moskito.cz\/es\/wp-json\/wp\/v2\/media?parent=342104"}],"wp:term":[{"taxonomy":"pwb-brand","embeddable":true,"href":"https:\/\/www.moskito.cz\/es\/wp-json\/wp\/v2\/pwb-brand?post=342104"},{"taxonomy":"product_brand","embeddable":true,"href":"https:\/\/www.moskito.cz\/es\/wp-json\/wp\/v2\/product_brand?post=342104"},{"taxonomy":"product_cat","embeddable":true,"href":"https:\/\/www.moskito.cz\/es\/wp-json\/wp\/v2\/product_cat?post=342104"},{"taxonomy":"product_tag","embeddable":true,"href":"https:\/\/www.moskito.cz\/es\/wp-json\/wp\/v2\/product_tag?post=342104"}],"curies":[{"name":"wp","href":"https:\/\/api.w.org\/{rel}","templated":true}]}}