{"id":342449,"date":"2024-05-27T16:01:02","date_gmt":"2024-05-27T15:06:06","guid":{"rendered":"https:\/\/www.moskito.cz\/produkt\/cuchillo-de-cierre-microtech-amphibian-apocalyptic-137rl-10apflnc\/"},"modified":"2025-05-07T11:16:04","modified_gmt":"2025-05-07T10:16:04","slug":"cuchillo-de-cierre-microtech-amphibian-apocalyptic-137rl-10apflnc","status":"publish","type":"product","link":"https:\/\/www.moskito.cz\/es\/produkt\/cuchillo-de-cierre-microtech-amphibian-apocalyptic-137rl-10apflnc\/","title":{"rendered":"Cuchillo de Cierre Microtech Amphibian Apocalyptic 137RL-10APFLNC"},"content":{"rendered":"<p>Cuchillo de Cierre <strong>Microtech<\/strong> Amphibian Apocalyptic 137RL-10APFLNC.<\/p>\n<p>Amphibian es un aut\u00e9ntico cl\u00e1sico de Marfione que tiene m\u00e1s de 20 a\u00f1os. Es de los viejos tiempos cuando Microtech Knives pod\u00eda ser autom\u00e1tico y manual&#8230; en uno. Lo que tenemos aqu\u00ed es una versi\u00f3n manual que incorpora el dise\u00f1o RAM-LOK de Tony con un clip de bolsillo ambidiestro y dos pasadores para el pulgar para un cuchillo totalmente ambidiestro que no sacrifica nada de ninguna manera. Cuenta con la hoja de acero patentada Bohler M390MK disponible solo en Microtech Knives. El cuchillo es similar al modelo MSI Microtech Standard en t\u00e9rminos de tama\u00f1o, pero en t\u00e9rminos de estilo no hay comparaci\u00f3n. \u00a1El Amphibian es uno de los dise\u00f1os de cuchillos t\u00e1cticos m\u00e1s geniales de todos los tiempos y nos alegra que est\u00e9 de regreso y disponible para las masas!<\/p>\n<p>Este Natural Clear OTF est\u00e1 anodizado de una manera que le da a los materiales un hermoso aspecto natural. El proceso de anodizado tambi\u00e9n proporciona una capa protectora fuerte, por lo que esta pieza est\u00e1 lista para un uso intensivo.<br \/>\nEspecificaciones:<\/p>\n<p>Longitud de la hoja: 9,67 cm<br \/>\nLongitud total: 13,42 cm.<br \/>\nAcero de la hoja: acero inoxidable Bohler M390MK<br \/>\nEstilo de hoja: Punta de clip<br \/>\nRectificado de cuchillas: hueca<br \/>\nAcabado de la hoja: Apocal\u00edptico<br \/>\nMaterial del mango: aleaci\u00f3n de grado de artiller\u00eda 7075-T6, estriada, transparente y natural.<br \/>\nMecanismo de bloqueo: RAM-LOK<br \/>\nClip de bolsillo: Titanio (plegable, uso izquierdo\/derecho)<br \/>\nPeso: 6,49 onzas.<br \/>\nDise\u00f1ador: Tony Marfione<br \/>\nHecho en EE.UU<\/p>\n<p><iframe title=\"Microtech Combat Troodon Torture Test\" width=\"800\" height=\"450\" src=\"https:\/\/www.youtube.com\/embed\/xE9TeOFYEjg?feature=oembed\" frameborder=\"0\" allow=\"accelerometer; autoplay; clipboard-write; encrypted-media; gyroscope; picture-in-picture; web-share\" referrerpolicy=\"strict-origin-when-cross-origin\" allowfullscreen><\/iframe><\/p>\n<p>&nbsp;<\/p>\n","protected":false},"excerpt":{"rendered":"<div class=\"elementor-element elementor-element-bbb542b elementor-widget elementor-widget-woocommerce-product-short-description\" data-id=\"bbb542b\" data-element_type=\"widget\" data-widget_type=\"woocommerce-product-short-description.default\">\n<div class=\"elementor-widget-container\">\n<div class=\"woocommerce-product-details__short-description\">\n<div class=\"elementor-element elementor-element-bbb542b elementor-widget elementor-widget-woocommerce-product-short-description\" data-id=\"bbb542b\" data-element_type=\"widget\" data-widget_type=\"woocommerce-product-short-description.default\">\n<div class=\"elementor-widget-container\">\n<div class=\"woocommerce-product-details__short-description\">\n<div class=\"elementor-element elementor-element-bbb542b elementor-widget elementor-widget-woocommerce-product-short-description\" data-id=\"bbb542b\" data-element_type=\"widget\" data-widget_type=\"woocommerce-product-short-description.default\">\n<div class=\"elementor-widget-container\">\n<div class=\"woocommerce-product-details__short-description\">\n<div class=\"elementor-element elementor-element-bbb542b elementor-widget elementor-widget-woocommerce-product-short-description\" data-id=\"bbb542b\" data-element_type=\"widget\" data-widget_type=\"woocommerce-product-short-description.default\">\n<div class=\"elementor-widget-container\">\n<div class=\"woocommerce-product-details__short-description\">\n<div class=\"elementor-element elementor-element-bbb542b elementor-widget elementor-widget-woocommerce-product-short-description\" data-id=\"bbb542b\" data-element_type=\"widget\" data-widget_type=\"woocommerce-product-short-description.default\">\n<div class=\"elementor-widget-container\">\n<div class=\"woocommerce-product-details__short-description\">\n<p><strong>A lo largo de los a\u00f1os, Microtech\u00ae Knives ha llenado los cuchillos con pasi\u00f3n y habilidad para crear casi obras de arte que son el pin\u00e1culo de la funcionalidad. Todas las piezas se fabrican en los EE. UU.<\/strong><br \/>\n<strong>Todos los cuchillos Microtech vienen con una garant\u00eda de por vida.<\/strong><\/p>\n<p><strong>Transporte gratuito.<\/strong><\/p>\n<\/div>\n<\/div>\n<\/div>\n<\/div>\n<\/div>\n<\/div>\n<\/div>\n<\/div>\n<\/div>\n<\/div>\n<\/div>\n<\/div>\n<\/div>\n<\/div>\n<\/div>\n","protected":false},"featured_media":342409,"comment_status":"open","ping_status":"closed","template":"","meta":[],"pwb-brand":[3752],"product_brand":[],"product_cat":[3730,3726],"product_tag":[3756],"class_list":{"0":"post-342449","1":"product","2":"type-product","3":"status-publish","4":"has-post-thumbnail","6":"pwb-brand-microtecnologia","7":"product_cat-cuchillas-de-cierre","8":"product_cat-cuchillos","9":"product_tag-b2b-es","11":"first","12":"outofstock","13":"taxable","14":"shipping-taxable","15":"purchasable","16":"product-type-simple"},"brands":[{"id":3752,"name":"microtecnolog\u00eda","slug":"microtecnologia"}],"_links":{"self":[{"href":"https:\/\/www.moskito.cz\/es\/wp-json\/wp\/v2\/product\/342449","targetHints":{"allow":["GET"]}}],"collection":[{"href":"https:\/\/www.moskito.cz\/es\/wp-json\/wp\/v2\/product"}],"about":[{"href":"https:\/\/www.moskito.cz\/es\/wp-json\/wp\/v2\/types\/product"}],"replies":[{"embeddable":true,"href":"https:\/\/www.moskito.cz\/es\/wp-json\/wp\/v2\/comments?post=342449"}],"wp:featuredmedia":[{"embeddable":true,"href":"https:\/\/www.moskito.cz\/es\/wp-json\/wp\/v2\/media\/342409"}],"wp:attachment":[{"href":"https:\/\/www.moskito.cz\/es\/wp-json\/wp\/v2\/media?parent=342449"}],"wp:term":[{"taxonomy":"pwb-brand","embeddable":true,"href":"https:\/\/www.moskito.cz\/es\/wp-json\/wp\/v2\/pwb-brand?post=342449"},{"taxonomy":"product_brand","embeddable":true,"href":"https:\/\/www.moskito.cz\/es\/wp-json\/wp\/v2\/product_brand?post=342449"},{"taxonomy":"product_cat","embeddable":true,"href":"https:\/\/www.moskito.cz\/es\/wp-json\/wp\/v2\/product_cat?post=342449"},{"taxonomy":"product_tag","embeddable":true,"href":"https:\/\/www.moskito.cz\/es\/wp-json\/wp\/v2\/product_tag?post=342449"}],"curies":[{"name":"wp","href":"https:\/\/api.w.org\/{rel}","templated":true}]}}