{"id":342548,"date":"2024-05-27T18:33:52","date_gmt":"2024-05-27T17:38:20","guid":{"rendered":"https:\/\/www.moskito.cz\/produkt\/spyderco-spydercoin-2023\/"},"modified":"2025-05-07T11:16:07","modified_gmt":"2025-05-07T10:16:07","slug":"spyderco-spydercoin-2023","status":"publish","type":"product","link":"https:\/\/www.moskito.cz\/es\/produkt\/spyderco-spydercoin-2023\/","title":{"rendered":"Spyderco SPYDERCOIN 2023"},"content":{"rendered":"<p><strong>Spyderco<\/strong> SPYDERCOIN 2023.<\/p>\n<p><strong>La SpyderCoin\u2122 2023<\/strong> reconoce el apoyo inquebrantable de Spyderco al personal militar y policial de nuestra naci\u00f3n y su compromiso de preservar nuestra forma de vida. Es un reflejo vivo de los valores de nuestra sociedad, que nos recuerda que \u00abes responsabilidad del bien evitar que el mal da\u00f1e a los inocentes\u00bb y nos anima a \u00abnunca rendirnos\u00bb, \u00abnunca retroceder\u00bb y \u00abnunca retroceder\u00bb. . Esta moneda est\u00e1 acu\u00f1ada de forma personalizada con la forma \u00fanica del tri\u00e1ngulo de Reuleaux, con un color relleno de esmalte azul y blanco y lleva con orgullo el logotipo de Spyderco y el a\u00f1o \u201c2023\u201d.<\/p>\n","protected":false},"excerpt":{"rendered":"<p><strong>Spyderco SPYDERCOIN 2023<\/strong><\/p>\n","protected":false},"featured_media":342547,"comment_status":"open","ping_status":"closed","template":"","meta":[],"pwb-brand":[3771],"product_brand":[],"product_cat":[3730,3726],"product_tag":[3756],"class_list":{"0":"post-342548","1":"product","2":"type-product","3":"status-publish","4":"has-post-thumbnail","6":"pwb-brand-spyderco-es","7":"product_cat-cuchillas-de-cierre","8":"product_cat-cuchillos","9":"product_tag-b2b-es","11":"first","12":"instock","13":"taxable","14":"shipping-taxable","15":"purchasable","16":"product-type-simple"},"brands":[{"id":3771,"name":"spyderco","slug":"spyderco-es"}],"_links":{"self":[{"href":"https:\/\/www.moskito.cz\/es\/wp-json\/wp\/v2\/product\/342548","targetHints":{"allow":["GET"]}}],"collection":[{"href":"https:\/\/www.moskito.cz\/es\/wp-json\/wp\/v2\/product"}],"about":[{"href":"https:\/\/www.moskito.cz\/es\/wp-json\/wp\/v2\/types\/product"}],"replies":[{"embeddable":true,"href":"https:\/\/www.moskito.cz\/es\/wp-json\/wp\/v2\/comments?post=342548"}],"wp:featuredmedia":[{"embeddable":true,"href":"https:\/\/www.moskito.cz\/es\/wp-json\/wp\/v2\/media\/342547"}],"wp:attachment":[{"href":"https:\/\/www.moskito.cz\/es\/wp-json\/wp\/v2\/media?parent=342548"}],"wp:term":[{"taxonomy":"pwb-brand","embeddable":true,"href":"https:\/\/www.moskito.cz\/es\/wp-json\/wp\/v2\/pwb-brand?post=342548"},{"taxonomy":"product_brand","embeddable":true,"href":"https:\/\/www.moskito.cz\/es\/wp-json\/wp\/v2\/product_brand?post=342548"},{"taxonomy":"product_cat","embeddable":true,"href":"https:\/\/www.moskito.cz\/es\/wp-json\/wp\/v2\/product_cat?post=342548"},{"taxonomy":"product_tag","embeddable":true,"href":"https:\/\/www.moskito.cz\/es\/wp-json\/wp\/v2\/product_tag?post=342548"}],"curies":[{"name":"wp","href":"https:\/\/api.w.org\/{rel}","templated":true}]}}