{"id":342601,"date":"2024-05-27T18:51:54","date_gmt":"2024-05-28T17:41:52","guid":{"rendered":"https:\/\/www.moskito.cz\/produkt\/cuchillo-de-tiro-heretic-knives-colossus-h039-10a-org\/"},"modified":"2025-05-07T11:16:10","modified_gmt":"2025-05-07T10:16:10","slug":"cuchillo-de-tiro-heretic-knives-colossus-h039-10a-org","status":"publish","type":"product","link":"https:\/\/www.moskito.cz\/es\/produkt\/cuchillo-de-tiro-heretic-knives-colossus-h039-10a-org\/","title":{"rendered":"Cuchillo de tiro Heretic Knives Colossus H039-10A-ORG"},"content":{"rendered":"<p>Cuchillo de tiro <strong>Heretic<\/strong> Knives Colossus H039-10A-ORG.<\/p>\n<p>El OTF Auto Double Action Colossus presenta una apariencia intrincada, dureza exagerada, acci\u00f3n m\u00e1s r\u00e1pida que un rayo y el ajuste y acabado que esperar\u00edas de un cuchillo de alta gama. La hoja est\u00e1 hecha de acero inoxidable CPM-MagnaCut con una forma de clip de un solo filo que es simplemente excelente. El enorme cuerpo de aluminio es excepcionalmente ergon\u00f3mico y tiene innumerables almohadillas de tracci\u00f3n negras a cada lado. El clip de bolsillo de doble cara es lo mejor de este cuchillo. Mantiene el cuchillo de forma segura en su bolsillo y le quita un poco de la ergonom\u00eda que amamos. La hoja viene con una botella de OTF Knife Lube y se fabric\u00f3 con orgullo en los EE. UU.<\/p>\n<p>Especificaciones:<br \/>\nLongitud de la hoja: 9 cm<br \/>\nLongitud total: 22 cm<br \/>\nMaterial de la hoja: CPM-MagnaCut Acero inoxidable<br \/>\nGrosor de la hoja: 0,144&#8243;<br \/>\nEstilo de hoja: Punta de clip<br \/>\nRectificado de la hoja: Plano<br \/>\nAcabado de la pala: Negro bicolor<br \/>\nMaterial del mango: Aluminio naranja con inserciones de tracci\u00f3n negras<br \/>\nMecanismo de bloqueo: Deslizante<br \/>\nClip de bolsillo: Acero inoxidable con transferencia profunda (plegable hacia abajo, derecha\/izquierda)<br \/>\nPeso: 4,66 onzas.<br \/>\nDise\u00f1ador: Tony Marfione Jr.<br \/>\nHecho a mano en los EE.UU.<\/p>\n","protected":false},"excerpt":{"rendered":"<p><strong>Todos nuestros cuchillos est\u00e1n fabricados en los EE. UU. y lo mantendremos as\u00ed. Cuando compra uno de nuestros cuchillos, puede confiar en su herramienta sabiendo que est\u00e1 respaldada por una empresa estadounidense. \u00a1Nuestros cuchillos se fabrican en peque\u00f1os lotes para garantizar que obtenga un cuchillo de calidad que reciba la atenci\u00f3n que otros cuchillos producidos en masa no reciben!<\/strong><\/p>\n<p><strong>Transporte gratuito.<\/strong><\/p>\n","protected":false},"featured_media":342563,"comment_status":"open","ping_status":"closed","template":"","meta":[],"pwb-brand":[3757],"product_brand":[],"product_cat":[3726,3729],"product_tag":[3756],"class_list":{"0":"post-342601","1":"product","2":"type-product","3":"status-publish","4":"has-post-thumbnail","6":"pwb-brand-cuchillos-herejes","7":"product_cat-cuchillos","8":"product_cat-cuchillos-de-tiro","9":"product_tag-b2b-es","11":"first","12":"instock","13":"taxable","14":"shipping-taxable","15":"purchasable","16":"product-type-simple"},"brands":[{"id":3757,"name":"Cuchillos herejes","slug":"cuchillos-herejes"}],"_links":{"self":[{"href":"https:\/\/www.moskito.cz\/es\/wp-json\/wp\/v2\/product\/342601","targetHints":{"allow":["GET"]}}],"collection":[{"href":"https:\/\/www.moskito.cz\/es\/wp-json\/wp\/v2\/product"}],"about":[{"href":"https:\/\/www.moskito.cz\/es\/wp-json\/wp\/v2\/types\/product"}],"replies":[{"embeddable":true,"href":"https:\/\/www.moskito.cz\/es\/wp-json\/wp\/v2\/comments?post=342601"}],"wp:featuredmedia":[{"embeddable":true,"href":"https:\/\/www.moskito.cz\/es\/wp-json\/wp\/v2\/media\/342563"}],"wp:attachment":[{"href":"https:\/\/www.moskito.cz\/es\/wp-json\/wp\/v2\/media?parent=342601"}],"wp:term":[{"taxonomy":"pwb-brand","embeddable":true,"href":"https:\/\/www.moskito.cz\/es\/wp-json\/wp\/v2\/pwb-brand?post=342601"},{"taxonomy":"product_brand","embeddable":true,"href":"https:\/\/www.moskito.cz\/es\/wp-json\/wp\/v2\/product_brand?post=342601"},{"taxonomy":"product_cat","embeddable":true,"href":"https:\/\/www.moskito.cz\/es\/wp-json\/wp\/v2\/product_cat?post=342601"},{"taxonomy":"product_tag","embeddable":true,"href":"https:\/\/www.moskito.cz\/es\/wp-json\/wp\/v2\/product_tag?post=342601"}],"curies":[{"name":"wp","href":"https:\/\/api.w.org\/{rel}","templated":true}]}}