{"id":342647,"date":"2024-05-28T19:05:23","date_gmt":"2024-05-28T18:09:51","guid":{"rendered":"https:\/\/www.moskito.cz\/produkt\/cuchillo-de-cierre-sog-stout-sj\/"},"modified":"2025-05-07T11:16:12","modified_gmt":"2025-05-07T10:16:12","slug":"cuchillo-de-cierre-sog-stout-sj","status":"publish","type":"product","link":"https:\/\/www.moskito.cz\/es\/produkt\/cuchillo-de-cierre-sog-stout-sj\/","title":{"rendered":"Cuchillo de cierre SOG STOUT SJ"},"content":{"rendered":"<p>Cuchillo de cierre <strong>SOG<\/strong> STOUT SJ.<\/p>\n<p>El Stout SJ es el resultado de una colaboraci\u00f3n entre el dise\u00f1ador de cuchillos dan\u00e9s Mikkel Willumsen y el fundador de SOG, Spencer Frazer. Con hoja de acero CRYO D2 negra, estructura de acero inoxidable y mango resistente G10. Dise\u00f1ado para ser seguro, este producto estrella para el uso diario ofrece una apertura y cierre f\u00e1ciles y suaves con una posici\u00f3n abierta fuerte y segura.<\/p>\n<p>Hoja afilada de acero CRYO D2 con revestimiento negro, mangos G10 con agarre y mecanismo de articulaci\u00f3n deslizante dise\u00f1ado para ser seguro y f\u00e1cil de transportar.<\/p>\n<p>ACERO CRIO D2<br \/>\nUn acero para herramientas vers\u00e1til con alto contenido de carbono que recibe un tratamiento t\u00e9rmico criog\u00e9nico seg\u00fan las especificaciones de rendimiento \u00fanicas de SOG. D2 proporciona la combinaci\u00f3n ideal de retenci\u00f3n de bordes y durabilidad para uso a largo plazo.<\/p>\n<p>CONEXI\u00d3N DESLIZANTE<br \/>\nEquipado con un elegante mecanismo de articulaci\u00f3n deslizante que mantiene la hoja abierta con un resorte y se cierra manualmente una vez superada la fuerza del resorte. Apertura y cierre suaves con una determinada posici\u00f3n de apertura.<\/p>\n<p>MANGO G10<br \/>\nEl mango G10 con microtextura de agarre tiene un clip reversible que se puede montar para usarlo con la mano izquierda o derecha.<\/p>\n<p>LARGO DEL MANGO: 9,4 cm<br \/>\nGROSOR DE LA HOJA: 0,37 cm<br \/>\nMATERIAL DEL MANGO: G10<br \/>\nDe color negro<br \/>\nLARGO DE LA HOJA: 6,6 cm<br \/>\nACERO: CRIO D2<br \/>\nTIPO DE FUSIBLE: Junta deslizante<\/p>\n<p>&nbsp;<\/p>\n<p>&nbsp;<\/p>\n","protected":false},"excerpt":{"rendered":"<p><strong>El Stout SJ es el resultado de una colaboraci\u00f3n entre el dise\u00f1ador de cuchillos dan\u00e9s Mikkel Willumsen y el fundador de SOG, Spencer Frazer. Es un viajero mundial de la familia Stout.<\/strong><\/p>\n","protected":false},"featured_media":342617,"comment_status":"open","ping_status":"closed","template":"","meta":[],"pwb-brand":[3848],"product_brand":[],"product_cat":[3730,3726],"product_tag":[3756],"class_list":{"0":"post-342647","1":"product","2":"type-product","3":"status-publish","4":"has-post-thumbnail","6":"pwb-brand-sog-es","7":"product_cat-cuchillas-de-cierre","8":"product_cat-cuchillos","9":"product_tag-b2b-es","11":"first","12":"instock","13":"taxable","14":"shipping-taxable","15":"purchasable","16":"product-type-simple"},"brands":[{"id":3848,"name":"SOG","slug":"sog-es"}],"_links":{"self":[{"href":"https:\/\/www.moskito.cz\/es\/wp-json\/wp\/v2\/product\/342647","targetHints":{"allow":["GET"]}}],"collection":[{"href":"https:\/\/www.moskito.cz\/es\/wp-json\/wp\/v2\/product"}],"about":[{"href":"https:\/\/www.moskito.cz\/es\/wp-json\/wp\/v2\/types\/product"}],"replies":[{"embeddable":true,"href":"https:\/\/www.moskito.cz\/es\/wp-json\/wp\/v2\/comments?post=342647"}],"wp:featuredmedia":[{"embeddable":true,"href":"https:\/\/www.moskito.cz\/es\/wp-json\/wp\/v2\/media\/342617"}],"wp:attachment":[{"href":"https:\/\/www.moskito.cz\/es\/wp-json\/wp\/v2\/media?parent=342647"}],"wp:term":[{"taxonomy":"pwb-brand","embeddable":true,"href":"https:\/\/www.moskito.cz\/es\/wp-json\/wp\/v2\/pwb-brand?post=342647"},{"taxonomy":"product_brand","embeddable":true,"href":"https:\/\/www.moskito.cz\/es\/wp-json\/wp\/v2\/product_brand?post=342647"},{"taxonomy":"product_cat","embeddable":true,"href":"https:\/\/www.moskito.cz\/es\/wp-json\/wp\/v2\/product_cat?post=342647"},{"taxonomy":"product_tag","embeddable":true,"href":"https:\/\/www.moskito.cz\/es\/wp-json\/wp\/v2\/product_tag?post=342647"}],"curies":[{"name":"wp","href":"https:\/\/api.w.org\/{rel}","templated":true}]}}