{"id":342831,"date":"2024-05-28T20:10:21","date_gmt":"2024-05-28T19:14:47","guid":{"rendered":"https:\/\/www.moskito.cz\/produkt\/cuchillo-de-cierre-sog-twitch-iii\/"},"modified":"2025-05-07T11:16:17","modified_gmt":"2025-05-07T10:16:17","slug":"cuchillo-de-cierre-sog-twitch-iii","status":"publish","type":"product","link":"https:\/\/www.moskito.cz\/es\/produkt\/cuchillo-de-cierre-sog-twitch-iii\/","title":{"rendered":"Cuchillo de cierre SOG TWITCH III"},"content":{"rendered":"<p>Cuchillo de Cierre <strong>SOG<\/strong> TWITCH III.<\/p>\n<p>Elegante, fuerte y mejorada con una hoja de acero mejorada de 154 cm, nuestra navaja plegable Twitch III lleva la popular serie Twitch al siguiente nivel. Twitch III presenta un perfil delgado que permite una f\u00e1cil portabilidad y manejo. Nuestra confiable tecnolog\u00eda asistida permite una implementaci\u00f3n r\u00e1pida con una sola mano. La hoja de despliegue r\u00e1pido de 3,1 pulgadas est\u00e1 unida a un aluminio texturizado cuidadosamente moldeado. Su confiable mecanismo de bloqueo mantiene la hoja en su lugar de forma segura durante el uso, para que usted est\u00e9 seguro y sin preocupaciones.<\/p>\n<p>Mango de ALUMINIO 6061<br \/>\nUna combinaci\u00f3n ganadora. Delgado y liviano para facilitar su transporte. Sutilmente texturizado para un agarre seguro, acabado con un clip de bolsillo profundo de doble cara.<\/p>\n<p>APERTURA S\u00daPER R\u00c1PIDA<br \/>\nApertura extremadamente r\u00e1pida con una sola mano con botones dobles para el pulgar o patada en la espalda. Un simple bloqueo del lomo bloquea de forma segura la hoja en su lugar durante el uso.<\/p>\n<p>HOJA DE ACERO 154CM<br \/>\nLa robusta hoja endurecida CRYO de 154 CM mantendr\u00e1 su filo para cualquier corte en casa, en el trabajo o incluso en el bosque.<\/p>\n<p>COLOR: sat\u00e9n<br \/>\nPESO: 74g<br \/>\nMATERIAL DEL MANGO: Aluminio 6061<br \/>\nLARGO DE LA HOJA: 7,9 cm<br \/>\nGROSOR DE LA HOJA: 0,25 cm<br \/>\nTIPO DE FUSIBLE: LockBack<br \/>\nACERO: 154CM<br \/>\nTAMA\u00d1O TOTAL: 17,8 cm<br \/>\nLARGO DEL MANGO: 10,4 cm<\/p>\n<p>&nbsp;<\/p>\n<p><iframe title=\"Twitch III\" width=\"800\" height=\"450\" src=\"https:\/\/www.youtube.com\/embed\/FghDrJM7ITA?feature=oembed\" frameborder=\"0\" allow=\"accelerometer; autoplay; clipboard-write; encrypted-media; gyroscope; picture-in-picture; web-share\" referrerpolicy=\"strict-origin-when-cross-origin\" allowfullscreen><\/iframe><\/p>\n<p>&nbsp;<\/p>\n","protected":false},"excerpt":{"rendered":"<p><strong>Delgado, ligero, de doble cara y f\u00e1cil de abrir con una mano gracias a la tecnolog\u00eda de apertura asistida SOG. Con un r\u00e1pido movimiento de los pasadores o expulsores, la hoja se abre con un clic satisfactorio.<\/strong><\/p>\n","protected":false},"featured_media":342774,"comment_status":"open","ping_status":"closed","template":"","meta":[],"pwb-brand":[3848],"product_brand":[],"product_cat":[3730,3726],"product_tag":[3756],"class_list":{"0":"post-342831","1":"product","2":"type-product","3":"status-publish","4":"has-post-thumbnail","6":"pwb-brand-sog-es","7":"product_cat-cuchillas-de-cierre","8":"product_cat-cuchillos","9":"product_tag-b2b-es","11":"first","12":"instock","13":"taxable","14":"shipping-taxable","15":"purchasable","16":"product-type-simple"},"brands":[{"id":3848,"name":"SOG","slug":"sog-es"}],"_links":{"self":[{"href":"https:\/\/www.moskito.cz\/es\/wp-json\/wp\/v2\/product\/342831","targetHints":{"allow":["GET"]}}],"collection":[{"href":"https:\/\/www.moskito.cz\/es\/wp-json\/wp\/v2\/product"}],"about":[{"href":"https:\/\/www.moskito.cz\/es\/wp-json\/wp\/v2\/types\/product"}],"replies":[{"embeddable":true,"href":"https:\/\/www.moskito.cz\/es\/wp-json\/wp\/v2\/comments?post=342831"}],"wp:featuredmedia":[{"embeddable":true,"href":"https:\/\/www.moskito.cz\/es\/wp-json\/wp\/v2\/media\/342774"}],"wp:attachment":[{"href":"https:\/\/www.moskito.cz\/es\/wp-json\/wp\/v2\/media?parent=342831"}],"wp:term":[{"taxonomy":"pwb-brand","embeddable":true,"href":"https:\/\/www.moskito.cz\/es\/wp-json\/wp\/v2\/pwb-brand?post=342831"},{"taxonomy":"product_brand","embeddable":true,"href":"https:\/\/www.moskito.cz\/es\/wp-json\/wp\/v2\/product_brand?post=342831"},{"taxonomy":"product_cat","embeddable":true,"href":"https:\/\/www.moskito.cz\/es\/wp-json\/wp\/v2\/product_cat?post=342831"},{"taxonomy":"product_tag","embeddable":true,"href":"https:\/\/www.moskito.cz\/es\/wp-json\/wp\/v2\/product_tag?post=342831"}],"curies":[{"name":"wp","href":"https:\/\/api.w.org\/{rel}","templated":true}]}}