{"id":342883,"date":"2024-05-28T20:26:59","date_gmt":"2024-05-28T19:30:06","guid":{"rendered":"https:\/\/www.moskito.cz\/produkt\/cuchillo-cerrador-sog-adventurer-lb-2\/"},"modified":"2025-05-07T11:16:17","modified_gmt":"2025-05-07T10:16:17","slug":"cuchillo-cerrador-sog-adventurer-lb-2","status":"publish","type":"product","link":"https:\/\/www.moskito.cz\/es\/produkt\/cuchillo-cerrador-sog-adventurer-lb-2\/","title":{"rendered":"Cuchillo Cerrador SOG ADVENTURER LB"},"content":{"rendered":"<p>Cuchillo Cerrador <strong>SOG<\/strong> ADVENTURER LB.<\/p>\n<p>Lo m\u00e1s probable es que tu padre o tu abuelo llevaran una navaja plegable con candado. Este mecanismo cl\u00e1sico y sencillo se caracteriza por ser ligero, fiable y duradero. Tambi\u00e9n es seguro de usar con un candado s\u00f3lido que evita el cierre accidental y la apertura inesperada de su bolsillo. Nuestro dise\u00f1o actualizado presenta una hoja endurecida 5CR15MOV CRYO con un acabado TiNi que tiene las propiedades del acero inoxidable para resistir la corrosi\u00f3n y el deslustre junto con una dureza media para una buena retenci\u00f3n de los bordes y facilidad de afilado. El mango de nailon reforzado con vidrio tiene textura para un agarre seguro y, al mismo tiempo, es liviano y resistente. El vers\u00e1til clip de bolsillo para transporte profundo presenta un dise\u00f1o de doble cara.<\/p>\n<p>Esta no es la navaja de tu abuelo. Cuenta con una hoja afilada de acero 5CR15MOV endurecido CRYO que resiste la corrosi\u00f3n y las manchas. El mango de nailon reforzado con vidrio, duradero y de gran textura, garantiza un agarre firme en condiciones h\u00famedas y secas. El clip de bolsillo de doble cara te permite llevarlo como quieras.<\/p>\n<p>ACERO CRIO 5CR15MOV<br \/>\nCreemos que el acero CRYO 5CR15MOV tiene una gran relaci\u00f3n calidad-precio. Tiene las cualidades que desea del acero inoxidable, incluida la resistencia a la corrosi\u00f3n y a las manchas. El endurecimiento CRYO garantiza que mantendr\u00e1 un borde afilado y su suave dureza es ideal para usuarios que disfrutan afilando sus propios cuchillos.<\/p>\n<p>MANGO VERDE<br \/>\nLos mangos de nailon reforzado con fibra de vidrio son ideales para uso en exteriores, ya que su ligereza hace que sean f\u00e1ciles de guardar. Las fibras de vidrio integradas en la matriz de nailon aumentan significativamente la resistencia y durabilidad del mango durante el uso exigente en exteriores. Los mangos GRN tienen una resistencia inherente a la humedad, lo que los hace ideales tambi\u00e9n para uso en exteriores.<br \/>\nEl mecanismo de bloqueo es una excelente opci\u00f3n para uso en exteriores debido a su dise\u00f1o liviano y simple. Con su simplicidad, no hay muchas cosas que puedan salir mal. Pero no se deje enga\u00f1ar por el dise\u00f1o simple, ya que este dise\u00f1o es conocido por una cerradura s\u00f3lida y segura. Algo en lo que puedes confiar cuando est\u00e1s en el bosque.<\/p>\n<p>LARGO TOTAL: 19 cm<br \/>\nLARGO DE LA HOJA: 7,5 cm<br \/>\nTIPO DE CLIP PARA CINTUR\u00d3N: Reversible de transporte bajo<br \/>\nACABADO: Nitruro de titanio<br \/>\nTIPO DE BORDE: Recto<br \/>\nTIPO DE HOJA DE ACERO: CRYO 5CR15MOV<br \/>\nFORMA DE LA HOJA: Punto de ca\u00edda<br \/>\nMATERIAL DEL MANGO: VERDE<br \/>\nCOLOR DEL MANGO: Naranja<\/p>\n<p>&nbsp;<\/p>\n<p><iframe title=\"Adventurer LB\" width=\"800\" height=\"450\" src=\"https:\/\/www.youtube.com\/embed\/plY3yDDxUQI?feature=oembed\" frameborder=\"0\" allow=\"accelerometer; autoplay; clipboard-write; encrypted-media; gyroscope; picture-in-picture; web-share\" referrerpolicy=\"strict-origin-when-cross-origin\" allowfullscreen><\/iframe><\/p>\n","protected":false},"excerpt":{"rendered":"<p><strong>Los entusiastas de los cuchillos han admirado durante mucho tiempo el dise\u00f1o elegante y simple con cerradura que tiene todos los beneficios adecuados para uso en exteriores&#8230; liviano, seguro y duradero.<\/strong><\/p>\n","protected":false},"featured_media":342839,"comment_status":"open","ping_status":"closed","template":"","meta":[],"pwb-brand":[3848],"product_brand":[],"product_cat":[3730,3726],"product_tag":[3756],"class_list":{"0":"post-342883","1":"product","2":"type-product","3":"status-publish","4":"has-post-thumbnail","6":"pwb-brand-sog-es","7":"product_cat-cuchillas-de-cierre","8":"product_cat-cuchillos","9":"product_tag-b2b-es","11":"first","12":"instock","13":"taxable","14":"shipping-taxable","15":"purchasable","16":"product-type-simple"},"brands":[{"id":3848,"name":"SOG","slug":"sog-es"}],"_links":{"self":[{"href":"https:\/\/www.moskito.cz\/es\/wp-json\/wp\/v2\/product\/342883","targetHints":{"allow":["GET"]}}],"collection":[{"href":"https:\/\/www.moskito.cz\/es\/wp-json\/wp\/v2\/product"}],"about":[{"href":"https:\/\/www.moskito.cz\/es\/wp-json\/wp\/v2\/types\/product"}],"replies":[{"embeddable":true,"href":"https:\/\/www.moskito.cz\/es\/wp-json\/wp\/v2\/comments?post=342883"}],"wp:featuredmedia":[{"embeddable":true,"href":"https:\/\/www.moskito.cz\/es\/wp-json\/wp\/v2\/media\/342839"}],"wp:attachment":[{"href":"https:\/\/www.moskito.cz\/es\/wp-json\/wp\/v2\/media?parent=342883"}],"wp:term":[{"taxonomy":"pwb-brand","embeddable":true,"href":"https:\/\/www.moskito.cz\/es\/wp-json\/wp\/v2\/pwb-brand?post=342883"},{"taxonomy":"product_brand","embeddable":true,"href":"https:\/\/www.moskito.cz\/es\/wp-json\/wp\/v2\/product_brand?post=342883"},{"taxonomy":"product_cat","embeddable":true,"href":"https:\/\/www.moskito.cz\/es\/wp-json\/wp\/v2\/product_cat?post=342883"},{"taxonomy":"product_tag","embeddable":true,"href":"https:\/\/www.moskito.cz\/es\/wp-json\/wp\/v2\/product_tag?post=342883"}],"curies":[{"name":"wp","href":"https:\/\/api.w.org\/{rel}","templated":true}]}}