{"id":343262,"date":"2021-03-22T21:33:01","date_gmt":"2024-05-31T11:25:07","guid":{"rendered":"https:\/\/www.moskito.cz\/produkt\/cuchillo-de-tiro-microtech-utx-70-ca148-10\/"},"modified":"2025-07-11T07:53:46","modified_gmt":"2025-07-11T06:53:46","slug":"cuchillo-de-tiro-microtech-utx-70-ca148-10","status":"publish","type":"product","link":"https:\/\/www.moskito.cz\/es\/produkt\/cuchillo-de-tiro-microtech-utx-70-ca148-10\/","title":{"rendered":"Cuchillo de tiro Microtech UTX-70 CA148-10"},"content":{"rendered":"<p>Cuchillo de tiro <strong>Microtech<\/strong> UTX-70 CA148-10.<\/p>\n<p><strong>El UTX-70<\/strong> es la combinaci\u00f3n perfecta de tama\u00f1o compacto y gran rendimiento. <strong>El UTX-70<\/strong> est\u00e1 fabricado con los mismos materiales, en las mismas m\u00e1quinas y con el mismo ingenio que su predecesor. <strong>El UTX-70<\/strong> es el cuchillo perfecto para todas las situaciones, sin importar cu\u00e1l sea su tarea de corte, y se adaptar\u00e1 perfectamente a su estilo de vida. Con apertura y cierre r\u00e1pidos con una sola mano, hace el trabajo en segundos. El UTX-70 tiene muchas opciones disponibles, como estilos de borde simple, borde doble o tanto. El cuchillo est\u00e1 equipado con un clip de bolsillo de doble cara en un tama\u00f1o compacto, que es una opci\u00f3n ideal para el uso y transporte diario.<\/p>\n<p>Longitud total: 13 cm<br \/>\nLongitud de la hoja: 4,9 cm<br \/>\nGrosor de la hoja: 0,2 cm.<br \/>\nMaterial de la hoja: Bohler M390<br \/>\nDureza: 59-60 \u00b0C<br \/>\nEstilo de hoja: Punto de ca\u00edda<br \/>\nInserciones: planas<br \/>\nTipo de borde: liso<br \/>\nLongitud del mango: 8,05 cm<br \/>\nGrosor del mango: 0,8 cm.<br \/>\nMaterial del mango: aluminio<br \/>\nPeso: 1,24 onzas.<br \/>\nUsuario: mano derecha<br \/>\nClip de bolsillo: inclinado hacia abajo<br \/>\nTipo de cuchillo: OTF de doble acci\u00f3n autom\u00e1tico<br \/>\nAbridor: Diapositiva del pulgar<br \/>\nMarca: Microtech<br \/>\nModelo: UTX-70<br \/>\nN\u00famero de modelo: CAS148-10<br \/>\nPa\u00eds de origen: EE.UU.<br \/>\nMejor uso: transporte diario, t\u00e1ctico<\/p>\n<div class=\"description\">\n<p>El UTX-70 es la combinaci\u00f3n perfecta de tama\u00f1o compacto y gran rendimiento. Con una fracci\u00f3n del tama\u00f1o del <a href=\"https:\/\/www.knifecenter.com\/kc_new\/store_store.html?ttl=Microtech%20Ultratech%20OTF%20Knives&amp;srch=eqCATE%20CODEdatarq%3Dmt%26waDESCRIPTIONdatarq%3Dultratech\" target=\"_blank\" rel=\"noopener\">Ultratech<\/a> , el UTX-70 est\u00e1 fabricado con el mismo material, en las mismas m\u00e1quinas y con el mismo ingenio que su predecesor. El UTX-70 es el cuchillo perfecto para todas las situaciones; no importa cu\u00e1l sea su tarea de corte, se adaptar\u00e1 perfectamente a su estilo de vida. Con su r\u00e1pida acci\u00f3n de apertura y cierre con una sola mano, hace el trabajo en segundos. Equipado con un clip de bolsillo ambidiestro y tama\u00f1o compacto, esta es la elecci\u00f3n perfecta para el uso y transporte diario.<\/p>\n<\/div>\n<div class=\"specifications\">\n<div class=\"specs\">\n<h3 class=\"specificationsPDP\">Especificaciones<\/h3>\n<ul>\n<li>Acci\u00f3n: Doble acci\u00f3n: disparo autom\u00e1tico\/retracci\u00f3n autom\u00e1tica<\/li>\n<li>Longitud de la hoja: 1,9&#8243;<\/li>\n<li>Estilo de hoja: Punto de ca\u00edda<\/li>\n<li>Chasis: Aleaci\u00f3n de AL 6061-T6 con recubrimiento duro Mil-Spec anodizado<\/li>\n<li>Grosor del mango: 0,31&#8243;<\/li>\n<li>Longitud cerrada: 3,35&#8243;<\/li>\n<li>Longitud total: 5,25&#8243;<\/li>\n<li>Clip de bolsillo: acero inoxidable 301 totalmente duro.<\/li>\n<li>Tapa est\u00e1ndar: aleaci\u00f3n AL 6061-T6<\/li>\n<li>Gatillo: acero inoxidable 303<\/li>\n<li>Peso: 1,1 onzas.<\/li>\n<li><strong>Tenga en cuenta que el acero de la hoja no se puede especificar ya que puede cambiar seg\u00fan la disponibilidad (informaci\u00f3n de Microtech)<\/strong><\/li>\n<li>Hecho en los EE.UU.<\/li>\n<\/ul>\n<\/div>\n<\/div>\n","protected":false},"excerpt":{"rendered":"<p>A lo largo de los a\u00f1os , Microtech\u00ae Knives ha llenado los cuchillos con pasi\u00f3n y habilidad para crear casi obras de arte que son el pin\u00e1culo de la funcionalidad. Todas las piezas se fabrican en los EE. UU.<br \/>\n<strong>Todos los cuchillos Microtech vienen con una garant\u00eda de por vida.<\/strong><\/p>\n","protected":false},"featured_media":343263,"comment_status":"open","ping_status":"closed","template":"","meta":[],"pwb-brand":[3752],"product_brand":[],"product_cat":[3726,3729],"product_tag":[3756],"class_list":{"0":"post-343262","1":"product","2":"type-product","3":"status-publish","4":"has-post-thumbnail","6":"pwb-brand-microtecnologia","7":"product_cat-cuchillos","8":"product_cat-cuchillos-de-tiro","9":"product_tag-b2b-es","11":"first","12":"outofstock","13":"taxable","14":"shipping-taxable","15":"purchasable","16":"product-type-simple"},"brands":[{"id":3752,"name":"microtecnolog\u00eda","slug":"microtecnologia"}],"_links":{"self":[{"href":"https:\/\/www.moskito.cz\/es\/wp-json\/wp\/v2\/product\/343262","targetHints":{"allow":["GET"]}}],"collection":[{"href":"https:\/\/www.moskito.cz\/es\/wp-json\/wp\/v2\/product"}],"about":[{"href":"https:\/\/www.moskito.cz\/es\/wp-json\/wp\/v2\/types\/product"}],"replies":[{"embeddable":true,"href":"https:\/\/www.moskito.cz\/es\/wp-json\/wp\/v2\/comments?post=343262"}],"wp:featuredmedia":[{"embeddable":true,"href":"https:\/\/www.moskito.cz\/es\/wp-json\/wp\/v2\/media\/343263"}],"wp:attachment":[{"href":"https:\/\/www.moskito.cz\/es\/wp-json\/wp\/v2\/media?parent=343262"}],"wp:term":[{"taxonomy":"pwb-brand","embeddable":true,"href":"https:\/\/www.moskito.cz\/es\/wp-json\/wp\/v2\/pwb-brand?post=343262"},{"taxonomy":"product_brand","embeddable":true,"href":"https:\/\/www.moskito.cz\/es\/wp-json\/wp\/v2\/product_brand?post=343262"},{"taxonomy":"product_cat","embeddable":true,"href":"https:\/\/www.moskito.cz\/es\/wp-json\/wp\/v2\/product_cat?post=343262"},{"taxonomy":"product_tag","embeddable":true,"href":"https:\/\/www.moskito.cz\/es\/wp-json\/wp\/v2\/product_tag?post=343262"}],"curies":[{"name":"wp","href":"https:\/\/api.w.org\/{rel}","templated":true}]}}