{"id":343277,"date":"2022-07-13T13:45:19","date_gmt":"2024-05-31T11:26:56","guid":{"rendered":"https:\/\/www.moskito.cz\/produkt\/cuchillo-de-tiro-microtech-utx-70-turquesa-lavado-a-la-piedra-148-10tq\/"},"modified":"2025-05-07T11:16:30","modified_gmt":"2025-05-07T10:16:30","slug":"cuchillo-de-tiro-microtech-utx-70-turquesa-lavado-a-la-piedra-148-10tq","status":"publish","type":"product","link":"https:\/\/www.moskito.cz\/es\/produkt\/cuchillo-de-tiro-microtech-utx-70-turquesa-lavado-a-la-piedra-148-10tq\/","title":{"rendered":"Cuchillo de tiro Microtech UTX-70 Turquesa Lavado a la Piedra 148-10TQ"},"content":{"rendered":"<p>Cuchillo de tiro <strong>Microtech<\/strong> UTX-70 Turquesa Lavado a la Piedra 148-10TQ<\/p>\n<p>El UTX-70 es la combinaci\u00f3n perfecta de tama\u00f1o compacto y gran rendimiento. Con un 70% del tama\u00f1o del Ultratech, el UTX-70 est\u00e1 fabricado con los mismos materiales, en las mismas m\u00e1quinas y con el mismo ingenio que su predecesor. El UTX-70 es el cuchillo perfecto para todas las situaciones, sin importar cu\u00e1l sea su tarea de corte, y se adaptar\u00e1 perfectamente a su estilo de vida. Con apertura y cierre r\u00e1pidos con una sola mano, hace el trabajo en segundos. El UTX-70 tiene muchas opciones disponibles, como estilos de borde simple, borde doble o tanto. Tambi\u00e9n est\u00e1n disponibles la tapa de aluminio, la tapa de fibra de carbono negra o la tapa de fibra de carbono platino. Cuenta con un clip de bolsillo de doble cara y un tama\u00f1o compacto, lo que lo convierte en una opci\u00f3n ideal para el uso y transporte diario.<\/p>\n<p>Longitud total: 14,07 cm<br \/>\nLongitud de la hoja: 6,02 cm<br \/>\nGrosor de la hoja: 0,2 cm.<br \/>\nMaterial de la hoja: Bohler M390<br \/>\nDureza: 59-60\u00b0RC<br \/>\nEstilo de hoja: Punto de ca\u00edda<br \/>\nInserciones: planas<br \/>\nTipo de borde: liso<br \/>\nLongitud del mango: 8,05 cm<br \/>\nGrosor del mango: 0,8 cm.<br \/>\nMaterial del mango: aluminio<br \/>\nPeso: 1,24 onzas.<br \/>\nUsuario: mano derecha<br \/>\nClip de bolsillo: inclinado hacia abajo<br \/>\nTipo de cuchillo: OTF de doble acci\u00f3n autom\u00e1tico<br \/>\nAbridor: Diapositiva del pulgar<br \/>\nMarca: Microtech<br \/>\nModelo: UTX-70<br \/>\nPa\u00eds de origen: EE.UU.<br \/>\nMejor uso: transporte diario, t\u00e1ctico<\/p>\n<p><iframe title=\"Microtech Combat Troodon Torture Test\" width=\"800\" height=\"450\" src=\"https:\/\/www.youtube.com\/embed\/xE9TeOFYEjg?feature=oembed\" frameborder=\"0\" allow=\"accelerometer; autoplay; clipboard-write; encrypted-media; gyroscope; picture-in-picture; web-share\" referrerpolicy=\"strict-origin-when-cross-origin\" allowfullscreen><\/iframe><\/p>\n","protected":false},"excerpt":{"rendered":"<div class=\"elementor-element elementor-element-bbb542b elementor-widget elementor-widget-woocommerce-product-short-description\" data-id=\"bbb542b\" data-element_type=\"widget\" data-widget_type=\"woocommerce-product-short-description.default\">\n<div class=\"elementor-widget-container\">\n<div class=\"woocommerce-product-details__short-description\">\n<p>A lo largo de los a\u00f1os, Microtech\u00ae Knives ha llenado los cuchillos con pasi\u00f3n y habilidad para crear casi obras de arte que son el pin\u00e1culo de la funcionalidad. Todas las piezas se fabrican en los EE. UU.<br \/>\n<strong>Todos los cuchillos Microtech vienen con una garant\u00eda de por vida.<\/strong><\/p>\n<p><strong>Transporte gratuito.<\/strong><\/p>\n<\/div>\n<\/div>\n<\/div>\n","protected":false},"featured_media":343278,"comment_status":"open","ping_status":"closed","template":"","meta":[],"pwb-brand":[3752],"product_brand":[],"product_cat":[3726,3729],"product_tag":[3756],"class_list":{"0":"post-343277","1":"product","2":"type-product","3":"status-publish","4":"has-post-thumbnail","6":"pwb-brand-microtecnologia","7":"product_cat-cuchillos","8":"product_cat-cuchillos-de-tiro","9":"product_tag-b2b-es","11":"first","12":"outofstock","13":"taxable","14":"shipping-taxable","15":"purchasable","16":"product-type-simple"},"brands":[{"id":3752,"name":"microtecnolog\u00eda","slug":"microtecnologia"}],"_links":{"self":[{"href":"https:\/\/www.moskito.cz\/es\/wp-json\/wp\/v2\/product\/343277","targetHints":{"allow":["GET"]}}],"collection":[{"href":"https:\/\/www.moskito.cz\/es\/wp-json\/wp\/v2\/product"}],"about":[{"href":"https:\/\/www.moskito.cz\/es\/wp-json\/wp\/v2\/types\/product"}],"replies":[{"embeddable":true,"href":"https:\/\/www.moskito.cz\/es\/wp-json\/wp\/v2\/comments?post=343277"}],"wp:featuredmedia":[{"embeddable":true,"href":"https:\/\/www.moskito.cz\/es\/wp-json\/wp\/v2\/media\/343278"}],"wp:attachment":[{"href":"https:\/\/www.moskito.cz\/es\/wp-json\/wp\/v2\/media?parent=343277"}],"wp:term":[{"taxonomy":"pwb-brand","embeddable":true,"href":"https:\/\/www.moskito.cz\/es\/wp-json\/wp\/v2\/pwb-brand?post=343277"},{"taxonomy":"product_brand","embeddable":true,"href":"https:\/\/www.moskito.cz\/es\/wp-json\/wp\/v2\/product_brand?post=343277"},{"taxonomy":"product_cat","embeddable":true,"href":"https:\/\/www.moskito.cz\/es\/wp-json\/wp\/v2\/product_cat?post=343277"},{"taxonomy":"product_tag","embeddable":true,"href":"https:\/\/www.moskito.cz\/es\/wp-json\/wp\/v2\/product_tag?post=343277"}],"curies":[{"name":"wp","href":"https:\/\/api.w.org\/{rel}","templated":true}]}}