{"id":343381,"date":"2022-04-10T19:48:18","date_gmt":"2024-06-03T07:47:45","guid":{"rendered":"https:\/\/www.moskito.cz\/produkt\/cuchillo-macizo-boker-magnum-lil-friend-micro-02sc743\/"},"modified":"2025-05-07T11:16:32","modified_gmt":"2025-05-07T10:16:32","slug":"cuchillo-macizo-boker-magnum-lil-friend-micro-02sc743","status":"publish","type":"product","link":"https:\/\/www.moskito.cz\/es\/produkt\/cuchillo-macizo-boker-magnum-lil-friend-micro-02sc743\/","title":{"rendered":"Cuchillo Macizo B\u00f6ker Magnum Li&#8217;l Friend Micro 02SC743"},"content":{"rendered":"<p>Cuchillo Macizo B\u00f6ker Magnum Li&#8217;l Friend Micro 02SC743.<\/p>\n<p>Magnum Li&#8217;l Friend es un cuchillo de cuello ligero, afilado y extremadamente vers\u00e1til. La hoja afilada 440A abre paquetes f\u00e1cilmente, corta cinta de embalaje y cinta de tela. Sin embargo, la versatilidad del cuchillo no se refiere s\u00f3lo a la funci\u00f3n, sino tambi\u00e9n a las opciones de transporte. Li&#8217;l Friend puede llevarse en el bolsillo, alrededor del cuello con una cadena de bolas, sujeto a su equipo o incluso en su cintur\u00f3n. Un cuchillo peque\u00f1o, casi diminuto, que no debe subestimarse. La hoja Drop-Point se combina armoniosamente con el mango G10 en color arena. Con funda Kydex, cadena de bolas y orificio para cord\u00f3n.<\/p>\n<p>Tipo de art\u00edculo: cuchillo fijo<br \/>\nLongitud total: 8,50 cm.<br \/>\nLongitud de la hoja: 3,50 cm<br \/>\nGrosor de la hoja: 2,70 mm<br \/>\nPeso: 38,00 gramos<br \/>\nMaterial de la hoja: 440A<br \/>\nMaterial del mango: G10<br \/>\nHebilla: Fija<br \/>\nColor marr\u00f3n<br \/>\nColor de la hoja: Gris<br \/>\nMaterial de la funda: Kydex<br \/>\nN\u00famero de art\u00edculo: 02SC743<\/p>\n<p>El Magnum Li&#8217;l Friend es un cuchillo de cuello liviano, afilado y extremadamente vers\u00e1til. La hoja afilada 440A abre paquetes, corta cinta de embalaje y corta cinta de tela con facilidad. . La versatilidad del cuchillo no s\u00f3lo se refiere a su funci\u00f3n, sino tambi\u00e9n a las m\u00faltiples opciones de transporte. El Li&#8217;l Friend se puede llevar en el bolsillo, alrededor del cuello con la cadena de bolas, sujeto al equipo o incluso al cintur\u00f3n. Un cuchillo peque\u00f1o, casi diminuto, que no debe subestimarse. Combina armoniosamente una hoja de punta ca\u00edda con un mango G10 color arena.<\/p>\n<p>Tipo:<br \/>\nHoja fija<br \/>\nLongitud total:<br \/>\n8,50cm<br \/>\nLongitud de la hoja:<br \/>\n3,50cm<br \/>\nGrosor de la hoja:<br \/>\n2,70 mil\u00edmetros<br \/>\nPeso:<br \/>\n38,00 gramos<br \/>\nMaterial de la hoja:<br \/>\n440A<br \/>\nMaterial del mango:<br \/>\nG10<br \/>\nTipo de bloqueo:<br \/>\nFijado<br \/>\nHecho en:<br \/>\nAsia<br \/>\nColor:<br \/>\nMarr\u00f3n<br \/>\nColor de la hoja:<br \/>\nGris<br \/>\nMaterial de la funda:<br \/>\nkydex<br \/>\nN\u00famero de art\u00edculo:<br \/>\n02SC743<\/p>\n<p>&nbsp;<\/p>\n","protected":false},"excerpt":{"rendered":"<p>Con el tiempo, la f\u00e1brica de cuchillos <strong>B\u00f6ker<\/strong> se ha convertido en un l\u00edder mundial en innovaci\u00f3n y el mayor fabricante de cuchillos deportivos, t\u00e1cticos y de colecci\u00f3n en Europa.<\/p>\n","protected":false},"featured_media":343383,"comment_status":"open","ping_status":"closed","template":"","meta":[],"pwb-brand":[3800],"product_brand":[],"product_cat":[3726,3727],"product_tag":[3756],"class_list":{"0":"post-343381","1":"product","2":"type-product","3":"status-publish","4":"has-post-thumbnail","6":"pwb-brand-boker-es","7":"product_cat-cuchillos","8":"product_cat-cuchillos-macizos","9":"product_tag-b2b-es","11":"first","12":"outofstock","13":"taxable","14":"shipping-taxable","15":"purchasable","16":"product-type-simple"},"brands":[{"id":3800,"name":"B\u00f3ker","slug":"boker-es"}],"_links":{"self":[{"href":"https:\/\/www.moskito.cz\/es\/wp-json\/wp\/v2\/product\/343381","targetHints":{"allow":["GET"]}}],"collection":[{"href":"https:\/\/www.moskito.cz\/es\/wp-json\/wp\/v2\/product"}],"about":[{"href":"https:\/\/www.moskito.cz\/es\/wp-json\/wp\/v2\/types\/product"}],"replies":[{"embeddable":true,"href":"https:\/\/www.moskito.cz\/es\/wp-json\/wp\/v2\/comments?post=343381"}],"wp:featuredmedia":[{"embeddable":true,"href":"https:\/\/www.moskito.cz\/es\/wp-json\/wp\/v2\/media\/343383"}],"wp:attachment":[{"href":"https:\/\/www.moskito.cz\/es\/wp-json\/wp\/v2\/media?parent=343381"}],"wp:term":[{"taxonomy":"pwb-brand","embeddable":true,"href":"https:\/\/www.moskito.cz\/es\/wp-json\/wp\/v2\/pwb-brand?post=343381"},{"taxonomy":"product_brand","embeddable":true,"href":"https:\/\/www.moskito.cz\/es\/wp-json\/wp\/v2\/product_brand?post=343381"},{"taxonomy":"product_cat","embeddable":true,"href":"https:\/\/www.moskito.cz\/es\/wp-json\/wp\/v2\/product_cat?post=343381"},{"taxonomy":"product_tag","embeddable":true,"href":"https:\/\/www.moskito.cz\/es\/wp-json\/wp\/v2\/product_tag?post=343381"}],"curies":[{"name":"wp","href":"https:\/\/api.w.org\/{rel}","templated":true}]}}