{"id":343389,"date":"2023-06-27T21:07:08","date_gmt":"2023-06-27T20:07:08","guid":{"rendered":"https:\/\/www.moskito.cz\/produkt\/cuchillo-plegable-spyderco-para-3-paramilitar-3-c223gpcmobk\/"},"modified":"2025-05-07T11:16:33","modified_gmt":"2025-05-07T10:16:33","slug":"cuchillo-plegable-spyderco-para-3-paramilitar-3-c223gpcmobk","status":"publish","type":"product","link":"https:\/\/www.moskito.cz\/es\/produkt\/cuchillo-plegable-spyderco-para-3-paramilitar-3-c223gpcmobk\/","title":{"rendered":"Cuchillo plegable Spyderco Para 3 (Paramilitar 3) C223GPCMOBK"},"content":{"rendered":"<p>Cuchillo plegable <strong>Spyderco<\/strong> Para 3 (Paramilitar 3) C223GPCMOBK<\/p>\n<p>Uno de los productos m\u00e1s esperados en la historia de Spyderco, el Para 3 es la \u00faltima generaci\u00f3n de su muy popular familia paramilitar de navajas plegables. Su historia se remonta a la primera generaci\u00f3n del modelo Paramilitar, que se present\u00f3 en 2004, e incluso m\u00e1s all\u00e1 de la inspiraci\u00f3n de este cuchillo: el ic\u00f3nico modelo militar.<\/p>\n<p>La intenci\u00f3n del dise\u00f1o original del Paramilitary era proporcionar la misma confiabilidad comprobada y rendimiento de corte que el ej\u00e9rcito, pero en un paquete m\u00e1s compacto y f\u00e1cilmente port\u00e1til. El dise\u00f1o tambi\u00e9n mostr\u00f3 el bloqueo de compresi\u00f3n patentado de Spyderco: un mecanismo de bloqueo de alta resistencia ubicado en la parte posterior del mango que ofrec\u00eda una serie de ventajas significativas sobre el bloqueo de l\u00ednea militar.<\/p>\n<p>De acuerdo con el profundo compromiso de Spyderco con la Mejora Continua de la Calidad (CQI), el Paramilitary fue redise\u00f1ado en 2010 para proporcionar el Paramilitary 2. Este dise\u00f1o de segunda generaci\u00f3n inclu\u00eda un ret\u00e9n de bloqueo mejorado, ergonom\u00eda mejorada, manija empotrada y tornillos giratorios, y un clip de cuatro posiciones para admitir todas las configuraciones de transporte posibles. Estas mejoras r\u00e1pidamente establecieron al \u00abPara 2\u00bb como uno de los modelos m\u00e1s populares y buscados de Spyderco y, para muchos usuarios finales, como la navaja plegable \u00abperfecta\u00bb. Aunque significativamente m\u00e1s peque\u00f1o que el modelo militar que lo inspir\u00f3, para algunos clientes segu\u00eda siendo m\u00e1s grande de lo que pod\u00edan transportar c\u00f3moda o legalmente. Bas\u00e1ndose en estos comentarios, Spyderco volvi\u00f3 a la mesa de dibujo para sintetizar todas las caracter\u00edsticas, beneficios y rendimiento del Paramilitary 2 en un paquete \u00absubcompacto\u00bb construido alrededor de una hoja de tres pulgadas. El resultado es el p\u00e1rrafo 3.<\/p>\n<p>Aunque claramente se basa en el Paramilitary 2, el Paramilitary 3 no fue denominado \u00abParamilitary 3\u00bb porque su tama\u00f1o m\u00e1s peque\u00f1o lo califica como un dise\u00f1o de cuchillo diferente. Asimismo, el \u00ab3\u00bb de su nombre en realidad refleja la longitud de su hoja de tres pulgadas, en lugar de identificarlo como un dise\u00f1o paramilitar de tercera generaci\u00f3n. Si bien su pedigr\u00ed es inconfundible, el Para 3 (y su modelo y n\u00famero de SKU) tiene su propia \u00abidentidad\u00bb distintiva como producto Spyderco.<\/p>\n<p>Como resultado, el Para 3 conserva fielmente todas las caracter\u00edsticas definitorias del superventas Paramilitary 2, pero en un paquete m\u00e1s peque\u00f1o e incluso m\u00e1s \u00e1gil. Su hoja de tres pulgadas est\u00e1 fabricada con precisi\u00f3n con acero inoxidable CPM-S45VN de primera calidad y presenta un terreno completamente plano para una geometr\u00eda de hoja superior y un rendimiento de corte de baja fricci\u00f3n. Su caracter\u00edstica apertura redonda de gran tama\u00f1o anuncia con orgullo el pedigr\u00ed del cuchillo y es f\u00e1cilmente accesible desde ambos lados, lo que permite una apertura r\u00e1pida, ambidiestra y con una sola mano.<\/p>\n<p>La empu\u00f1adura trasera abierta y liviana est\u00e1 construida sobre un marco de incrustaciones s\u00f3lidas de acero inoxidable colocadas en escalas texturizadas G10. Este estilo de dise\u00f1o refinado maximiza la resistencia estructural y la ergonom\u00eda, al mismo tiempo que mantiene el mango delgado y apto para el bolsillo. Tambi\u00e9n es la base del mecanismo de bloqueo de compresi\u00f3n patentado del cuchillo, que proporciona una fuerza de bloqueo excepcional y, al mismo tiempo, permite un cierre f\u00e1cil con una sola mano sin poner los dedos en el camino de la hoja. Un elegante cierre de reloj de arena de cuatro posiciones y un orificio para cord\u00f3n de tama\u00f1o generoso completan el dise\u00f1o, ofreciendo una opci\u00f3n de opciones abatibles o abatibles hacia el lado izquierdo o derecho para colocar f\u00e1cilmente el cord\u00f3n o el colgante.<\/p>\n<p>La Para 3 es una navaja notablemente refinada con una historia distinguida. Tambi\u00e9n es un brillante ejemplo de nuestra incesante b\u00fasqueda de la excelencia y nuestro profundo compromiso para satisfacer las necesidades de nuestros clientes.<\/p>\n<p>Especificaciones<br \/>\nLongitud de la hoja: 7,5 cm<br \/>\nLargo cerrado: 10,67 cm<br \/>\nLongitud total: 18,17 cm<br \/>\nMaterial de la hoja: CPM-S45VN Acero inoxidable<br \/>\nEstilo de hoja: Punta de clip<br \/>\nRectificado de la hoja: Totalmente plano<br \/>\nAcabado de la hoja: DLC negro<br \/>\nBorde de la hoja: liso<br \/>\nMaterial del mango: G10<br \/>\nColor del mango: Camuflaje digital<br \/>\nMecanismo de bloqueo: compresi\u00f3n<br \/>\nClip de bolsillo: plegar hacia arriba\/abajo, llevar hacia la izquierda\/derecha<br \/>\nN\u00famero de modelo: C223GPCMOBK<br \/>\nNombre del modelo: Para 3<br \/>\nPeso: 3,4 onzas.<br \/>\nHecho en EE.UU<\/p>\n","protected":false},"excerpt":{"rendered":"<p><strong>Uno de los productos m\u00e1s esperados en la historia de Spyderco, el Para 3 es la \u00faltima generaci\u00f3n de su muy popular familia paramilitar de navajas plegables.<\/strong><\/p>\n","protected":false},"featured_media":343398,"comment_status":"open","ping_status":"closed","template":"","meta":[],"pwb-brand":[3771],"product_brand":[],"product_cat":[3730,3726],"product_tag":[3756],"class_list":{"0":"post-343389","1":"product","2":"type-product","3":"status-publish","4":"has-post-thumbnail","6":"pwb-brand-spyderco-es","7":"product_cat-cuchillas-de-cierre","8":"product_cat-cuchillos","9":"product_tag-b2b-es","11":"first","12":"instock","13":"taxable","14":"shipping-taxable","15":"purchasable","16":"product-type-simple"},"brands":[{"id":3771,"name":"spyderco","slug":"spyderco-es"}],"_links":{"self":[{"href":"https:\/\/www.moskito.cz\/es\/wp-json\/wp\/v2\/product\/343389","targetHints":{"allow":["GET"]}}],"collection":[{"href":"https:\/\/www.moskito.cz\/es\/wp-json\/wp\/v2\/product"}],"about":[{"href":"https:\/\/www.moskito.cz\/es\/wp-json\/wp\/v2\/types\/product"}],"replies":[{"embeddable":true,"href":"https:\/\/www.moskito.cz\/es\/wp-json\/wp\/v2\/comments?post=343389"}],"wp:featuredmedia":[{"embeddable":true,"href":"https:\/\/www.moskito.cz\/es\/wp-json\/wp\/v2\/media\/343398"}],"wp:attachment":[{"href":"https:\/\/www.moskito.cz\/es\/wp-json\/wp\/v2\/media?parent=343389"}],"wp:term":[{"taxonomy":"pwb-brand","embeddable":true,"href":"https:\/\/www.moskito.cz\/es\/wp-json\/wp\/v2\/pwb-brand?post=343389"},{"taxonomy":"product_brand","embeddable":true,"href":"https:\/\/www.moskito.cz\/es\/wp-json\/wp\/v2\/product_brand?post=343389"},{"taxonomy":"product_cat","embeddable":true,"href":"https:\/\/www.moskito.cz\/es\/wp-json\/wp\/v2\/product_cat?post=343389"},{"taxonomy":"product_tag","embeddable":true,"href":"https:\/\/www.moskito.cz\/es\/wp-json\/wp\/v2\/product_tag?post=343389"}],"curies":[{"name":"wp","href":"https:\/\/api.w.org\/{rel}","templated":true}]}}