{"id":343439,"date":"2019-11-01T22:16:01","date_gmt":"2019-11-01T21:16:01","guid":{"rendered":"https:\/\/www.moskito.cz\/produkt\/cuchillo-de-tiro-microtech-utx-85-233-1-od\/"},"modified":"2025-07-11T07:50:07","modified_gmt":"2025-07-11T06:50:07","slug":"cuchillo-de-tiro-microtech-utx-85-233-1-od","status":"publish","type":"product","link":"https:\/\/www.moskito.cz\/es\/produkt\/cuchillo-de-tiro-microtech-utx-85-233-1-od\/","title":{"rendered":"Cuchillo de tiro Microtech UTX-85 233-1 OD"},"content":{"rendered":"<p>Cuchillo de tiro <strong>Microtech UTX-85<\/strong> 233-1 OD<\/p>\n<p><strong>La navaja Microtech UTX-85<\/strong> OTF es la combinaci\u00f3n perfecta de tama\u00f1o compacto y gran rendimiento. Con un tama\u00f1o 85% Ultratech <strong>, el Microtech UTX-85<\/strong> est\u00e1 fabricado con los mismos materiales, en las mismas m\u00e1quinas y con el mismo ingenio que su predecesor. <strong>El Microtech UTX-85<\/strong> es el cuchillo perfecto para todas las situaciones, sin importar la tarea que est\u00e9 cortando; encajar\u00e1 perfectamente en su estilo de vida. Gracias a la r\u00e1pida apertura y cierre con una mano, hace el trabajo en segundos. Equipado con un clip de bolsillo de doble cara y un tama\u00f1o compacto, es una opci\u00f3n perfecta para el uso y transporte diario.<\/p>\n<p><span class=\"tlid-translation translation\"><span class=\"\" title=\"\">Longitud total: 18,75 cm.<\/span><br \/>\n<span class=\"\" title=\"\">Longitud de la hoja: 7,81 cm<\/span><br \/>\n<span class=\"\" title=\"\">Filo: 7,17 cm.<\/span><br \/>\n<span class=\"\" title=\"\">Grosor de la hoja: 0,32 cm<\/span><br \/>\n<span class=\"\" title=\"\">Material de la hoja: Bohler M390<\/span><br \/>\n<span title=\"\">Estilo de hoja: Tanto<\/span><br \/>\n<span title=\"\">Inserciones: planas<\/span><br \/>\n<span title=\"\">Tipo de borde: liso<\/span><br \/>\n<span title=\"\">Longitud del mango: 10,92 cm<\/span><br \/>\n<span class=\"\" title=\"\">Grosor del mango: 1,17 cm.<\/span><br \/>\n<span title=\"\">Material del mango: aluminio<\/span><br \/>\n<span title=\"\">Peso: 3,06 onzas.<\/span><br \/>\n<span title=\"\">Usuario: mano derecha<\/span><br \/>\n<span title=\"\">Clip de bolsillo: inclinado hacia abajo<\/span><br \/>\n<span title=\"\">Tipo de cuchillo: OTF de doble acci\u00f3n autom\u00e1tico<\/span><br \/>\n<span title=\"\">Abridor: Diapositiva del pulgar<\/span><br \/>\n<span title=\"\">Marca: Microtech<\/span><br \/>\n<span title=\"\">Modelo: UTX-85<\/span><br \/>\n<span title=\"\">N\u00famero de modelo:<\/span> 233-1 DE<br \/>\n<span title=\"\">Pa\u00eds de origen: EE.UU.<\/span><\/span><\/p>\n<p><iframe title=\"Microtech Combat Troodon Torture Test\" width=\"800\" height=\"450\" src=\"https:\/\/www.youtube.com\/embed\/xE9TeOFYEjg?feature=oembed\" frameborder=\"0\" allow=\"accelerometer; autoplay; clipboard-write; encrypted-media; gyroscope; picture-in-picture; web-share\" referrerpolicy=\"strict-origin-when-cross-origin\" allowfullscreen><\/iframe><\/p>\n<p>&nbsp;<\/p>\n<p>&nbsp;<\/p>\n<p>&nbsp;<\/p>\n","protected":false},"excerpt":{"rendered":"<p><strong>A lo largo de los a\u00f1os, Microtech\u00ae Knives ha llenado los cuchillos con pasi\u00f3n y habilidad para crear casi obras de arte que son el pin\u00e1culo de la funcionalidad. Todas las piezas se fabrican en los EE. UU.<\/strong><br \/>\n<strong>Todos los cuchillos Microtech vienen con una garant\u00eda de por vida.<\/strong><\/p>\n<p><strong>Transporte gratuito.<\/strong><\/p>\n","protected":false},"featured_media":257665,"comment_status":"open","ping_status":"closed","template":"","meta":[],"pwb-brand":[3752],"product_brand":[],"product_cat":[3729,3726],"product_tag":[3756],"class_list":{"0":"post-343439","1":"product","2":"type-product","3":"status-publish","4":"has-post-thumbnail","6":"pwb-brand-microtecnologia","7":"product_cat-cuchillos-de-tiro","8":"product_cat-cuchillos","9":"product_tag-b2b-es","11":"first","12":"outofstock","13":"taxable","14":"shipping-taxable","15":"purchasable","16":"product-type-simple"},"brands":[{"id":3752,"name":"microtecnolog\u00eda","slug":"microtecnologia"}],"_links":{"self":[{"href":"https:\/\/www.moskito.cz\/es\/wp-json\/wp\/v2\/product\/343439","targetHints":{"allow":["GET"]}}],"collection":[{"href":"https:\/\/www.moskito.cz\/es\/wp-json\/wp\/v2\/product"}],"about":[{"href":"https:\/\/www.moskito.cz\/es\/wp-json\/wp\/v2\/types\/product"}],"replies":[{"embeddable":true,"href":"https:\/\/www.moskito.cz\/es\/wp-json\/wp\/v2\/comments?post=343439"}],"wp:featuredmedia":[{"embeddable":true,"href":"https:\/\/www.moskito.cz\/es\/wp-json\/wp\/v2\/media\/257665"}],"wp:attachment":[{"href":"https:\/\/www.moskito.cz\/es\/wp-json\/wp\/v2\/media?parent=343439"}],"wp:term":[{"taxonomy":"pwb-brand","embeddable":true,"href":"https:\/\/www.moskito.cz\/es\/wp-json\/wp\/v2\/pwb-brand?post=343439"},{"taxonomy":"product_brand","embeddable":true,"href":"https:\/\/www.moskito.cz\/es\/wp-json\/wp\/v2\/product_brand?post=343439"},{"taxonomy":"product_cat","embeddable":true,"href":"https:\/\/www.moskito.cz\/es\/wp-json\/wp\/v2\/product_cat?post=343439"},{"taxonomy":"product_tag","embeddable":true,"href":"https:\/\/www.moskito.cz\/es\/wp-json\/wp\/v2\/product_tag?post=343439"}],"curies":[{"name":"wp","href":"https:\/\/api.w.org\/{rel}","templated":true}]}}