{"id":343447,"date":"2020-02-29T21:09:37","date_gmt":"2024-06-04T14:27:35","guid":{"rendered":"https:\/\/www.moskito.cz\/produkt\/cuchillo-de-tiro-microtech-utx-85-233-1-t\/"},"modified":"2025-07-11T07:50:59","modified_gmt":"2025-07-11T06:50:59","slug":"cuchillo-de-tiro-microtech-utx-85-233-1-t","status":"publish","type":"product","link":"https:\/\/www.moskito.cz\/es\/produkt\/cuchillo-de-tiro-microtech-utx-85-233-1-t\/","title":{"rendered":"Cuchillo de tiro Microtech UTX-85 233-1 T"},"content":{"rendered":"<p>Cuchillo de tiro <strong>Microtech<\/strong> UTX-85 233-1 T.<\/p>\n<p>Esta fant\u00e1stica navaja OTF de doble acci\u00f3n tiene el tama\u00f1o perfecto y, como su nombre indica, es 85% Microtech, el modelo insignia de Ultratech. El UTX-85 recientemente redise\u00f1ado presenta un nuevo mango contorneado, hardware triangular actualizado, pulgar deslizante redise\u00f1ado y el rompevidrios cuenta con un rodamiento de bolas prensado. Cada cuchillo Microtech OTF tiene mecanismos internos extremadamente sofisticados que mejoran la funcionalidad operativa general y la confiabilidad, y su capacidad de operar con una sola mano lo hace m\u00e1s pr\u00e1ctico. Hecho en EE.UU. Este modelo cuenta con un mango anodizado negro con herrajes completamente negros y funci\u00f3n rompecristales integrada junto con una hoja estilo tanto negra combinada con un acabado satinado.<\/p>\n<p>Hecho en EE.UU.<\/p>\n<p><span class=\"tlid-translation translation\"><span class=\"\" title=\"\">Longitud total: 18,75 cm.<\/span><br \/>\n<span class=\"\" title=\"\">Longitud de la hoja: 7,81 cm<\/span><br \/>\n<span class=\"\" title=\"\">Filo: 7,17 cm.<\/span><\/span><\/p>\n<p><span class=\"tlid-translation translation\"><span class=\"\" title=\"\">Grosor de la hoja: 0,32 cm<\/span><br \/>\n<span class=\"\" title=\"\">Material de la hoja: Bohler M390<\/span><br \/>\n<span title=\"\">Estilo de hoja: Tanto<\/span><br \/>\n<span title=\"\">Inserciones: planas<\/span><br \/>\n<span title=\"\">Tipo de borde: liso<\/span><br \/>\n<span title=\"\">Longitud del mango: 10,92 cm<\/span><br \/>\n<span class=\"\" title=\"\">Grosor del mango: 1,17 cm.<\/span><br \/>\n<span title=\"\">Material del mango: aluminio<\/span><br \/>\n<span title=\"\">Peso: 3,06 onzas.<\/span><br \/>\n<span title=\"\">Usuario: mano derecha<\/span><br \/>\n<span title=\"\">Clip de bolsillo: inclinado hacia abajo<\/span><br \/>\n<span title=\"\">Tipo de cuchillo: OTF de doble acci\u00f3n autom\u00e1tico<\/span><br \/>\n<span title=\"\">Abridor: Diapositiva del pulgar<\/span><br \/>\n<span title=\"\">Marca: Microtech<\/span><br \/>\n<span title=\"\">Modelo: UTX-85<\/span><br \/>\n<span title=\"\">N\u00famero de modelo:<\/span> 233-1T<br \/>\n<span title=\"\">Pa\u00eds de origen: EE.UU.<\/span><br \/>\n<span title=\"\">Mejor uso: t\u00e1ctico<\/span><\/span><\/p>\n<p><iframe title=\"Microtech Combat Troodon Torture Test\" width=\"800\" height=\"450\" src=\"https:\/\/www.youtube.com\/embed\/xE9TeOFYEjg?feature=oembed\" frameborder=\"0\" allow=\"accelerometer; autoplay; clipboard-write; encrypted-media; gyroscope; picture-in-picture; web-share\" referrerpolicy=\"strict-origin-when-cross-origin\" allowfullscreen><\/iframe><\/p>\n<p>&nbsp;<\/p>\n<div class=\"std\">\n<p>&nbsp;<\/p>\n<\/div>\n","protected":false},"excerpt":{"rendered":"<p>En 2020 <strong>, Microtech\u00ae Knives<\/strong> se ha convertido en una marca l\u00edder de cuchillos que evoluciona y avanza constantemente con la \u00faltima tecnolog\u00eda. Todas las piezas se fabrican en los EE. UU.<br \/>\n<strong>Todos los cuchillos Microtech vienen con una garant\u00eda de por vida.<\/strong><\/p>\n","protected":false},"featured_media":227275,"comment_status":"open","ping_status":"closed","template":"","meta":[],"pwb-brand":[3752],"product_brand":[],"product_cat":[3726,3729],"product_tag":[3756],"class_list":{"0":"post-343447","1":"product","2":"type-product","3":"status-publish","4":"has-post-thumbnail","6":"pwb-brand-microtecnologia","7":"product_cat-cuchillos","8":"product_cat-cuchillos-de-tiro","9":"product_tag-b2b-es","11":"first","12":"outofstock","13":"taxable","14":"shipping-taxable","15":"purchasable","16":"product-type-simple"},"brands":[{"id":3752,"name":"microtecnolog\u00eda","slug":"microtecnologia"}],"_links":{"self":[{"href":"https:\/\/www.moskito.cz\/es\/wp-json\/wp\/v2\/product\/343447","targetHints":{"allow":["GET"]}}],"collection":[{"href":"https:\/\/www.moskito.cz\/es\/wp-json\/wp\/v2\/product"}],"about":[{"href":"https:\/\/www.moskito.cz\/es\/wp-json\/wp\/v2\/types\/product"}],"replies":[{"embeddable":true,"href":"https:\/\/www.moskito.cz\/es\/wp-json\/wp\/v2\/comments?post=343447"}],"wp:featuredmedia":[{"embeddable":true,"href":"https:\/\/www.moskito.cz\/es\/wp-json\/wp\/v2\/media\/227275"}],"wp:attachment":[{"href":"https:\/\/www.moskito.cz\/es\/wp-json\/wp\/v2\/media?parent=343447"}],"wp:term":[{"taxonomy":"pwb-brand","embeddable":true,"href":"https:\/\/www.moskito.cz\/es\/wp-json\/wp\/v2\/pwb-brand?post=343447"},{"taxonomy":"product_brand","embeddable":true,"href":"https:\/\/www.moskito.cz\/es\/wp-json\/wp\/v2\/product_brand?post=343447"},{"taxonomy":"product_cat","embeddable":true,"href":"https:\/\/www.moskito.cz\/es\/wp-json\/wp\/v2\/product_cat?post=343447"},{"taxonomy":"product_tag","embeddable":true,"href":"https:\/\/www.moskito.cz\/es\/wp-json\/wp\/v2\/product_tag?post=343447"}],"curies":[{"name":"wp","href":"https:\/\/api.w.org\/{rel}","templated":true}]}}