{"id":343514,"date":"2022-11-24T20:43:41","date_gmt":"2024-06-11T07:54:22","guid":{"rendered":"https:\/\/www.moskito.cz\/produkt\/cuchillo-de-tiro-sog-tac-au-compact-filo-recto\/"},"modified":"2025-05-07T11:16:36","modified_gmt":"2025-05-07T10:16:36","slug":"cuchillo-de-tiro-sog-tac-au-compact-filo-recto","status":"publish","type":"product","link":"https:\/\/www.moskito.cz\/es\/produkt\/cuchillo-de-tiro-sog-tac-au-compact-filo-recto\/","title":{"rendered":"Cuchillo de Tiro SOG TAC AU COMPACT FILO RECTO"},"content":{"rendered":"<p>Cuchillo de Tiro S <strong>OG<\/strong> TAC AU COMPACTO FILO RECTO.<\/p>\n<p>Con un mango de aluminio texturizado y una hoja CRYO D2, la SOG-TAC AU es una navaja plegable de apertura r\u00e1pida que entra en acci\u00f3n con cualquier mano y permanece abierta con un poder de bloqueo excepcional gracias al bloqueo avanzado AU-XR de SOG. Una hoja de tiro fabricada en Estados Unidos, es una robusta herramienta de respaldo para militares, socorristas y usuarios de transporte defensivo que aprecian la confiable seguridad de doble acci\u00f3n. Ver todas las AU SOG-TAC.<\/p>\n<p>DE LA SEGURIDAD EN UN SOLO TIR\u00d3N<br \/>\nInnovador bloqueo de la hoja que le permite pasar de seguro a abierto con un solo tir\u00f3n, con seguridad de doble acci\u00f3n SOG.<\/p>\n<p>DISE\u00d1O COMPACTO<br \/>\nDise\u00f1ado para quienes requieren menor visibilidad o simplemente necesitan una herramienta m\u00e1s compacta, las dimensiones m\u00e1s peque\u00f1as y el peso m\u00e1s liviano permiten un transporte m\u00e1s discreto.<\/p>\n<p>RESUMEN DE PROPIEDADES<br \/>\nSOG-TAC AU es una soluci\u00f3n completamente moderna para la dura cuchilla autom\u00e1tica. Cuenta con un fuerte mecanismo de bloqueo SOG AU-XR, acero CRYO D2 y apertura r\u00e1pida.<\/p>\n<p>ACERO CRIO D2<br \/>\nUn acero para herramientas vers\u00e1til con alto contenido de carbono tratado t\u00e9rmicamente criog\u00e9nicamente seg\u00fan las especificaciones de rendimiento \u00fanicas de SOG. D2 proporciona la combinaci\u00f3n ideal de retenci\u00f3n de bordes y durabilidad para un uso prolongado con un mantenimiento sencillo.<\/p>\n<p>ASAS MICROTEXTURADAS<br \/>\nLa empu\u00f1adura de aluminio SOG-TAC AU tiene una superficie microtexturizada mecanizada que proporciona el nivel adecuado de agarre, en todos los lugares correctos, sin desgastar la mano ni el bolsillo.<\/p>\n<p>SEGURIDAD DE DOBLE ACCI\u00d3N<br \/>\nIntegrado en una \u00fanica interfaz, el seguro de doble acci\u00f3n evita el despliegue accidental de la hoja y, al mismo tiempo, proporciona una apertura segura y consistente seg\u00fan sea necesario.<\/p>\n<p>PAR\u00c1METROS DEL PRODUCTO GROSOR DE LA HOJA: 2,8 mm<br \/>\nTAMA\u00d1O TOTAL: 178 mm<br \/>\nMATERIAL MANGO: AL 6061 T6<br \/>\nLARGO DEL MANGO: 103 mm<br \/>\nPESO: 79 gramos<br \/>\nACERO: CRIO D2<br \/>\nDe color negro<br \/>\nLONGITUD DE LA HOJA: 75 mm<\/p>\n<p>&nbsp;<\/p>\n<p><iframe title=\"SOG-TAC AU Automatic Folding Knife\" width=\"800\" height=\"450\" src=\"https:\/\/www.youtube.com\/embed\/QbInOoD89k0?feature=oembed\" frameborder=\"0\" allow=\"accelerometer; autoplay; clipboard-write; encrypted-media; gyroscope; picture-in-picture; web-share\" referrerpolicy=\"strict-origin-when-cross-origin\" allowfullscreen><\/iframe><\/p>\n<p>&nbsp;<\/p>\n<p>&nbsp;<\/p>\n","protected":false},"excerpt":{"rendered":"<p>El SOG-TAC AU es un cuchillo autom\u00e1tico confiable dise\u00f1ado para un uso exigente por parte de aquellos que necesitan sacar un cuchillo r\u00e1pidamente.<\/p>\n","protected":false},"featured_media":343519,"comment_status":"open","ping_status":"closed","template":"","meta":[],"pwb-brand":[3848],"product_brand":[],"product_cat":[3726,3729],"product_tag":[3756],"class_list":{"0":"post-343514","1":"product","2":"type-product","3":"status-publish","4":"has-post-thumbnail","6":"pwb-brand-sog-es","7":"product_cat-cuchillos","8":"product_cat-cuchillos-de-tiro","9":"product_tag-b2b-es","11":"first","12":"instock","13":"taxable","14":"shipping-taxable","15":"purchasable","16":"product-type-simple"},"brands":[{"id":3848,"name":"SOG","slug":"sog-es"}],"_links":{"self":[{"href":"https:\/\/www.moskito.cz\/es\/wp-json\/wp\/v2\/product\/343514","targetHints":{"allow":["GET"]}}],"collection":[{"href":"https:\/\/www.moskito.cz\/es\/wp-json\/wp\/v2\/product"}],"about":[{"href":"https:\/\/www.moskito.cz\/es\/wp-json\/wp\/v2\/types\/product"}],"replies":[{"embeddable":true,"href":"https:\/\/www.moskito.cz\/es\/wp-json\/wp\/v2\/comments?post=343514"}],"wp:featuredmedia":[{"embeddable":true,"href":"https:\/\/www.moskito.cz\/es\/wp-json\/wp\/v2\/media\/343519"}],"wp:attachment":[{"href":"https:\/\/www.moskito.cz\/es\/wp-json\/wp\/v2\/media?parent=343514"}],"wp:term":[{"taxonomy":"pwb-brand","embeddable":true,"href":"https:\/\/www.moskito.cz\/es\/wp-json\/wp\/v2\/pwb-brand?post=343514"},{"taxonomy":"product_brand","embeddable":true,"href":"https:\/\/www.moskito.cz\/es\/wp-json\/wp\/v2\/product_brand?post=343514"},{"taxonomy":"product_cat","embeddable":true,"href":"https:\/\/www.moskito.cz\/es\/wp-json\/wp\/v2\/product_cat?post=343514"},{"taxonomy":"product_tag","embeddable":true,"href":"https:\/\/www.moskito.cz\/es\/wp-json\/wp\/v2\/product_tag?post=343514"}],"curies":[{"name":"wp","href":"https:\/\/api.w.org\/{rel}","templated":true}]}}