{"id":343545,"date":"2022-10-31T22:12:18","date_gmt":"2024-06-11T14:43:27","guid":{"rendered":"https:\/\/www.moskito.cz\/produkt\/cuchillo-de-cierre-cold-steel-hold-out-hoja-de-6-borde-serrado-completo-blk-s35vn\/"},"modified":"2025-05-07T11:16:37","modified_gmt":"2025-05-07T10:16:37","slug":"cuchillo-de-cierre-cold-steel-hold-out-hoja-de-6-borde-serrado-completo-blk-s35vn","status":"publish","type":"product","link":"https:\/\/www.moskito.cz\/es\/produkt\/cuchillo-de-cierre-cold-steel-hold-out-hoja-de-6-borde-serrado-completo-blk-s35vn\/","title":{"rendered":"Cuchillo de cierre Cold Steel HOLD OUT HOJA DE 6&#8243; BORDE SERRADO COMPLETO BLK S35VN"},"content":{"rendered":"<p>Cuchillo de cierre <strong>Cold Steel<\/strong> HOLD OUT HOJA DE 6&#8243; BORDE SERRADO COMPLETO BLK S35VN.<\/p>\n<p>COLD STEEL revivi\u00f3 la ya producida y muy popular navaja plegable Hold Out en dise\u00f1os de cuatro hojas. Sin embargo, en comparaci\u00f3n con la versi\u00f3n original, para los cuchillos utiliz\u00f3 un polvo de acero inoxidable S35VN mucho m\u00e1s noble. Este excepcional acero americano no s\u00f3lo es muy r\u00edgido y duradero, sino que tambi\u00e9n se puede utilizar para lograr un excelente afilado de cuchillos y la hoja tiene una larga durabilidad. El acero en polvo de grano muy fino con una microestructura uniforme ofrece propiedades muy estables. Es duradero incluso con una hoja de hoja muy fina, confiable y altamente resistente a la corrosi\u00f3n. Es una buena opci\u00f3n para cuchillos y herramientas personalizados de alta calidad. El proceso CPM (pseudometalurgia de polvos) garantiza una estructura de acero muy homog\u00e9nea y de alta calidad, estabilidad dimensional, buena capacidad de molienda y resistencia en comparaci\u00f3n con los aceros producidos con m\u00e9todos convencionales cl\u00e1sicos. A pesar del menor contenido de cromo, este acero muestra muy buenos resultados en el \u00e1mbito de la resistencia a la corrosi\u00f3n. El mango de los cuchillos Hold Out est\u00e1 hecho de fibra de vidrio G-10. La superficie del mango tiene una textura rugosa y no es resbaladiza incluso con manos sudorosas o mojadas. Esta serie de cuchillos tambi\u00e9n est\u00e1 equipada con la patente exclusiva de Cold Steel\u00ae Tri-Ad Lock\u2122. El bloqueo evita que el cuchillo se cierre autom\u00e1ticamente o involuntariamente incluso despu\u00e9s del desgaste natural con el tiempo.<\/p>\n<p>PARAMETROS DEL PRODUCTO<br \/>\nTama\u00f1o total: 335 mm<br \/>\nLongitud de la hoja: 152 mm<br \/>\nAcero: Acero S35VN<br \/>\nColor: Negro\/Plata<br \/>\nMaterial del mango: Mango largo G-10<br \/>\nLongitud del mango: 183 mm<br \/>\nPeso: 198,5 gramos<br \/>\nGrosor de la hoja: 3,8 mm<br \/>\nTipo de bloqueo: Bloqueo Tri-Ad<\/p>\n","protected":false},"excerpt":{"rendered":"<p>Toda la l\u00ednea de navajas Hold Out se basa en el dise\u00f1o escoc\u00e9s de la navaja fija Skean Dhu.<\/p>\n","protected":false},"featured_media":343546,"comment_status":"open","ping_status":"closed","template":"","meta":[],"pwb-brand":[3790],"product_brand":[],"product_cat":[3730,3726],"product_tag":[3756],"class_list":{"0":"post-343545","1":"product","2":"type-product","3":"status-publish","4":"has-post-thumbnail","6":"pwb-brand-arma-blanca","7":"product_cat-cuchillas-de-cierre","8":"product_cat-cuchillos","9":"product_tag-b2b-es","11":"first","12":"instock","13":"taxable","14":"shipping-taxable","15":"purchasable","16":"product-type-simple"},"brands":[{"id":3790,"name":"Arma blanca","slug":"arma-blanca"}],"_links":{"self":[{"href":"https:\/\/www.moskito.cz\/es\/wp-json\/wp\/v2\/product\/343545","targetHints":{"allow":["GET"]}}],"collection":[{"href":"https:\/\/www.moskito.cz\/es\/wp-json\/wp\/v2\/product"}],"about":[{"href":"https:\/\/www.moskito.cz\/es\/wp-json\/wp\/v2\/types\/product"}],"replies":[{"embeddable":true,"href":"https:\/\/www.moskito.cz\/es\/wp-json\/wp\/v2\/comments?post=343545"}],"wp:featuredmedia":[{"embeddable":true,"href":"https:\/\/www.moskito.cz\/es\/wp-json\/wp\/v2\/media\/343546"}],"wp:attachment":[{"href":"https:\/\/www.moskito.cz\/es\/wp-json\/wp\/v2\/media?parent=343545"}],"wp:term":[{"taxonomy":"pwb-brand","embeddable":true,"href":"https:\/\/www.moskito.cz\/es\/wp-json\/wp\/v2\/pwb-brand?post=343545"},{"taxonomy":"product_brand","embeddable":true,"href":"https:\/\/www.moskito.cz\/es\/wp-json\/wp\/v2\/product_brand?post=343545"},{"taxonomy":"product_cat","embeddable":true,"href":"https:\/\/www.moskito.cz\/es\/wp-json\/wp\/v2\/product_cat?post=343545"},{"taxonomy":"product_tag","embeddable":true,"href":"https:\/\/www.moskito.cz\/es\/wp-json\/wp\/v2\/product_tag?post=343545"}],"curies":[{"name":"wp","href":"https:\/\/api.w.org\/{rel}","templated":true}]}}