{"id":343584,"date":"2022-11-01T17:59:02","date_gmt":"2022-11-01T16:59:02","guid":{"rendered":"https:\/\/www.moskito.cz\/?post_type=product&p=343584"},"modified":"2025-05-07T11:16:40","modified_gmt":"2025-05-07T10:16:40","slug":"cuchillo-fijo-cold-steel-pendleton-mini-hunter","status":"publish","type":"product","link":"https:\/\/www.moskito.cz\/es\/produkt\/cuchillo-fijo-cold-steel-pendleton-mini-hunter\/","title":{"rendered":"Cuchillo fijo Cold Steel Pendleton Mini Hunter"},"content":{"rendered":"<p>Cuchillo fijo <strong>Cold Steel<\/strong> Pendleton Mini Hunter.<\/p>\n<p>El Pendleton Mini Hunter es un peque\u00f1o cuchillo de caza con hoja lisa. COLD STEEL produce Pendleton Hunters bas\u00e1ndose en los cuchillos del conocido fabricante de cuchillos estadounidense Lloyd Pendleton, que trabaja en estrecha colaboraci\u00f3n con la empresa y participa en el desarrollo de cuchillos de caza producidos en masa. La hoja DropPoint est\u00e1 fabricada en acero japon\u00e9s AUS 10A. Este acero inoxidable martens\u00edtico tiene muy buenas propiedades de resistencia y se utiliza principalmente como material para herramientas de corte. En comparaci\u00f3n con el AUS 8A, sujeta mejor la hoja y es m\u00e1s resistente a la abrasi\u00f3n. Luego, el acero ha sido tratado t\u00e9rmicamente para lograr el equilibrio perfecto entre retenci\u00f3n de bordes y f\u00e1cil reafilado. El mango perfectamente moldeado del cuchillo fabricado con material Kraton (Long Kray-Ex\u2122) ofrece una superficie antideslizante. Se adapta perfectamente a la mano y permite un trabajo muy delicado con el cuchillo en ambientes h\u00famedos y embarrados. El embalaje es un estuche Secure-Ex para protegerlo a usted y a la hoja. El Mini Hunter es una herramienta indispensable que puede complementar perfectamente cualquier equipo de caza o de supervivencia, y al mismo tiempo tiene un aspecto lo suficientemente discreto como para que puedas llevarlo sin preocuparte de llamar mucho la atenci\u00f3n. El importador ofrece una garant\u00eda ampliada de 5 a\u00f1os para este cuchillo.<\/p>\n<p>PARAMETROS DEL PRODUCTO<br \/>\nLongitud del mango: 92 mm<br \/>\nMaterial del mango: Kray-Ex\u2122 largo<br \/>\nMaterial de la funda: Funda Secure-Ex\u00ae<br \/>\nPeso: 57 gramos<br \/>\nColor: Negro\/Plata<br \/>\nLongitud de la hoja: 76 mm<br \/>\nTama\u00f1o total: 168 mm<br \/>\nAcero: AUS 10A<br \/>\nGrosor de la hoja: 3 mm<\/p>\n<p>&nbsp;<\/p>\n","protected":false},"excerpt":{"rendered":"<p>El Pendleton Mini Hunter es un cuchillo resistente con un filo liso.<\/p>\n","protected":false},"featured_media":343589,"comment_status":"open","ping_status":"closed","template":"","meta":[],"pwb-brand":[3790],"product_brand":[],"product_cat":[3727,3726],"product_tag":[],"class_list":{"0":"post-343584","1":"product","2":"type-product","3":"status-publish","4":"has-post-thumbnail","6":"pwb-brand-arma-blanca","7":"product_cat-cuchillos-macizos","8":"product_cat-cuchillos","10":"first","11":"instock","12":"taxable","13":"shipping-taxable","14":"purchasable","15":"product-type-simple"},"brands":[{"id":3790,"name":"Arma blanca","slug":"arma-blanca"}],"_links":{"self":[{"href":"https:\/\/www.moskito.cz\/es\/wp-json\/wp\/v2\/product\/343584","targetHints":{"allow":["GET"]}}],"collection":[{"href":"https:\/\/www.moskito.cz\/es\/wp-json\/wp\/v2\/product"}],"about":[{"href":"https:\/\/www.moskito.cz\/es\/wp-json\/wp\/v2\/types\/product"}],"replies":[{"embeddable":true,"href":"https:\/\/www.moskito.cz\/es\/wp-json\/wp\/v2\/comments?post=343584"}],"wp:featuredmedia":[{"embeddable":true,"href":"https:\/\/www.moskito.cz\/es\/wp-json\/wp\/v2\/media\/343589"}],"wp:attachment":[{"href":"https:\/\/www.moskito.cz\/es\/wp-json\/wp\/v2\/media?parent=343584"}],"wp:term":[{"taxonomy":"pwb-brand","embeddable":true,"href":"https:\/\/www.moskito.cz\/es\/wp-json\/wp\/v2\/pwb-brand?post=343584"},{"taxonomy":"product_brand","embeddable":true,"href":"https:\/\/www.moskito.cz\/es\/wp-json\/wp\/v2\/product_brand?post=343584"},{"taxonomy":"product_cat","embeddable":true,"href":"https:\/\/www.moskito.cz\/es\/wp-json\/wp\/v2\/product_cat?post=343584"},{"taxonomy":"product_tag","embeddable":true,"href":"https:\/\/www.moskito.cz\/es\/wp-json\/wp\/v2\/product_tag?post=343584"}],"curies":[{"name":"wp","href":"https:\/\/api.w.org\/{rel}","templated":true}]}}