{"id":343608,"date":"2022-11-06T21:44:41","date_gmt":"2022-11-06T20:44:41","guid":{"rendered":"https:\/\/www.moskito.cz\/produkt\/cuchillo-solido-cold-steel-cazador-forjado\/"},"modified":"2024-06-12T10:11:35","modified_gmt":"2024-06-12T09:11:35","slug":"cuchillo-solido-cold-steel-cazador-forjado","status":"publish","type":"product","link":"https:\/\/www.moskito.cz\/es\/produkt\/cuchillo-solido-cold-steel-cazador-forjado\/","title":{"rendered":"Cuchillo S\u00f3lido Cold Steel CAZADOR FORJADO"},"content":{"rendered":"<p>Cuchillo S\u00f3lido <strong>Cold Steel<\/strong> CAZADOR FORJADO.<\/p>\n<p>Nuestro Drop Forged Hunter es un pr\u00e1ctico cuchillo y herramienta de caza para exteriores. Con una hoja s\u00faper ancha y suavemente curvada, afilada y fuerte, est\u00e1 dise\u00f1ada para hacer un gran trabajo en las condiciones m\u00e1s exigentes. Con su atractivo recubrimiento en polvo resistente a la intemperie y su moderna funda Secure-Ex, el Drop Forged Hunter ofrece todas las mejores caracter\u00edsticas de un cuchillo de caza probado, \u00a1pero en un paquete completamente moderno!<\/p>\n<p>PARAMETROS DEL PRODUCTO<br \/>\nTama\u00f1o total: 219 mm<br \/>\nLongitud de la hoja: 101 mm<br \/>\nAcero: 52100 alto carbono<br \/>\nGrosor de la hoja: 5 mm<br \/>\nMaterial de la vaina: Vaina Secure-Ex\u2122<br \/>\nPeso: 243,8 gramos<br \/>\nLongitud del mango: 117 mm<br \/>\nColor gris<\/p>\n","protected":false},"excerpt":{"rendered":"<p>Cuchillo S\u00f3lido Cold Steel CAZADOR FORJADO. Nuestro Drop Forged Hunter es un pr\u00e1ctico cuchillo y herramienta de caza para exteriores. Con una hoja s\u00faper ancha y suavemente curvada, afilada y fuerte, est\u00e1 dise\u00f1ada para hacer un gran trabajo en las condiciones m\u00e1s exigentes. Con su atractivo recubrimiento en polvo resistente a la intemperie y su [&hellip;]<\/p>\n","protected":false},"featured_media":343610,"comment_status":"open","ping_status":"closed","template":"","meta":[],"pwb-brand":[3790],"product_brand":[],"product_cat":[3727,3726],"product_tag":[],"class_list":{"0":"post-343608","1":"product","2":"type-product","3":"status-publish","4":"has-post-thumbnail","6":"pwb-brand-arma-blanca","7":"product_cat-cuchillos-macizos","8":"product_cat-cuchillos","10":"first","11":"instock","12":"taxable","13":"shipping-taxable","14":"purchasable","15":"product-type-simple"},"brands":[{"id":3790,"name":"Arma blanca","slug":"arma-blanca"}],"_links":{"self":[{"href":"https:\/\/www.moskito.cz\/es\/wp-json\/wp\/v2\/product\/343608","targetHints":{"allow":["GET"]}}],"collection":[{"href":"https:\/\/www.moskito.cz\/es\/wp-json\/wp\/v2\/product"}],"about":[{"href":"https:\/\/www.moskito.cz\/es\/wp-json\/wp\/v2\/types\/product"}],"replies":[{"embeddable":true,"href":"https:\/\/www.moskito.cz\/es\/wp-json\/wp\/v2\/comments?post=343608"}],"wp:featuredmedia":[{"embeddable":true,"href":"https:\/\/www.moskito.cz\/es\/wp-json\/wp\/v2\/media\/343610"}],"wp:attachment":[{"href":"https:\/\/www.moskito.cz\/es\/wp-json\/wp\/v2\/media?parent=343608"}],"wp:term":[{"taxonomy":"pwb-brand","embeddable":true,"href":"https:\/\/www.moskito.cz\/es\/wp-json\/wp\/v2\/pwb-brand?post=343608"},{"taxonomy":"product_brand","embeddable":true,"href":"https:\/\/www.moskito.cz\/es\/wp-json\/wp\/v2\/product_brand?post=343608"},{"taxonomy":"product_cat","embeddable":true,"href":"https:\/\/www.moskito.cz\/es\/wp-json\/wp\/v2\/product_cat?post=343608"},{"taxonomy":"product_tag","embeddable":true,"href":"https:\/\/www.moskito.cz\/es\/wp-json\/wp\/v2\/product_tag?post=343608"}],"curies":[{"name":"wp","href":"https:\/\/api.w.org\/{rel}","templated":true}]}}