{"id":343620,"date":"2022-04-21T21:15:37","date_gmt":"2022-04-21T20:15:37","guid":{"rendered":"https:\/\/www.moskito.cz\/produkt\/cuchillo-solido-cold-steel-counter-tac-i\/"},"modified":"2024-06-12T10:17:32","modified_gmt":"2024-06-12T09:17:32","slug":"cuchillo-solido-cold-steel-counter-tac-i","status":"publish","type":"product","link":"https:\/\/www.moskito.cz\/es\/produkt\/cuchillo-solido-cold-steel-counter-tac-i\/","title":{"rendered":"Cuchillo S\u00f3lido Cold Steel COUNTER TAC I"},"content":{"rendered":"<p>Cuchillo S\u00f3lido <strong>Cold Steel<\/strong> COUNTER TAC I<\/p>\n<p>Nuestros cuchillos para zapatos Counter Tac fueron dise\u00f1ados con una filosof\u00eda simple en mente. Funcionalidad. Sencillo: \u00a1trabajan y sobresalen en lo que hacen! Sus afiladas cuchillas de punta completa AUS 8A est\u00e1n tratadas t\u00e9rmicamente al vac\u00edo y endurecidas bajo cero para mayor resistencia y durabilidad. El dise\u00f1o ergon\u00f3mico del mango Kray-Ex\u2122 es c\u00f3modo y adaptable a cualquier agarre, y la superficie de textura profunda y la doble protecci\u00f3n garantizan que el cuchillo no se le escape de la mano bajo ninguna circunstancia. Finalmente, cada Counter Tac viene con una funda Secure-Ex de \u00faltima generaci\u00f3n, completa con un clip extra\u00edble para zapatos\/cintur\u00f3n y orificios para amarrar, para que pueda llevarlo pr\u00e1cticamente a cualquier lugar.<\/p>\n<p>PARAMETROS DEL PRODUCTO<br \/>\nTama\u00f1o total: 241,3 mm<br \/>\nColor: Negro\/Plata<br \/>\nLongitud de la hoja: 127 mm<br \/>\nMaterial del mango: Kray-Ex\u2122 largo<br \/>\nPeso: 130,4 gramos<br \/>\nGrosor de la hoja: 5 mm<br \/>\nLongitud del mango: 114 mm<br \/>\nAcero: Acero inoxidable japon\u00e9s AUS 8A con acabado lavado a la piedra<br \/>\nMaterial de la vaina: Vaina Secure-Ex\u2122<\/p>\n<p>Nuestros cuchillos para botas Counter Tac fueron dise\u00f1ados con una filosof\u00eda simple en mente. Funcionalidad. Muy simple: \u00a1trabajan y se destacan en lo que hacen! Sus afiladas hojas de espiga completa AUS 8A est\u00e1n tratadas t\u00e9rmicamente al vac\u00edo y templadas bajo cero para mayor resistencia y durabilidad. El dise\u00f1o ergon\u00f3mico del mango Kray-Ex\u2122 es c\u00f3modo y adaptable a cualquier agarre, y la superficie de textura profunda y la doble protecci\u00f3n garantizar\u00e1n que el cuchillo no se le escape de la mano bajo ninguna circunstancia. Finalmente, cada Counter Tac se env\u00eda con una funda Secure-Ex de \u00faltima generaci\u00f3n, completa con un clip para cintur\u00f3n\/funda extra\u00edble y ranuras para amarrar para que pueda llevarlo a cualquier lugar.<br \/>\nPeso: 4,6 oz Grosor de la hoja: 5 mm Longitud de la hoja: 5&#8243; Acero de la hoja: japon\u00e9s AUS8A con acabado lavado a la piedra Longitud\/material del mango: 4-1\/2&#8243; Kray-Ex\u2122 Longitud total: 9-1\/2&#8243; Caracter\u00edsticas adicionales: Seguro -Ex\u2122 Tipo de cuchillo con vaina: Fijo Familia de acero: AUS Forma de hoja: Punta de lanza<\/p>\n","protected":false},"excerpt":{"rendered":"<div class=\"vc-commoditydetail_annotation\">\n<div class=\"annotation wysiwyg\">Los cuchillos fijos Counter TAC de la empresa COLD STEEL est\u00e1n destinados principalmente a su transporte oculto en un zapato. Su hoja tiene doble filo y cada Counter TAC viene con una funda Secure-Ex\u00ae.<\/div>\n<\/div>\n<div class=\"vc-commoditydetail_info\">\n<div class=\"items loaded\" data-module=\"vm\/CommodityDetail_Info\"><\/div>\n<\/div>\n","protected":false},"featured_media":343624,"comment_status":"open","ping_status":"closed","template":"","meta":[],"pwb-brand":[3790],"product_brand":[],"product_cat":[3727,3726],"product_tag":[],"class_list":{"0":"post-343620","1":"product","2":"type-product","3":"status-publish","4":"has-post-thumbnail","6":"pwb-brand-arma-blanca","7":"product_cat-cuchillos-macizos","8":"product_cat-cuchillos","10":"first","11":"instock","12":"taxable","13":"shipping-taxable","14":"purchasable","15":"product-type-simple"},"brands":[{"id":3790,"name":"Arma blanca","slug":"arma-blanca"}],"_links":{"self":[{"href":"https:\/\/www.moskito.cz\/es\/wp-json\/wp\/v2\/product\/343620","targetHints":{"allow":["GET"]}}],"collection":[{"href":"https:\/\/www.moskito.cz\/es\/wp-json\/wp\/v2\/product"}],"about":[{"href":"https:\/\/www.moskito.cz\/es\/wp-json\/wp\/v2\/types\/product"}],"replies":[{"embeddable":true,"href":"https:\/\/www.moskito.cz\/es\/wp-json\/wp\/v2\/comments?post=343620"}],"wp:featuredmedia":[{"embeddable":true,"href":"https:\/\/www.moskito.cz\/es\/wp-json\/wp\/v2\/media\/343624"}],"wp:attachment":[{"href":"https:\/\/www.moskito.cz\/es\/wp-json\/wp\/v2\/media?parent=343620"}],"wp:term":[{"taxonomy":"pwb-brand","embeddable":true,"href":"https:\/\/www.moskito.cz\/es\/wp-json\/wp\/v2\/pwb-brand?post=343620"},{"taxonomy":"product_brand","embeddable":true,"href":"https:\/\/www.moskito.cz\/es\/wp-json\/wp\/v2\/product_brand?post=343620"},{"taxonomy":"product_cat","embeddable":true,"href":"https:\/\/www.moskito.cz\/es\/wp-json\/wp\/v2\/product_cat?post=343620"},{"taxonomy":"product_tag","embeddable":true,"href":"https:\/\/www.moskito.cz\/es\/wp-json\/wp\/v2\/product_tag?post=343620"}],"curies":[{"name":"wp","href":"https:\/\/api.w.org\/{rel}","templated":true}]}}