{"id":343643,"date":"2022-04-20T20:21:40","date_gmt":"2024-06-12T09:23:31","guid":{"rendered":"https:\/\/www.moskito.cz\/produkt\/cuchillo-solido-cold-steel-cuchillo-para-botas-forjado\/"},"modified":"2025-05-07T11:16:41","modified_gmt":"2025-05-07T10:16:41","slug":"cuchillo-solido-cold-steel-cuchillo-para-botas-forjado","status":"publish","type":"product","link":"https:\/\/www.moskito.cz\/es\/produkt\/cuchillo-solido-cold-steel-cuchillo-para-botas-forjado\/","title":{"rendered":"Cuchillo s\u00f3lido Cold Steel CUCHILLO PARA BOTAS FORJADO"},"content":{"rendered":"<p>Cuchillo s\u00f3lido <strong>Cold Steel<\/strong> CUCHILLO PARA BOTAS FORJADO<\/p>\n<p>El cuchillo para botas forjado es un cuchillo dise\u00f1ado para llevar oculto. Con una hoja perforadora de doble filo de 5&#8243; y una punta afilada, es una herramienta de autodefensa sustancial y sorprendentemente efectiva, pero gracias a su perfil delgado y construcci\u00f3n de una sola pieza, se transporta notablemente plano sin \u00abhuellas\u00bb. adentro. El cuchillo bot\u00e1nico forjado es fuerte, afilado y tiene un tremendo poder de corte gracias a su construcci\u00f3n resistente con mango. Cada cuchillo bot\u00e1nico viene con una funda Secure-Ex y Ulti-Clip\u2122* integrado para una sujeci\u00f3n excelente y segura en un zapato. o sujeto a su cintura * Fabricado en Estados Unidos con acero para resortes 1075, el Ulti-Clip\u2122 ofrece un ajuste extremadamente seguro y un mayor potencial de cobertura.<\/p>\n<p>Descripci\u00f3n:<br \/>\nMaterial de la hoja: 52100<br \/>\nMaterial de la caja: Secure-Ex<br \/>\nLongitud de la hoja: 12,7 cm<br \/>\nLongitud total: 22,9 cm<br \/>\nLongitud del mango: 10,2 cm<br \/>\nGrosor de la hoja: 4,5 mm<br \/>\nPeso: 181 gramos<\/p>\n<p>&nbsp;<\/p>\n","protected":false},"excerpt":{"rendered":"<p><strong>El cuchillo para botas forjado de COLD STEEL es un cuchillo resistente dise\u00f1ado para llevar oculto con una hoja lisa de doble filo.<\/strong><\/p>\n","protected":false},"featured_media":343644,"comment_status":"open","ping_status":"closed","template":"","meta":[],"pwb-brand":[3790],"product_brand":[],"product_cat":[3726,3727],"product_tag":[],"class_list":{"0":"post-343643","1":"product","2":"type-product","3":"status-publish","4":"has-post-thumbnail","6":"pwb-brand-arma-blanca","7":"product_cat-cuchillos","8":"product_cat-cuchillos-macizos","10":"first","11":"outofstock","12":"taxable","13":"shipping-taxable","14":"purchasable","15":"product-type-simple"},"brands":[{"id":3790,"name":"Arma blanca","slug":"arma-blanca"}],"_links":{"self":[{"href":"https:\/\/www.moskito.cz\/es\/wp-json\/wp\/v2\/product\/343643","targetHints":{"allow":["GET"]}}],"collection":[{"href":"https:\/\/www.moskito.cz\/es\/wp-json\/wp\/v2\/product"}],"about":[{"href":"https:\/\/www.moskito.cz\/es\/wp-json\/wp\/v2\/types\/product"}],"replies":[{"embeddable":true,"href":"https:\/\/www.moskito.cz\/es\/wp-json\/wp\/v2\/comments?post=343643"}],"wp:featuredmedia":[{"embeddable":true,"href":"https:\/\/www.moskito.cz\/es\/wp-json\/wp\/v2\/media\/343644"}],"wp:attachment":[{"href":"https:\/\/www.moskito.cz\/es\/wp-json\/wp\/v2\/media?parent=343643"}],"wp:term":[{"taxonomy":"pwb-brand","embeddable":true,"href":"https:\/\/www.moskito.cz\/es\/wp-json\/wp\/v2\/pwb-brand?post=343643"},{"taxonomy":"product_brand","embeddable":true,"href":"https:\/\/www.moskito.cz\/es\/wp-json\/wp\/v2\/product_brand?post=343643"},{"taxonomy":"product_cat","embeddable":true,"href":"https:\/\/www.moskito.cz\/es\/wp-json\/wp\/v2\/product_cat?post=343643"},{"taxonomy":"product_tag","embeddable":true,"href":"https:\/\/www.moskito.cz\/es\/wp-json\/wp\/v2\/product_tag?post=343643"}],"curies":[{"name":"wp","href":"https:\/\/api.w.org\/{rel}","templated":true}]}}