{"id":343655,"date":"2021-07-22T07:39:18","date_gmt":"2021-07-22T06:39:18","guid":{"rendered":"https:\/\/www.moskito.cz\/produkt\/empujar-daga-cold-steel-safe-maker-i\/"},"modified":"2025-05-07T11:16:42","modified_gmt":"2025-05-07T10:16:42","slug":"empujar-daga-cold-steel-safe-maker-i","status":"publish","type":"product","link":"https:\/\/www.moskito.cz\/es\/produkt\/empujar-daga-cold-steel-safe-maker-i\/","title":{"rendered":"Empujar Daga Cold Steel SAFE MAKER I"},"content":{"rendered":"<p>Empujar Daga <strong>Cold Steel<\/strong> SAFE MAKER I.<\/p>\n<p>Cold Steel lleva m\u00e1s de un cuarto de siglo fabricando cuchillos de empuje. A lo largo de los a\u00f1os, hemos perfeccionado constantemente nuestros dise\u00f1os, eliminando algunas caracter\u00edsticas y mejorando otras. Nos esforzamos constantemente por producir la mejor navaja de empuje del mundo. Nuestra gama Safe Maker representa la culminaci\u00f3n de nuestro aprendizaje, experiencia, pruebas y desarrollo. Las hojas, los ejes y los clips en forma de T se mecanizan a partir de una pieza s\u00f3lida de acero inoxidable japon\u00e9s AUS8A con un acabado de piedra, luego se tratan t\u00e9rmicamente al vac\u00edo y se endurecen bajo cero para aumentar la resistencia y el rendimiento. El mango Kray-Ex moldeado encapsula el yugo y parte del eje para mayor comodidad y seguridad. Disponible en dos tama\u00f1os; Cada Safe Maker incluye un cintur\u00f3n\/funda Secure-Ex resistente y f\u00e1cil de cubrir.<\/p>\n<p>Longitud total: 163 mm<br \/>\nGrosor de la hoja: 5 mm<br \/>\nLa hoja est\u00e1 fabricada en acero AUS-8A.<br \/>\nLongitud de la hoja: 115 mm<br \/>\nPeso: 96 gramos<br \/>\nmango hecho de material Kraton<br \/>\nel caso est\u00e1 incluido<\/p>\n<p><strong>Cold Steel<\/strong> es una empresa dedicada a la producci\u00f3n de los cuchillos m\u00e1s fuertes y afilados del mundo. Durante las \u00faltimas tres d\u00e9cadas, Cold Steel ha estado a la vanguardia de muchas innovaciones que han ayudado a definir la industria de los cuchillos. Los \u00e9xitos sucesivos, incluida la introducci\u00f3n de mangos a cuadros Kraton\u00ae y estilos de hojas de punta tanto, han pasado de caracter\u00edsticas curiosas a caracter\u00edsticas industriales de calidad y sofisticaci\u00f3n. La nueva direcci\u00f3n tambi\u00e9n se rompi\u00f3 con la introducci\u00f3n de nuevas hojas de acero \u00fanicas como San Mai III\u00ae y Tri-Ad \u2122 Lock &amp; Locking Mecanismo para navajas plegables. Por ejemplo, el Tri-Ad \u2122 Lock nunca ha sido igualado por ninguno de los competidores de Cold Steel y no se ha demostrado que supere a nada de lo que han producido hasta la fecha. Por supuesto, Cold Steel siempre mirar\u00e1 hacia el futuro y se esforzar\u00e1 constantemente por producir los cuchillos m\u00e1s fuertes y afilados del mundo. Este objetivo, igualmente esquivo y dif\u00edcil de alcanzar, ha sido el mismo durante los \u00faltimos cuarenta a\u00f1os. Acero fr\u00edo Inc. es una empresa enfocada en producir los cuchillos, espadas, hachas de guerra, machetes, cubiertos y herramientas m\u00e1s fuertes y afilados para el uso diario: EDC. Adoptado r\u00e1pidamente por el ej\u00e9rcito, las fuerzas especiales del orden p\u00fablico, los servicios de emergencia, los profesionales de la autodefensa y los miembros de la comunidad de artes marciales, Cold Steel r\u00e1pidamente se hizo un nombre por su calidad, resistencia, confiabilidad y confiabilidad en el transporte diario (EDC). . Nuestra diversa y variada l\u00ednea creci\u00f3 r\u00e1pidamente hasta incluir no solo una enorme selecci\u00f3n de navajas plegables (desde hojas &#8216;EDC&#8217; m\u00e1s peque\u00f1as hasta nuestras ic\u00f3nicas &#8216;megacarpetas&#8217; gigantes), sino tambi\u00e9n hojas fijas, espadas, sables, bastones y alabardas, como \u00a1Adem\u00e1s de suministros de caza, lanzas, rifles, hachas, machetes, hachas de guerra y herramientas! A lo largo de las d\u00e9cadas, Cold Steel ha introducido nuevos materiales y dise\u00f1os pioneros que han ayudado a dar forma al mundo de los cuchillos, las armas blancas y las herramientas modernas. Desde la introducci\u00f3n de empu\u00f1aduras a cuadros Kraton\u00ae y la hoja Tanto \u201camericanizada\u201d, hasta la inclusi\u00f3n de nuevos e innovadores aceros para hojas como San Mai III\u00ae y mecanismos de bloqueo innovadores (como nuestro Tri-Ad \u2122 Lock). Mientras miramos hacia el futuro, Cold Steel contin\u00faa aportando nuevos niveles de resistencia, seguridad y rendimiento al mercado, brindando productos probados en los que puede confiar, \u00a1en cualquier momento y en cualquier lugar!<\/p>\n<p>Cold Steel lleva m\u00e1s de un cuarto de siglo fabricando cuchillos de empuje. A lo largo de los a\u00f1os hemos perfeccionado continuamente nuestros dise\u00f1os, descartando algunas caracter\u00edsticas y mejorando otras. Esforz\u00e1ndonos constantemente por producir el mejor cuchillo de empuje del mundo. Nuestra serie Safe Maker representa el pin\u00e1culo de nuestro aprendizaje, experiencia, pruebas y desarrollo. Las hojas, los ejes y las espigas en forma de \u00abT\u00bb est\u00e1n fabricados a partir de una pieza s\u00f3lida de acero inoxidable japon\u00e9s AUS8A con un acabado lavado a la piedra y luego tratado t\u00e9rmicamente al vac\u00edo y templado bajo cero para mayor resistencia y rendimiento. Un mango Kray-Ex texturizado encapsula la espiga y parte del eje para mayor comodidad y seguridad. Disponible en dos tama\u00f1os; Cada Safe Maker incluye una funda para cintur\u00f3n\/bota Secure-Ex resistente y f\u00e1cilmente ocultable.<br \/>\nPeso: 3,4 oz Grosor de la hoja: 5 mm Longitud de la hoja: 4-1\/2&#8243; Acero de la hoja: japon\u00e9s AUS8A con acabado lavado a la piedra Longitud\/material del mango: 2&#8243; Kray-Ex\u00ae Longitud total: 6-1\/2&#8243; Caracter\u00edsticas adicionales: Seguro -Ex\u00ae Tipo de cuchillo con funda: Fija Rango de longitud de la hoja: 3-5 pulgadas Familia de acero: AUS Forma de la hoja: Punta de lanza<\/p>\n<p>&nbsp;<\/p>\n","protected":false},"excerpt":{"rendered":"<p>Cold Steel Safe Maker Empujo una daga o un cuchillo de pu\u00f1o con un tama\u00f1o de hoja de 114 mm con una funda para transporte oculto.<\/p>\n","protected":false},"featured_media":343656,"comment_status":"open","ping_status":"closed","template":"","meta":[],"pwb-brand":[3790],"product_brand":[],"product_cat":[3727,3726],"product_tag":[],"class_list":{"0":"post-343655","1":"product","2":"type-product","3":"status-publish","4":"has-post-thumbnail","6":"pwb-brand-arma-blanca","7":"product_cat-cuchillos-macizos","8":"product_cat-cuchillos","10":"first","11":"instock","12":"taxable","13":"shipping-taxable","14":"purchasable","15":"product-type-simple"},"brands":[{"id":3790,"name":"Arma blanca","slug":"arma-blanca"}],"_links":{"self":[{"href":"https:\/\/www.moskito.cz\/es\/wp-json\/wp\/v2\/product\/343655","targetHints":{"allow":["GET"]}}],"collection":[{"href":"https:\/\/www.moskito.cz\/es\/wp-json\/wp\/v2\/product"}],"about":[{"href":"https:\/\/www.moskito.cz\/es\/wp-json\/wp\/v2\/types\/product"}],"replies":[{"embeddable":true,"href":"https:\/\/www.moskito.cz\/es\/wp-json\/wp\/v2\/comments?post=343655"}],"wp:featuredmedia":[{"embeddable":true,"href":"https:\/\/www.moskito.cz\/es\/wp-json\/wp\/v2\/media\/343656"}],"wp:attachment":[{"href":"https:\/\/www.moskito.cz\/es\/wp-json\/wp\/v2\/media?parent=343655"}],"wp:term":[{"taxonomy":"pwb-brand","embeddable":true,"href":"https:\/\/www.moskito.cz\/es\/wp-json\/wp\/v2\/pwb-brand?post=343655"},{"taxonomy":"product_brand","embeddable":true,"href":"https:\/\/www.moskito.cz\/es\/wp-json\/wp\/v2\/product_brand?post=343655"},{"taxonomy":"product_cat","embeddable":true,"href":"https:\/\/www.moskito.cz\/es\/wp-json\/wp\/v2\/product_cat?post=343655"},{"taxonomy":"product_tag","embeddable":true,"href":"https:\/\/www.moskito.cz\/es\/wp-json\/wp\/v2\/product_tag?post=343655"}],"curies":[{"name":"wp","href":"https:\/\/api.w.org\/{rel}","templated":true}]}}