{"id":343670,"date":"2021-07-22T09:05:16","date_gmt":"2021-07-22T08:05:16","guid":{"rendered":"https:\/\/www.moskito.cz\/produkt\/cuchillo-plegable-cold-steel-grande-luzon\/"},"modified":"2024-06-12T10:37:33","modified_gmt":"2024-06-12T09:37:33","slug":"cuchillo-plegable-cold-steel-grande-luzon","status":"publish","type":"product","link":"https:\/\/www.moskito.cz\/es\/produkt\/cuchillo-plegable-cold-steel-grande-luzon\/","title":{"rendered":"Cuchillo plegable Cold Steel GRANDE LUZON"},"content":{"rendered":"<p>Cuchillo Cierre <strong>Cold Steel<\/strong> GRANDE LUZON.<\/p>\n<p>Inspirados en varios balisongs de la colecci\u00f3n Lynns pero que funcionan como una aleta, los Luzons son una alternativa pol\u00edticamente correcta para aquellos que no pueden poseer balisongs legalmente. Compuestas de acero inoxidable 8Cr13MoV y endurecidas por expertos a 57-58 Rockwell, las hojas de Luzon tienen puntas afiladas y fuertes con suficiente hoja para ser igualmente \u00fatiles para cortar y picar. Una vez que encuentre los mangos inspirados en el bamb\u00fa, so\u00f1ar\u00e1 con Filipinas, con segmentos c\u00f3ncavos que ofrecen una gran variedad de opciones de agarre c\u00f3modas. Los mangos Luzons est\u00e1n fabricados en Glass Nylon (GFN) y son impermeables a todos los elementos.<\/p>\n<p>Agradable y econ\u00f3mico, y con el viento que abre, los Luzones son una opci\u00f3n formidable para aquellos que buscan hacer da\u00f1o. Ofreciendo un nivel de seguridad inigualable, cuentan con una robusta seguridad de ballesta y un mecanismo de seguridad secundario (patentado) que es extremadamente resistente a los impactos cuando se activa. Tus dedos estar\u00e1n seguros incluso en las peores condiciones. Disponible en dos tama\u00f1os.<\/p>\n<p>Material de la hoja: 8cr13mov<br \/>\nMaterial del mango: GFN<br \/>\nLongitud de la hoja: 15,2 cm<br \/>\nLongitud total: 34 cm<br \/>\nLongitud del mango: 18,8 cm<br \/>\nGrosor de la hoja: 3,5 mm<br \/>\nPeso: 263 gramos<br \/>\nTratamiento superficial de la hoja: Satinado<\/p>\n<p>Cold Steel es una empresa dedicada a la producci\u00f3n de los cuchillos m\u00e1s fuertes y afilados del mundo. Durante las \u00faltimas tres d\u00e9cadas, Cold Steel ha estado a la vanguardia de muchas innovaciones que han ayudado a definir la industria de los cuchillos. Los \u00e9xitos sucesivos, incluida la introducci\u00f3n de mangos a cuadros Kraton\u00ae y estilos de hojas de punta tanto, han pasado de caracter\u00edsticas curiosas a caracter\u00edsticas industriales de calidad y sofisticaci\u00f3n. La nueva direcci\u00f3n tambi\u00e9n se rompi\u00f3 con la introducci\u00f3n de nuevas hojas de acero \u00fanicas como San Mai III\u00ae y Tri-Ad \u2122 Lock &amp; Locking Mecanismo para navajas plegables. Por ejemplo, el Tri-Ad \u2122 Lock nunca ha sido igualado por ninguno de los competidores de Cold Steel y no se ha demostrado que supere a nada de lo que han producido hasta la fecha. Por supuesto, Cold Steel siempre mirar\u00e1 hacia el futuro y se esforzar\u00e1 constantemente por producir los cuchillos m\u00e1s fuertes y afilados del mundo. Este objetivo, igualmente esquivo y dif\u00edcil de alcanzar, ha sido el mismo durante los \u00faltimos cuarenta a\u00f1os. Acero fr\u00edo Inc. es una empresa enfocada en producir los cuchillos, espadas, hachas de guerra, machetes, cubiertos y herramientas m\u00e1s fuertes y afilados para el uso diario: EDC. Adoptado r\u00e1pidamente por el ej\u00e9rcito, las fuerzas especiales del orden p\u00fablico, los servicios de emergencia, los profesionales de la autodefensa y los miembros de la comunidad de artes marciales, Cold Steel r\u00e1pidamente se hizo un nombre por su calidad, resistencia, confiabilidad y confiabilidad en el transporte diario (EDC). . Nuestra diversa y variada l\u00ednea creci\u00f3 r\u00e1pidamente hasta incluir no solo una enorme selecci\u00f3n de navajas plegables (desde hojas &#8216;EDC&#8217; m\u00e1s peque\u00f1as hasta nuestras ic\u00f3nicas &#8216;megacarpetas&#8217; gigantes), sino tambi\u00e9n hojas fijas, espadas, sables, bastones y alabardas, como \u00a1Adem\u00e1s de suministros de caza, lanzas, rifles, hachas, machetes, hachas de guerra y herramientas! A lo largo de las d\u00e9cadas, Cold Steel ha introducido nuevos materiales y dise\u00f1os pioneros que han ayudado a dar forma al mundo de los cuchillos, las armas blancas y las herramientas modernas. Desde la introducci\u00f3n de empu\u00f1aduras a cuadros Kraton\u00ae y la hoja Tanto \u201camericanizada\u201d, hasta la inclusi\u00f3n de nuevos e innovadores aceros para hojas como San Mai III\u00ae y mecanismos de bloqueo innovadores (como nuestro Tri-Ad \u2122 Lock). Mientras miramos hacia el futuro, Cold Steel contin\u00faa aportando nuevos niveles de resistencia, seguridad y rendimiento al mercado, brindando productos probados en los que puede confiar, \u00a1en cualquier momento y en cualquier lugar!<\/p>\n","protected":false},"excerpt":{"rendered":"<p><strong>Luzon (Large) de COLD STEEL es una navaja plegable m\u00e1s grande con una hoja lisa. La forma de la hoja del cuchillo est\u00e1 inspirada en los balisongs filipinos.<\/strong><\/p>\n","protected":false},"featured_media":343671,"comment_status":"open","ping_status":"closed","template":"","meta":[],"pwb-brand":[3790],"product_brand":[],"product_cat":[3730,3726],"product_tag":[],"class_list":{"0":"post-343670","1":"product","2":"type-product","3":"status-publish","4":"has-post-thumbnail","6":"pwb-brand-arma-blanca","7":"product_cat-cuchillas-de-cierre","8":"product_cat-cuchillos","10":"first","11":"instock","12":"taxable","13":"shipping-taxable","14":"purchasable","15":"product-type-simple"},"brands":[{"id":3790,"name":"Arma blanca","slug":"arma-blanca"}],"_links":{"self":[{"href":"https:\/\/www.moskito.cz\/es\/wp-json\/wp\/v2\/product\/343670","targetHints":{"allow":["GET"]}}],"collection":[{"href":"https:\/\/www.moskito.cz\/es\/wp-json\/wp\/v2\/product"}],"about":[{"href":"https:\/\/www.moskito.cz\/es\/wp-json\/wp\/v2\/types\/product"}],"replies":[{"embeddable":true,"href":"https:\/\/www.moskito.cz\/es\/wp-json\/wp\/v2\/comments?post=343670"}],"wp:featuredmedia":[{"embeddable":true,"href":"https:\/\/www.moskito.cz\/es\/wp-json\/wp\/v2\/media\/343671"}],"wp:attachment":[{"href":"https:\/\/www.moskito.cz\/es\/wp-json\/wp\/v2\/media?parent=343670"}],"wp:term":[{"taxonomy":"pwb-brand","embeddable":true,"href":"https:\/\/www.moskito.cz\/es\/wp-json\/wp\/v2\/pwb-brand?post=343670"},{"taxonomy":"product_brand","embeddable":true,"href":"https:\/\/www.moskito.cz\/es\/wp-json\/wp\/v2\/product_brand?post=343670"},{"taxonomy":"product_cat","embeddable":true,"href":"https:\/\/www.moskito.cz\/es\/wp-json\/wp\/v2\/product_cat?post=343670"},{"taxonomy":"product_tag","embeddable":true,"href":"https:\/\/www.moskito.cz\/es\/wp-json\/wp\/v2\/product_tag?post=343670"}],"curies":[{"name":"wp","href":"https:\/\/api.w.org\/{rel}","templated":true}]}}