{"id":343682,"date":"2022-11-01T17:03:49","date_gmt":"2022-11-01T16:03:49","guid":{"rendered":"https:\/\/www.moskito.cz\/produkt\/cuchillo-fijo-cold-steel-outdoorsman-lite\/"},"modified":"2025-05-07T11:16:43","modified_gmt":"2025-05-07T10:16:43","slug":"cuchillo-fijo-cold-steel-outdoorsman-lite","status":"publish","type":"product","link":"https:\/\/www.moskito.cz\/es\/produkt\/cuchillo-fijo-cold-steel-outdoorsman-lite\/","title":{"rendered":"Cuchillo fijo Cold Steel Outdoorsman Lite"},"content":{"rendered":"<p>Cuchillo fijo <strong>Cold Steel<\/strong> Outdoorsman Lite.<\/p>\n<p>El Outdoorsman Lite es un cuchillo resistente con un borde liso. La hoja est\u00e1 fabricada en Acero Inoxidable 4034. Este acero inoxidable tiene propiedades comparables a las del AUS 8A o 440C. Se utiliza principalmente en la industria m\u00e9dica y farmac\u00e9utica y en la producci\u00f3n de utensilios de cocina. El Outdoorsman Lite tiene un mango bimaterial. La parte b\u00e1sica del mango est\u00e1 hecha de polipropileno de alta resistencia, que le da al cuchillo su forma y excelentes propiedades de resistencia, y la superficie est\u00e1 recubierta con un pol\u00edmero sint\u00e9tico suave y flexible llamado Kray-Ex, para que el mango no resbale. Puedes limpiarlo simplemente con agua y jab\u00f3n. El cuchillo viene con una funda Secure-Ex\u00ae.<\/p>\n<p>PARAMETROS DEL PRODUCTO<br \/>\nLongitud de la hoja: 152 mm<br \/>\nTama\u00f1o total: 279 mm<br \/>\nColor: Negro\/Plata<br \/>\nGrosor de la hoja: 3 mm<br \/>\nLongitud del mango: 127 mm<br \/>\nMaterial del mango: polipropileno de alto impacto y Kray-Ex\u2122<br \/>\nAcero: 4034SS<br \/>\nPeso: 182 gramos<\/p>\n<p>&nbsp;<\/p>\n","protected":false},"excerpt":{"rendered":"<p>Outdoorsman Lite de Cold Steel es un cuchillo s\u00f3lido simple pero muy efectivo, dise\u00f1ado para actividades al aire libre, camping, pesca u otras actividades al aire libre.<\/p>\n","protected":false},"featured_media":343683,"comment_status":"open","ping_status":"closed","template":"","meta":[],"pwb-brand":[3790],"product_brand":[],"product_cat":[3727,3726],"product_tag":[],"class_list":{"0":"post-343682","1":"product","2":"type-product","3":"status-publish","4":"has-post-thumbnail","6":"pwb-brand-arma-blanca","7":"product_cat-cuchillos-macizos","8":"product_cat-cuchillos","10":"first","11":"instock","12":"taxable","13":"shipping-taxable","14":"purchasable","15":"product-type-simple"},"brands":[{"id":3790,"name":"Arma blanca","slug":"arma-blanca"}],"_links":{"self":[{"href":"https:\/\/www.moskito.cz\/es\/wp-json\/wp\/v2\/product\/343682","targetHints":{"allow":["GET"]}}],"collection":[{"href":"https:\/\/www.moskito.cz\/es\/wp-json\/wp\/v2\/product"}],"about":[{"href":"https:\/\/www.moskito.cz\/es\/wp-json\/wp\/v2\/types\/product"}],"replies":[{"embeddable":true,"href":"https:\/\/www.moskito.cz\/es\/wp-json\/wp\/v2\/comments?post=343682"}],"wp:featuredmedia":[{"embeddable":true,"href":"https:\/\/www.moskito.cz\/es\/wp-json\/wp\/v2\/media\/343683"}],"wp:attachment":[{"href":"https:\/\/www.moskito.cz\/es\/wp-json\/wp\/v2\/media?parent=343682"}],"wp:term":[{"taxonomy":"pwb-brand","embeddable":true,"href":"https:\/\/www.moskito.cz\/es\/wp-json\/wp\/v2\/pwb-brand?post=343682"},{"taxonomy":"product_brand","embeddable":true,"href":"https:\/\/www.moskito.cz\/es\/wp-json\/wp\/v2\/product_brand?post=343682"},{"taxonomy":"product_cat","embeddable":true,"href":"https:\/\/www.moskito.cz\/es\/wp-json\/wp\/v2\/product_cat?post=343682"},{"taxonomy":"product_tag","embeddable":true,"href":"https:\/\/www.moskito.cz\/es\/wp-json\/wp\/v2\/product_tag?post=343682"}],"curies":[{"name":"wp","href":"https:\/\/api.w.org\/{rel}","templated":true}]}}