{"id":343700,"date":"2022-10-31T20:19:53","date_gmt":"2022-10-31T19:19:53","guid":{"rendered":"https:\/\/www.moskito.cz\/produkt\/cuchillo-macizo-cold-steel-mini-tac-tanto-dentado-49htfs\/"},"modified":"2025-05-07T11:16:45","modified_gmt":"2025-05-07T10:16:45","slug":"cuchillo-macizo-cold-steel-mini-tac-tanto-dentado-49htfs","status":"publish","type":"product","link":"https:\/\/www.moskito.cz\/es\/produkt\/cuchillo-macizo-cold-steel-mini-tac-tanto-dentado-49htfs\/","title":{"rendered":"Cuchillo Macizo Cold Steel MINI TAC TANTO (DENTADO) 49HTFS"},"content":{"rendered":"<p>Cuchillo Macizo Cold Steel MINI TAC TANTO (DENTADO) 49HTFS.<\/p>\n<p>\u00a1Los cuchillos Mini Tac Neck de Cold Steel son tan delgados y livianos que se pueden transportar c\u00f3modamente pr\u00e1cticamente las 24 horas del d\u00eda! Con sus duraderas fundas Secure Ex, especialmente dise\u00f1adas para sujetar bien el cuchillo y al mismo tiempo permitir un desenfundado r\u00e1pido, pueden funcionar como una pr\u00e1ctica hoja de utilidad o para acampar, un cuchillo de uso diario o una herramienta de rescate. Cada Mini Tac cuenta con empu\u00f1aduras Griv-Ex texturizadas finas y de alta calidad. Esta caracter\u00edstica les permite permanecer planos y cerca del cuerpo sin dejar de proporcionar una superficie de agarre positiva. Cuando se combinan con la empu\u00f1adura integral, estos pesos brindan a los dedos un agarre incre\u00edble y permiten un agarre notablemente seguro que resiste rodar o torcer.<\/p>\n<p>PAR\u00c1METROS DEL PRODUCTO<br \/>\n Material del mango: G-10 largo estilo Griv-Ex\u2122<br \/>\n Longitud de la hoja: 95 mm<br \/>\n Peso: 76,54 g<br \/>\n Acero: Acero inoxidable japon\u00e9s AUS 8A<br \/>\n Tama\u00f1o total: 171 mm<br \/>\n Material de la funda: Funda para el cuello Secure-Ex\u00ae con cord\u00f3n de cadena de cuentas<br \/>\n Color: Negro<br \/>\n Longitud del mango: 76,2 mm<br \/>\n Grosor de la hoja: 2,5 mm<\/p>\n","protected":false},"excerpt":{"rendered":"<p>\u00a1Los cuchillos Mini Tac Neck de Cold Steel son tan delgados y livianos que se pueden transportar c\u00f3modamente pr\u00e1cticamente las 24 horas del d\u00eda!<\/p>\n","protected":false},"featured_media":343701,"comment_status":"open","ping_status":"closed","template":"","meta":[],"pwb-brand":[3790],"product_brand":[],"product_cat":[3727,3726],"product_tag":[],"class_list":{"0":"post-343700","1":"product","2":"type-product","3":"status-publish","4":"has-post-thumbnail","6":"pwb-brand-arma-blanca","7":"product_cat-cuchillos-macizos","8":"product_cat-cuchillos","10":"first","11":"instock","12":"taxable","13":"shipping-taxable","14":"purchasable","15":"product-type-simple"},"brands":[{"id":3790,"name":"Arma blanca","slug":"arma-blanca"}],"_links":{"self":[{"href":"https:\/\/www.moskito.cz\/es\/wp-json\/wp\/v2\/product\/343700","targetHints":{"allow":["GET"]}}],"collection":[{"href":"https:\/\/www.moskito.cz\/es\/wp-json\/wp\/v2\/product"}],"about":[{"href":"https:\/\/www.moskito.cz\/es\/wp-json\/wp\/v2\/types\/product"}],"replies":[{"embeddable":true,"href":"https:\/\/www.moskito.cz\/es\/wp-json\/wp\/v2\/comments?post=343700"}],"wp:featuredmedia":[{"embeddable":true,"href":"https:\/\/www.moskito.cz\/es\/wp-json\/wp\/v2\/media\/343701"}],"wp:attachment":[{"href":"https:\/\/www.moskito.cz\/es\/wp-json\/wp\/v2\/media?parent=343700"}],"wp:term":[{"taxonomy":"pwb-brand","embeddable":true,"href":"https:\/\/www.moskito.cz\/es\/wp-json\/wp\/v2\/pwb-brand?post=343700"},{"taxonomy":"product_brand","embeddable":true,"href":"https:\/\/www.moskito.cz\/es\/wp-json\/wp\/v2\/product_brand?post=343700"},{"taxonomy":"product_cat","embeddable":true,"href":"https:\/\/www.moskito.cz\/es\/wp-json\/wp\/v2\/product_cat?post=343700"},{"taxonomy":"product_tag","embeddable":true,"href":"https:\/\/www.moskito.cz\/es\/wp-json\/wp\/v2\/product_tag?post=343700"}],"curies":[{"name":"wp","href":"https:\/\/api.w.org\/{rel}","templated":true}]}}