{"id":343725,"date":"2021-07-21T18:46:39","date_gmt":"2024-06-12T11:07:42","guid":{"rendered":"https:\/\/www.moskito.cz\/produkt\/empujando-daga-cold-steel-cuchillo-de-empuje-del-caos\/"},"modified":"2025-05-07T11:16:47","modified_gmt":"2025-05-07T10:16:47","slug":"empujando-daga-cold-steel-cuchillo-de-empuje-del-caos","status":"publish","type":"product","link":"https:\/\/www.moskito.cz\/es\/produkt\/empujando-daga-cold-steel-cuchillo-de-empuje-del-caos\/","title":{"rendered":"Empujando Daga Cold Steel CUCHILLO DE EMPUJE DEL CAOS"},"content":{"rendered":"<p>Empujador de Daga <strong>Cold Steel<\/strong> CUCHILLO DE EMPUJE DEL CAOS.<\/p>\n<p>Finalmente, el cuchillo D-guard dise\u00f1ado desde cero para prosperar en los entornos militares y de operaciones especiales m\u00e1s exigentes. Elaborado con una hoja ancha de doble filo mejorada para ser afilada, corta, corta y empuja como una motosierra con esteroides. Pero es el mango D-guard lo que lo hace verdaderamente \u00fanico, ya que ofrece una protecci\u00f3n sin precedentes para sus manos y dedos. El agarre es Griv-Ex\u2122 moldeado por inyecci\u00f3n con moldes Kray-Ex\u2122 de precisi\u00f3n para mayor comodidad y resistencia al impacto. Permite golpes de percusi\u00f3n multidireccionales con trituradoras de cr\u00e1neo dobles que son extra\u00edbles. La funda Secure-Ex\u00ae es muy funcional y viene con una presilla de Cordura para que puedas llevar siempre el cuchillo Chaos Push a tu lado.<\/p>\n<p>Acero: SK-5 alto carbono<br \/>\nLongitud de la hoja: 127 mm<br \/>\nLongitud de la hoja: 203 mm<br \/>\nLongitud del mango: 76 mm<br \/>\nGrosor de la hoja: 5 mm<br \/>\nMarco de protecci\u00f3n de mango de aluminio 6061 de alta resistencia.<br \/>\nP\u00faas de acero inoxidable desmontables en ambos extremos del mango.<br \/>\nEn el paquete se incluye una funda Secure-Ex en una combinaci\u00f3n de nailon y pol\u00edmero.<\/p>\n<p><strong>Cold Steel<\/strong> es una empresa dedicada a la producci\u00f3n de los cuchillos m\u00e1s fuertes y afilados del mundo. Durante las \u00faltimas tres d\u00e9cadas, Cold Steel ha estado a la vanguardia de muchas innovaciones que han ayudado a definir la industria de los cuchillos. Los \u00e9xitos sucesivos, incluida la introducci\u00f3n de mangos a cuadros Kraton\u00ae y estilos de hojas de punta tanto, han pasado de caracter\u00edsticas curiosas a caracter\u00edsticas industriales de calidad y sofisticaci\u00f3n. La nueva direcci\u00f3n tambi\u00e9n se rompi\u00f3 con la introducci\u00f3n de nuevas hojas de acero \u00fanicas como San Mai III\u00ae y Tri-Ad \u2122 Lock &amp; Locking Mecanismo para navajas plegables. Por ejemplo, el Tri-Ad \u2122 Lock nunca ha sido igualado por ninguno de los competidores de Cold Steel y no se ha demostrado que supere a nada de lo que han producido hasta la fecha. Por supuesto, Cold Steel siempre mirar\u00e1 hacia el futuro y se esforzar\u00e1 constantemente por producir los cuchillos m\u00e1s fuertes y afilados del mundo. Este objetivo, igualmente esquivo y dif\u00edcil de alcanzar, ha sido el mismo durante los \u00faltimos cuarenta a\u00f1os. Acero fr\u00edo Inc. es una empresa enfocada en producir los cuchillos, espadas, hachas de guerra, machetes, cubiertos y herramientas m\u00e1s fuertes y afilados para el uso diario: EDC. Adoptado r\u00e1pidamente por el ej\u00e9rcito, las fuerzas especiales del orden p\u00fablico, los servicios de emergencia, los profesionales de la autodefensa y los miembros de la comunidad de artes marciales, Cold Steel r\u00e1pidamente se hizo un nombre por su calidad, resistencia, confiabilidad y confiabilidad en el transporte diario (EDC). . Nuestra diversa y variada l\u00ednea creci\u00f3 r\u00e1pidamente hasta incluir no solo una enorme selecci\u00f3n de navajas plegables (desde hojas &#8216;EDC&#8217; m\u00e1s peque\u00f1as hasta nuestras ic\u00f3nicas &#8216;megacarpetas&#8217; gigantes), sino tambi\u00e9n hojas fijas, espadas, sables, bastones y alabardas, como \u00a1Adem\u00e1s de suministros de caza, lanzas, rifles, hachas, machetes, hachas de guerra y herramientas! A lo largo de las d\u00e9cadas, Cold Steel ha introducido nuevos materiales y dise\u00f1os pioneros que han ayudado a dar forma al mundo de los cuchillos, las armas blancas y las herramientas modernas. Desde la introducci\u00f3n de empu\u00f1aduras a cuadros Kraton\u00ae y la hoja Tanto \u201camericanizada\u201d, hasta la inclusi\u00f3n de nuevos e innovadores aceros para hojas como San Mai III\u00ae y mecanismos de bloqueo innovadores (como nuestro Tri-Ad \u2122 Lock). Mientras miramos hacia el futuro, Cold Steel contin\u00faa aportando nuevos niveles de resistencia, seguridad y rendimiento al mercado, brindando productos probados en los que puede confiar, \u00a1en cualquier momento y en cualquier lugar!<\/p>\n<p>Finalmente, una navaja de empuje D-guard dise\u00f1ada desde cero para prosperar en los entornos militares y de operaciones especiales m\u00e1s dif\u00edciles. Fabricada con una hoja ancha de doble filo afilada hasta alcanzar el filo de una navaja, corta, corta y empuja como una motosierra con esteroides. Pero es el mango D-guard lo que realmente lo hace \u00fanico, ya que ofrece una protecci\u00f3n sin precedentes para la mano y los dedos. El mango est\u00e1 moldeado por inyecci\u00f3n en Griv-Ex\u2122 con sobremoldes Kray-Ex\u2122 para mayor comodidad y resistencia a los golpes. Permite golpes de percusi\u00f3n multidireccionales gracias a sus pomos gemelos trituradores de cr\u00e1neos, que son extra\u00edbles. La funda Secure-Ex\u00ae es muy funcional y viene con una trabilla para cintur\u00f3n de Cordura, por lo que puede llevar el Chaos Push Knife a su lado en todo momento.<br \/>\nPeso: 5 oz Tipo de cuchillo: Fijo Familia de productos: Chaos Steel Familia: Aceros con alto contenido de carbono<\/p>\n<p>&nbsp;<\/p>\n","protected":false},"excerpt":{"rendered":"<p>El Chaos Push Knife es un cuchillo s\u00f3lido con una hoja lisa. El cuchillo est\u00e1 dominado por un protector de mano en forma de \u00abD\u00bb fabricado en aluminio 6061 de alta resistencia.<\/p>\n","protected":false},"featured_media":343726,"comment_status":"open","ping_status":"closed","template":"","meta":[],"pwb-brand":[3790],"product_brand":[],"product_cat":[3726,3727],"product_tag":[],"class_list":{"0":"post-343725","1":"product","2":"type-product","3":"status-publish","4":"has-post-thumbnail","6":"pwb-brand-arma-blanca","7":"product_cat-cuchillos","8":"product_cat-cuchillos-macizos","10":"first","11":"instock","12":"taxable","13":"shipping-taxable","14":"purchasable","15":"product-type-simple"},"brands":[{"id":3790,"name":"Arma blanca","slug":"arma-blanca"}],"_links":{"self":[{"href":"https:\/\/www.moskito.cz\/es\/wp-json\/wp\/v2\/product\/343725","targetHints":{"allow":["GET"]}}],"collection":[{"href":"https:\/\/www.moskito.cz\/es\/wp-json\/wp\/v2\/product"}],"about":[{"href":"https:\/\/www.moskito.cz\/es\/wp-json\/wp\/v2\/types\/product"}],"replies":[{"embeddable":true,"href":"https:\/\/www.moskito.cz\/es\/wp-json\/wp\/v2\/comments?post=343725"}],"wp:featuredmedia":[{"embeddable":true,"href":"https:\/\/www.moskito.cz\/es\/wp-json\/wp\/v2\/media\/343726"}],"wp:attachment":[{"href":"https:\/\/www.moskito.cz\/es\/wp-json\/wp\/v2\/media?parent=343725"}],"wp:term":[{"taxonomy":"pwb-brand","embeddable":true,"href":"https:\/\/www.moskito.cz\/es\/wp-json\/wp\/v2\/pwb-brand?post=343725"},{"taxonomy":"product_brand","embeddable":true,"href":"https:\/\/www.moskito.cz\/es\/wp-json\/wp\/v2\/product_brand?post=343725"},{"taxonomy":"product_cat","embeddable":true,"href":"https:\/\/www.moskito.cz\/es\/wp-json\/wp\/v2\/product_cat?post=343725"},{"taxonomy":"product_tag","embeddable":true,"href":"https:\/\/www.moskito.cz\/es\/wp-json\/wp\/v2\/product_tag?post=343725"}],"curies":[{"name":"wp","href":"https:\/\/api.w.org\/{rel}","templated":true}]}}