{"id":343744,"date":"2022-10-31T22:27:30","date_gmt":"2022-10-31T21:27:30","guid":{"rendered":"https:\/\/www.moskito.cz\/produkt\/cuchillo-fijo-cold-steel-double-agent-i\/"},"modified":"2025-05-07T11:16:47","modified_gmt":"2025-05-07T10:16:47","slug":"cuchillo-fijo-cold-steel-double-agent-i","status":"publish","type":"product","link":"https:\/\/www.moskito.cz\/es\/produkt\/cuchillo-fijo-cold-steel-double-agent-i\/","title":{"rendered":"Cuchillo Fijo Cold Steel DOUBLE AGENT I"},"content":{"rendered":"<p>Cuchillo S\u00f3lido <strong>Cold Steel<\/strong> DOBLE AGENTE I.<\/p>\n<p>Dise\u00f1ados por el fabricante de cuchillos personalizados Zach Whitson, los cuchillos Cold&#8217;s Double Agent est\u00e1n disponibles con una hoja Karambit o Clip Point. Delgados, planos y s\u00faper livianos (\u00a1poco m\u00e1s de 3 onzas, incluido el estuche seguro!) que son f\u00e1ciles de ocultar y muy c\u00f3modos de transportar. Sin embargo, su caracter\u00edstica m\u00e1s notable y llamativa es el dise\u00f1o del mango de doble anillo. Pase los dedos \u00edndice y me\u00f1ique por los anillos de acero integrales y cierre el pu\u00f1o para lograr un agarre c\u00f3modo y seguro.<\/p>\n<p>PARAMETROS DEL PRODUCTO<br \/>\nColor: Negro\/Plata<br \/>\nMaterial de la funda: Funda Secure-Ex\u00ae<br \/>\nAcero: Japon\u00e9s AUS 8A Inoxidable<br \/>\nTama\u00f1o total: 193 mm<br \/>\nMaterial del mango: Largo con Griv-Ex Grip<br \/>\nGrosor de la hoja: 2,3 mm<br \/>\nPeso: 68,03 gramos<br \/>\nLongitud del mango: 117 mm<\/p>\n","protected":false},"excerpt":{"rendered":"<p>Double Agent de Cold, dise\u00f1ado por el fabricante de cuchillos personalizados Zach Whitson.<\/p>\n","protected":false},"featured_media":343745,"comment_status":"open","ping_status":"closed","template":"","meta":[],"pwb-brand":[3790],"product_brand":[],"product_cat":[3727,3726],"product_tag":[],"class_list":{"0":"post-343744","1":"product","2":"type-product","3":"status-publish","4":"has-post-thumbnail","6":"pwb-brand-arma-blanca","7":"product_cat-cuchillos-macizos","8":"product_cat-cuchillos","10":"first","11":"instock","12":"taxable","13":"shipping-taxable","14":"purchasable","15":"product-type-simple"},"brands":[{"id":3790,"name":"Arma blanca","slug":"arma-blanca"}],"_links":{"self":[{"href":"https:\/\/www.moskito.cz\/es\/wp-json\/wp\/v2\/product\/343744","targetHints":{"allow":["GET"]}}],"collection":[{"href":"https:\/\/www.moskito.cz\/es\/wp-json\/wp\/v2\/product"}],"about":[{"href":"https:\/\/www.moskito.cz\/es\/wp-json\/wp\/v2\/types\/product"}],"replies":[{"embeddable":true,"href":"https:\/\/www.moskito.cz\/es\/wp-json\/wp\/v2\/comments?post=343744"}],"wp:featuredmedia":[{"embeddable":true,"href":"https:\/\/www.moskito.cz\/es\/wp-json\/wp\/v2\/media\/343745"}],"wp:attachment":[{"href":"https:\/\/www.moskito.cz\/es\/wp-json\/wp\/v2\/media?parent=343744"}],"wp:term":[{"taxonomy":"pwb-brand","embeddable":true,"href":"https:\/\/www.moskito.cz\/es\/wp-json\/wp\/v2\/pwb-brand?post=343744"},{"taxonomy":"product_brand","embeddable":true,"href":"https:\/\/www.moskito.cz\/es\/wp-json\/wp\/v2\/product_brand?post=343744"},{"taxonomy":"product_cat","embeddable":true,"href":"https:\/\/www.moskito.cz\/es\/wp-json\/wp\/v2\/product_cat?post=343744"},{"taxonomy":"product_tag","embeddable":true,"href":"https:\/\/www.moskito.cz\/es\/wp-json\/wp\/v2\/product_tag?post=343744"}],"curies":[{"name":"wp","href":"https:\/\/api.w.org\/{rel}","templated":true}]}}