{"id":343751,"date":"2022-09-27T21:07:10","date_gmt":"2024-06-12T11:24:36","guid":{"rendered":"https:\/\/www.moskito.cz\/produkt\/cuchillo-fijo-crkt-mediachance-k920kkp\/"},"modified":"2025-05-07T11:16:48","modified_gmt":"2025-05-07T10:16:48","slug":"cuchillo-fijo-crkt-mediachance-k920kkp","status":"publish","type":"product","link":"https:\/\/www.moskito.cz\/es\/produkt\/cuchillo-fijo-crkt-mediachance-k920kkp\/","title":{"rendered":"Cuchillo Fijo CRKT MEDIACHANCE K920KKP"},"content":{"rendered":"<p>Cuchillo Fijo <strong>CRKT<\/strong> MEDIACHANCE K920KKP.<\/p>\n<p>Con una hoja de tama\u00f1o generoso, un mango c\u00f3modo y una funda de nailon reforzado, es un paraang de supervivencia que puedes usar cuando eres tu propio equipo de rescate.<\/p>\n<p>El Halfachance\u2122 es una enorme y s\u00f3lida hoja de parang de supervivencia dise\u00f1ada por el galardonado fabricante de cuchillos personalizados Ken Onion de Kaneohe, HI, para ser duradera, resistente y funcionar como un buey. La resistente hoja de acero al carbono tiene una capa de polvo negro que es duradera en ambientes extremos. Construido para un uso intensivo, gana f\u00e1cilmente una ventaja en el terreno una vez que hayas salido de las profundidades de la jungla.<\/p>\n<p>La mitad de la batalla en cualquier situaci\u00f3n de supervivencia es contra tu propio agotamiento f\u00edsico. Para evitar esto, el mango moldeado por inyecci\u00f3n doble est\u00e1 dise\u00f1ado ergon\u00f3micamente para reducir la fatiga de la mano y tiene m\u00faltiples orificios para cuerda para diferentes opciones de agarre. El resultado es un corte m\u00e1s eficiente cuando necesitas cortar tu propio camino. Literalmente.<\/p>\n<p>Este parang cuenta con una funda de nailon reforzado con un exclusivo sistema de velcro que se puede cambiar entre dos posiciones: colgado o sujeto al cintur\u00f3n. Un colgante de paracord adicional se fija a la funda para emergencias o para atar este par a una carga, un cami\u00f3n o una mula.<\/p>\n<p>Busca la espada que te llevar\u00e1 a casa sano y salvo, incluso si solo tienes Halfachance\u2122 para sobrevivir.<\/p>\n<p>ESPECIFICACIONES<br \/>\nLongitud de la hoja 14,00&#8243; (355,60 mm)<br \/>\nHoja de hoja Lisa<br \/>\nHoja de acero Acero al carbono 65Mn<br \/>\nTratamiento de superficie de la hoja con recubrimiento en polvo<br \/>\nGrosor de la hoja 0,10&#8243; (2,54 mm)<br \/>\nLongitud total 19,50&#8243; (495,30 mm)<br \/>\nPeso 0,58 kg (1,28 libras)<br \/>\nMango de nailon reforzado con fibra de vidrio y revestimiento de goma.<br \/>\nEstilo Cuchillo de hoja fija con funda.<br \/>\nMaterial de la carcasa Nailon tejido<br \/>\nPeso de la carcasa 6,10 oz (172,93 g)<\/p>\n<p><iframe title=\"CRKT Halfachance Parang | by Ken Onion\" width=\"800\" height=\"450\" src=\"https:\/\/www.youtube.com\/embed\/chsRGpztVDQ?feature=oembed\" frameborder=\"0\" allow=\"accelerometer; autoplay; clipboard-write; encrypted-media; gyroscope; picture-in-picture; web-share\" referrerpolicy=\"strict-origin-when-cross-origin\" allowfullscreen><\/iframe><\/p>\n<p>&nbsp;<\/p>\n<p>&nbsp;<\/p>\n","protected":false},"excerpt":{"rendered":"<p>Dise\u00f1ado por Ken Onion en Kaneohe, Hawaii.<\/p>\n","protected":false},"featured_media":343752,"comment_status":"open","ping_status":"closed","template":"","meta":[],"pwb-brand":[3765],"product_brand":[],"product_cat":[3726,3727],"product_tag":[3756],"class_list":{"0":"post-343751","1":"product","2":"type-product","3":"status-publish","4":"has-post-thumbnail","6":"pwb-brand-crkt-es","7":"product_cat-cuchillos","8":"product_cat-cuchillos-macizos","9":"product_tag-b2b-es","11":"first","12":"outofstock","13":"taxable","14":"shipping-taxable","15":"purchasable","16":"product-type-simple"},"brands":[{"id":3765,"name":"CRKT","slug":"crkt-es"}],"_links":{"self":[{"href":"https:\/\/www.moskito.cz\/es\/wp-json\/wp\/v2\/product\/343751","targetHints":{"allow":["GET"]}}],"collection":[{"href":"https:\/\/www.moskito.cz\/es\/wp-json\/wp\/v2\/product"}],"about":[{"href":"https:\/\/www.moskito.cz\/es\/wp-json\/wp\/v2\/types\/product"}],"replies":[{"embeddable":true,"href":"https:\/\/www.moskito.cz\/es\/wp-json\/wp\/v2\/comments?post=343751"}],"wp:featuredmedia":[{"embeddable":true,"href":"https:\/\/www.moskito.cz\/es\/wp-json\/wp\/v2\/media\/343752"}],"wp:attachment":[{"href":"https:\/\/www.moskito.cz\/es\/wp-json\/wp\/v2\/media?parent=343751"}],"wp:term":[{"taxonomy":"pwb-brand","embeddable":true,"href":"https:\/\/www.moskito.cz\/es\/wp-json\/wp\/v2\/pwb-brand?post=343751"},{"taxonomy":"product_brand","embeddable":true,"href":"https:\/\/www.moskito.cz\/es\/wp-json\/wp\/v2\/product_brand?post=343751"},{"taxonomy":"product_cat","embeddable":true,"href":"https:\/\/www.moskito.cz\/es\/wp-json\/wp\/v2\/product_cat?post=343751"},{"taxonomy":"product_tag","embeddable":true,"href":"https:\/\/www.moskito.cz\/es\/wp-json\/wp\/v2\/product_tag?post=343751"}],"curies":[{"name":"wp","href":"https:\/\/api.w.org\/{rel}","templated":true}]}}