{"id":343756,"date":"2022-10-31T21:44:05","date_gmt":"2024-06-12T11:24:38","guid":{"rendered":"https:\/\/www.moskito.cz\/produkt\/cuchillo-plegable-kudu-de-acero-frio\/"},"modified":"2025-05-07T11:16:48","modified_gmt":"2025-05-07T10:16:48","slug":"cuchillo-plegable-kudu-de-acero-frio","status":"publish","type":"product","link":"https:\/\/www.moskito.cz\/es\/produkt\/cuchillo-plegable-kudu-de-acero-frio\/","title":{"rendered":"Cuchillo plegable KUDU de acero fr\u00edo"},"content":{"rendered":"<p>Navaja plegable KUDU <strong>de acero fr\u00edo<\/strong> .<\/p>\n<p>El Cold Steel Kudu se inspira en las cl\u00e1sicas navajas africanas con cierre de anilla. Estas hojas altamente funcionales pertenecen y son usadas por personas de todos los \u00e1mbitos de la vida y son la herramienta de elecci\u00f3n diaria para casi todas las tareas imaginables. Han resistido la prueba del tiempo y se han utilizado continuamente durante siglos, y por una buena raz\u00f3n: \u00a1funcionan! Nuestro Kudu cuenta con una hoja de acero inoxidable altamente duradera y bellamente pulida como espejo que ha sido tratada t\u00e9rmicamente por expertos para ofrecer un excelente equilibrio entre retenci\u00f3n de bordes y f\u00e1cil reafilado. El mango est\u00e1 hecho de Zy-Ex duradero reforzado con vidrio y presenta una atractiva textura de madera y adornos plateados pulidos. Kudu es incre\u00edblemente ligero, vers\u00e1til y funcional, y asequible para casi cualquier presupuesto.<\/p>\n<p>PARAMETROS DEL PRODUCTO<br \/>\nAcero: 5Cr15MoV<br \/>\nLongitud de la hoja: 107 mm<br \/>\nMaterial del mango: Largo Zy-Ex\u2122<br \/>\nGrosor de la hoja: 2 mm<br \/>\nColor: Negro\/Plata<br \/>\nPeso: 76 gramos<br \/>\nLongitud del mango: 146 mm<br \/>\nTama\u00f1o total: 254 mm<br \/>\nTipo de fusible: fusible de anillo<\/p>\n","protected":false},"excerpt":{"rendered":"<p>El Cold Steel Kudu se inspira en las cl\u00e1sicas navajas africanas con cierre de anilla.<\/p>\n","protected":false},"featured_media":343762,"comment_status":"open","ping_status":"closed","template":"","meta":[],"pwb-brand":[3790],"product_brand":[],"product_cat":[3730,3726],"product_tag":[],"class_list":{"0":"post-343756","1":"product","2":"type-product","3":"status-publish","4":"has-post-thumbnail","6":"pwb-brand-arma-blanca","7":"product_cat-cuchillas-de-cierre","8":"product_cat-cuchillos","10":"first","11":"instock","12":"taxable","13":"shipping-taxable","14":"purchasable","15":"product-type-simple"},"brands":[{"id":3790,"name":"Arma blanca","slug":"arma-blanca"}],"_links":{"self":[{"href":"https:\/\/www.moskito.cz\/es\/wp-json\/wp\/v2\/product\/343756","targetHints":{"allow":["GET"]}}],"collection":[{"href":"https:\/\/www.moskito.cz\/es\/wp-json\/wp\/v2\/product"}],"about":[{"href":"https:\/\/www.moskito.cz\/es\/wp-json\/wp\/v2\/types\/product"}],"replies":[{"embeddable":true,"href":"https:\/\/www.moskito.cz\/es\/wp-json\/wp\/v2\/comments?post=343756"}],"wp:featuredmedia":[{"embeddable":true,"href":"https:\/\/www.moskito.cz\/es\/wp-json\/wp\/v2\/media\/343762"}],"wp:attachment":[{"href":"https:\/\/www.moskito.cz\/es\/wp-json\/wp\/v2\/media?parent=343756"}],"wp:term":[{"taxonomy":"pwb-brand","embeddable":true,"href":"https:\/\/www.moskito.cz\/es\/wp-json\/wp\/v2\/pwb-brand?post=343756"},{"taxonomy":"product_brand","embeddable":true,"href":"https:\/\/www.moskito.cz\/es\/wp-json\/wp\/v2\/product_brand?post=343756"},{"taxonomy":"product_cat","embeddable":true,"href":"https:\/\/www.moskito.cz\/es\/wp-json\/wp\/v2\/product_cat?post=343756"},{"taxonomy":"product_tag","embeddable":true,"href":"https:\/\/www.moskito.cz\/es\/wp-json\/wp\/v2\/product_tag?post=343756"}],"curies":[{"name":"wp","href":"https:\/\/api.w.org\/{rel}","templated":true}]}}