{"id":343811,"date":"2022-04-17T21:36:27","date_gmt":"2022-04-17T20:36:27","guid":{"rendered":"https:\/\/www.moskito.cz\/produkt\/cuchillo-plegable-cold-steel-sr1\/"},"modified":"2025-05-07T11:16:50","modified_gmt":"2025-05-07T10:16:50","slug":"cuchillo-plegable-cold-steel-sr1","status":"publish","type":"product","link":"https:\/\/www.moskito.cz\/es\/produkt\/cuchillo-plegable-cold-steel-sr1\/","title":{"rendered":"Cuchillo plegable Cold Steel SR1"},"content":{"rendered":"<p>Navaja plegable <strong>Cold Steel<\/strong> SR1.<\/p>\n<p><strong>El Cold Steel SRK<\/strong> (Survival Rescue Knife) ha sido el orgulloso buque insignia de nuestra gama durante m\u00e1s de 25 a\u00f1os. El cuchillo elegido por muchos de nuestros hermanos y hermanas en el ej\u00e9rcito sigue siendo la hoja fija est\u00e1ndar de los Navy SEAL durante el entrenamiento BUDS. As\u00ed que no es de extra\u00f1ar que cuando le encargamos al fabricante de cuchillos personalizados Andrew Demko que desarrollara un nuevo cuchillo plegable t\u00e1ctico de alta gama para uso militar, \u00a1se inspirara en el legendario SRK! El SR1 presenta el estilo minimalista caracter\u00edstico de Andrews, sin florituras ni lujos, solo un dise\u00f1o pr\u00e1ctico y puramente funcional. La hoja SR1 de alta resistencia est\u00e1 dise\u00f1ada para trabajar. Fabricado con acero con recubrimiento en polvo CPM-S35VN de primera calidad de EE. UU. de 5 mm de espesor, es un caballo de batalla de alta resistencia, dise\u00f1ado para los entornos m\u00e1s duros e implacables. Una buena hoja necesita un buen mango, por eso el mango SR1 est\u00e1 hecho de G-10 de primera calidad con inserciones de acero tratado t\u00e9rmicamente. Con un orificio para cord\u00f3n integrado y una superficie con textura rugosa para un agarre seguro incluso en condiciones de fr\u00edo y humedad y una forma experta para un agarre c\u00f3modo y seguro incluso con guantes pesados. Para mayor confiabilidad y tranquilidad, hemos equipado el SR1 con nuestro mecanismo de bloqueo Tri-Ad de renombre mundial, probado una y otra vez para resistir los peores abusos, con impactos y resistencia al impacto incomparables, lo que convierte a este cuchillo en la opci\u00f3n ideal para \u00a1Una espada de supervivencia destinada a la \u00e9lite de guerra de nuestras naciones! condiciones h\u00famedas y con una forma experta para permitir un agarre c\u00f3modo y seguro incluso con guantes pesados. Para mayor confiabilidad y tranquilidad, hemos equipado el SR1 con nuestro mecanismo de bloqueo Tri-Ad de renombre mundial, probado una y otra vez para resistir los peores abusos, con impactos y resistencia al impacto incomparables, lo que convierte a este cuchillo en la opci\u00f3n ideal para \u00a1Una espada de supervivencia destinada a la \u00e9lite de guerra de nuestras naciones! condiciones h\u00famedas y con una forma experta para permitir un agarre c\u00f3modo y seguro incluso con guantes pesados. Para mayor confiabilidad y tranquilidad, hemos equipado el SR1 con nuestro mecanismo de bloqueo Tri-Ad de renombre mundial, probado una y otra vez para resistir los peores abusos, con impactos y resistencia al impacto incomparables, lo que convierte a este cuchillo en la opci\u00f3n ideal para \u00a1Una espada de supervivencia destinada a la \u00e9lite de guerra de nuestras naciones!<\/p>\n<p>PARAMETROS DEL PRODUCTO<br \/>\nLongitud de la hoja: 101 mm<br \/>\nTama\u00f1o total: 238 mm<br \/>\nAcero: CPM-S35VN<br \/>\nPeso: 198,44 gramos<br \/>\nGrosor de la hoja: 4,8 mm<br \/>\nTipo de fusible: Tri-Ad Lock<br \/>\nMaterial del mango: Largo OD Verde G10<br \/>\nColor : Verde\/Plata<br \/>\nMaterial de la caja: bolsillo ambidiestro\/clip para cintur\u00f3n<br \/>\nLongitud del mango: 137 mm<\/p>\n<p>El Cold Steel SRK (Survival Rescue Knife) ha sido una hoja insignia orgullosa de nuestra l\u00ednea durante m\u00e1s de 25 a\u00f1os. El cuchillo elegido por muchos de nuestros hermanos y hermanas en el ej\u00e9rcito, sigue siendo la hoja fija est\u00e1ndar de los Navy SEAL durante el entrenamiento BUDS hasta el d\u00eda de hoy. No es de extra\u00f1ar, entonces, que cuando le encargamos al fabricante de cuchillos personalizados Andrew Demko que desarrollara un nuevo cuchillo plegable t\u00e1ctico de alta gama para aplicaciones militares, \u00a1se inspir\u00f3 en el legendario SRK! El SR1 presenta el estilo minimalista caracter\u00edstico de Andrews, sin florituras ni adornos innecesarios, solo un dise\u00f1o puramente funcional, sensato y pr\u00e1ctico. La hoja de alta resistencia SR1 est\u00e1 hecha para trabajar. Fabricado con acero en polvo premium americano CPM-S35VN de 5 mm de espesor, es un caballo de batalla de alta resistencia, dise\u00f1ado para los entornos m\u00e1s duros e implacables. Una buena hoja necesita un buen mango, por lo que el mango del SR1 est\u00e1 hecho de G-10 de primera calidad con revestimientos de acero anidados tratados t\u00e9rmicamente. Con un orificio para cord\u00f3n integrado y una superficie de textura gruesa para un agarre seguro incluso en condiciones de fr\u00edo y humedad, y con un contorno experto para permitir un agarre c\u00f3modo y seguro incluso con guantes gruesos. Para mayor confiabilidad y tranquilidad, equipamos el SR1 con nuestro mundialmente famoso mecanismo de bloqueo Tri-Ad, probado una y otra vez para resistir incluso el peor abuso, con una resistencia incomparable a golpes e impactos, lo que convierte a este cuchillo en la opci\u00f3n ideal para un \u00a1Hoja de rescate de supervivencia destinada a la \u00e9lite guerrera de nuestras naciones!<\/p>\n<p>Peso: 7 oz Grosor de la hoja: 4,8 mm Longitud de la hoja: 4 pulgadas Acero de la hoja: S35VN Longitud\/material del mango: 5-3\/8 pulgadas G-10 (OD verde) Longitud total: 9-3\/8 pulgadas Caracter\u00edsticas adicionales: Navaja ambidiestra de bolsillo\/con clip para cintur\u00f3n Tipo: Carpeta Rango de longitud de la hoja: 3-5 pulgadas Familia de acero: CPM Forma de la hoja: Punta de clip Familia de productos: SR1 Mecanismo de bloqueo: Bloqueo Tri-Ad<\/p>\n","protected":false},"excerpt":{"rendered":"<p>SR1 de <strong>COLD STEEL<\/strong> es una navaja plegable con hoja lisa. El SR1 es un cuchillo multiusos dise\u00f1ado para usarse en las condiciones m\u00e1s exigentes.<\/p>\n","protected":false},"featured_media":343812,"comment_status":"open","ping_status":"closed","template":"","meta":[],"pwb-brand":[3790],"product_brand":[],"product_cat":[3730,3726],"product_tag":[],"class_list":{"0":"post-343811","1":"product","2":"type-product","3":"status-publish","4":"has-post-thumbnail","6":"pwb-brand-arma-blanca","7":"product_cat-cuchillas-de-cierre","8":"product_cat-cuchillos","10":"first","11":"instock","12":"taxable","13":"shipping-taxable","14":"purchasable","15":"product-type-simple"},"brands":[{"id":3790,"name":"Arma blanca","slug":"arma-blanca"}],"_links":{"self":[{"href":"https:\/\/www.moskito.cz\/es\/wp-json\/wp\/v2\/product\/343811","targetHints":{"allow":["GET"]}}],"collection":[{"href":"https:\/\/www.moskito.cz\/es\/wp-json\/wp\/v2\/product"}],"about":[{"href":"https:\/\/www.moskito.cz\/es\/wp-json\/wp\/v2\/types\/product"}],"replies":[{"embeddable":true,"href":"https:\/\/www.moskito.cz\/es\/wp-json\/wp\/v2\/comments?post=343811"}],"wp:featuredmedia":[{"embeddable":true,"href":"https:\/\/www.moskito.cz\/es\/wp-json\/wp\/v2\/media\/343812"}],"wp:attachment":[{"href":"https:\/\/www.moskito.cz\/es\/wp-json\/wp\/v2\/media?parent=343811"}],"wp:term":[{"taxonomy":"pwb-brand","embeddable":true,"href":"https:\/\/www.moskito.cz\/es\/wp-json\/wp\/v2\/pwb-brand?post=343811"},{"taxonomy":"product_brand","embeddable":true,"href":"https:\/\/www.moskito.cz\/es\/wp-json\/wp\/v2\/product_brand?post=343811"},{"taxonomy":"product_cat","embeddable":true,"href":"https:\/\/www.moskito.cz\/es\/wp-json\/wp\/v2\/product_cat?post=343811"},{"taxonomy":"product_tag","embeddable":true,"href":"https:\/\/www.moskito.cz\/es\/wp-json\/wp\/v2\/product_tag?post=343811"}],"curies":[{"name":"wp","href":"https:\/\/api.w.org\/{rel}","templated":true}]}}