{"id":343813,"date":"2023-03-25T12:55:11","date_gmt":"2023-03-25T11:55:11","guid":{"rendered":"https:\/\/www.moskito.cz\/produkt\/cuchillo-plegable-cold-steel-sr1-lite\/"},"modified":"2025-05-07T11:16:50","modified_gmt":"2025-05-07T10:16:50","slug":"cuchillo-plegable-cold-steel-sr1-lite","status":"publish","type":"product","link":"https:\/\/www.moskito.cz\/es\/produkt\/cuchillo-plegable-cold-steel-sr1-lite\/","title":{"rendered":"Cuchillo plegable Cold Steel SR1 LITE"},"content":{"rendered":"<p>Cuchillo plegable <strong>Cold Steel<\/strong> SR1 LITE<\/p>\n<p>Si bien no es significativamente m\u00e1s liviano, \u00a1nuestro SR1 Lite es innegablemente m\u00e1s liviano en la billetera! Construido para imitar a su hermano mayor en todos los sentidos, excepto reemplazando la empu\u00f1adura G-10 por una empu\u00f1adura Griv-Ex\u2122 y utilizando el acero de hoja 8Cr14MoV, m\u00e1s asequible. Sigue siendo n\u00edtido y listo para tu tarea m\u00e1s dif\u00edcil o tu mayor aventura.<\/p>\n<p>Descripci\u00f3n:<br \/>\nMaterial de la hoja:: 8cr13mov<br \/>\nMaterial del mango: Griv-Ex<br \/>\nSeguridad:: Bloqueo Tri-Ad<br \/>\nLongitud de la hoja:: 10,2 cm<br \/>\nLongitud total:: 23,8 cm<br \/>\nLongitud del cuchillo plegado: 13,7 cm.<br \/>\nGrosor de la hoja: 4,8 mm.<br \/>\nPeso:: 179 gramos<br \/>\nTipo de hoja:: Punta de clip<\/p>\n","protected":false},"excerpt":{"rendered":"<p><strong>El SR1 Lite es una variante m\u00e1s econ\u00f3mica del popular SR1.<\/strong><\/p>\n","protected":false},"featured_media":343814,"comment_status":"open","ping_status":"closed","template":"","meta":[],"pwb-brand":[3790],"product_brand":[],"product_cat":[3730,3726],"product_tag":[3756],"class_list":{"0":"post-343813","1":"product","2":"type-product","3":"status-publish","4":"has-post-thumbnail","6":"pwb-brand-arma-blanca","7":"product_cat-cuchillas-de-cierre","8":"product_cat-cuchillos","9":"product_tag-b2b-es","11":"first","12":"instock","13":"taxable","14":"shipping-taxable","15":"purchasable","16":"product-type-simple"},"brands":[{"id":3790,"name":"Arma blanca","slug":"arma-blanca"}],"_links":{"self":[{"href":"https:\/\/www.moskito.cz\/es\/wp-json\/wp\/v2\/product\/343813","targetHints":{"allow":["GET"]}}],"collection":[{"href":"https:\/\/www.moskito.cz\/es\/wp-json\/wp\/v2\/product"}],"about":[{"href":"https:\/\/www.moskito.cz\/es\/wp-json\/wp\/v2\/types\/product"}],"replies":[{"embeddable":true,"href":"https:\/\/www.moskito.cz\/es\/wp-json\/wp\/v2\/comments?post=343813"}],"wp:featuredmedia":[{"embeddable":true,"href":"https:\/\/www.moskito.cz\/es\/wp-json\/wp\/v2\/media\/343814"}],"wp:attachment":[{"href":"https:\/\/www.moskito.cz\/es\/wp-json\/wp\/v2\/media?parent=343813"}],"wp:term":[{"taxonomy":"pwb-brand","embeddable":true,"href":"https:\/\/www.moskito.cz\/es\/wp-json\/wp\/v2\/pwb-brand?post=343813"},{"taxonomy":"product_brand","embeddable":true,"href":"https:\/\/www.moskito.cz\/es\/wp-json\/wp\/v2\/product_brand?post=343813"},{"taxonomy":"product_cat","embeddable":true,"href":"https:\/\/www.moskito.cz\/es\/wp-json\/wp\/v2\/product_cat?post=343813"},{"taxonomy":"product_tag","embeddable":true,"href":"https:\/\/www.moskito.cz\/es\/wp-json\/wp\/v2\/product_tag?post=343813"}],"curies":[{"name":"wp","href":"https:\/\/api.w.org\/{rel}","templated":true}]}}