{"id":343825,"date":"2022-11-03T22:05:11","date_gmt":"2022-11-03T21:05:11","guid":{"rendered":"https:\/\/www.moskito.cz\/produkt\/cuchillo-plegable-cold-steel-sr1-tanto-point\/"},"modified":"2025-05-07T11:16:51","modified_gmt":"2025-05-07T10:16:51","slug":"cuchillo-plegable-cold-steel-sr1-tanto-point","status":"publish","type":"product","link":"https:\/\/www.moskito.cz\/es\/produkt\/cuchillo-plegable-cold-steel-sr1-tanto-point\/","title":{"rendered":"Cuchillo plegable Cold Steel SR1 TANTO POINT"},"content":{"rendered":"<p>Navaja plegable <strong>Cold Steel<\/strong> SR1 TANTO POINT.<\/p>\n<p>El Cold Steel SRK (Survival Rescue Knife) ha sido el buque insignia de nuestra gama durante m\u00e1s de 25 a\u00f1os. El cuchillo elegido por muchos militares, sigue siendo la hoja fija est\u00e1ndar para los Navy SEAL en el entrenamiento BUDS. Cuando le pedimos al fabricante de cuchillos personalizados Andrew Demek que desarrollara un cuchillo plegable t\u00e1ctico de primera l\u00ednea para uso militar, \u00a1se inspir\u00f3 en nuestro SRK! El SR1 presenta el estilo minimalista caracter\u00edstico de Andrew, sin lujos ni florituras, solo un dise\u00f1o puramente funcional y pr\u00e1ctico. El SR1 y el nuevo SR1 Tanto est\u00e1n dise\u00f1ados para trabajar. Ambos est\u00e1n fabricados con acero en polvo estadounidense CPM-S35VN de primera calidad y son caballos de batalla de alto rendimiento dise\u00f1ados para los entornos m\u00e1s duros e implacables. Una buena hoja necesita un buen mango, por eso el mango SR1 est\u00e1 hecho de G-10 de primera calidad con inserciones de acero tratado t\u00e9rmicamente. Con una superficie de textura rugosa para un agarre seguro incluso en condiciones de fr\u00edo y humedad y una forma experta para un agarre c\u00f3modo y seguro incluso con guantes pesados. Para mayor confiabilidad y tranquilidad, hemos equipado el SR1 con nuestro mecanismo de bloqueo Tri-Ad, probado en el tiempo para resistir los peores abusos, con una resistencia inigualable a golpes e impactos, lo que convierte a este cuchillo en la opci\u00f3n ideal para una hoja de supervivencia.<\/p>\n<p>PARAMETROS DEL PRODUCTO<br \/>\nGrosor de la hoja: 4,8 mm<br \/>\nMaterial del mango: Largo OD Verde G11<br \/>\nTama\u00f1o total: 238 mm<br \/>\nTipo de bloqueo: Bloqueo Tri-Ad<br \/>\nPeso: 204 gramos<br \/>\nColor: verde\/plata<br \/>\nAcero: CPM-S35VN<br \/>\nLongitud de la hoja: 101 mm<br \/>\nMaterial de la funda: bolsillo ambidiestro\/clip para cintur\u00f3n<br \/>\nLongitud del mango: 137 mm<\/p>\n","protected":false},"excerpt":{"rendered":"<p><strong>SR1 Tanto de COLD STEEL es una navaja plegable con hoja lisa.<\/strong><\/p>\n","protected":false},"featured_media":343826,"comment_status":"open","ping_status":"closed","template":"","meta":[],"pwb-brand":[3790],"product_brand":[],"product_cat":[3730,3726],"product_tag":[3756],"class_list":{"0":"post-343825","1":"product","2":"type-product","3":"status-publish","4":"has-post-thumbnail","6":"pwb-brand-arma-blanca","7":"product_cat-cuchillas-de-cierre","8":"product_cat-cuchillos","9":"product_tag-b2b-es","11":"first","12":"instock","13":"taxable","14":"shipping-taxable","15":"purchasable","16":"product-type-simple"},"brands":[{"id":3790,"name":"Arma blanca","slug":"arma-blanca"}],"_links":{"self":[{"href":"https:\/\/www.moskito.cz\/es\/wp-json\/wp\/v2\/product\/343825","targetHints":{"allow":["GET"]}}],"collection":[{"href":"https:\/\/www.moskito.cz\/es\/wp-json\/wp\/v2\/product"}],"about":[{"href":"https:\/\/www.moskito.cz\/es\/wp-json\/wp\/v2\/types\/product"}],"replies":[{"embeddable":true,"href":"https:\/\/www.moskito.cz\/es\/wp-json\/wp\/v2\/comments?post=343825"}],"wp:featuredmedia":[{"embeddable":true,"href":"https:\/\/www.moskito.cz\/es\/wp-json\/wp\/v2\/media\/343826"}],"wp:attachment":[{"href":"https:\/\/www.moskito.cz\/es\/wp-json\/wp\/v2\/media?parent=343825"}],"wp:term":[{"taxonomy":"pwb-brand","embeddable":true,"href":"https:\/\/www.moskito.cz\/es\/wp-json\/wp\/v2\/pwb-brand?post=343825"},{"taxonomy":"product_brand","embeddable":true,"href":"https:\/\/www.moskito.cz\/es\/wp-json\/wp\/v2\/product_brand?post=343825"},{"taxonomy":"product_cat","embeddable":true,"href":"https:\/\/www.moskito.cz\/es\/wp-json\/wp\/v2\/product_cat?post=343825"},{"taxonomy":"product_tag","embeddable":true,"href":"https:\/\/www.moskito.cz\/es\/wp-json\/wp\/v2\/product_tag?post=343825"}],"curies":[{"name":"wp","href":"https:\/\/api.w.org\/{rel}","templated":true}]}}