{"id":343849,"date":"2023-03-27T19:59:32","date_gmt":"2024-06-12T11:33:42","guid":{"rendered":"https:\/\/www.moskito.cz\/produkt\/navaja-cold-steel-mini-tuff-lite-filo-liso-rojo\/"},"modified":"2025-05-07T11:16:52","modified_gmt":"2025-05-07T10:16:52","slug":"navaja-cold-steel-mini-tuff-lite-filo-liso-rojo","status":"publish","type":"product","link":"https:\/\/www.moskito.cz\/es\/produkt\/navaja-cold-steel-mini-tuff-lite-filo-liso-rojo\/","title":{"rendered":"Navaja Cold Steel MINI TUFF LITE FILO LISO ROJO"},"content":{"rendered":"<p>Navaja <strong>Cold Steel<\/strong> MINI TUFF LITE FILO LISO ROJO<\/p>\n<p>Los Tuff Lites de Cold Steel son lo suficientemente resistentes como para manejarlos y lo suficientemente livianos como para tenerlos a mano cuando los necesite. El tama\u00f1o perfecto para caber en cualquier bolsillo, sujetarlo a la cintura o llevarlo alrededor del cuello con un cord\u00f3n. Gracias a las hojas anchas, huecas y rectificadas, son implacablemente afiladas y pueden cortar incluso los materiales m\u00e1s duraderos con una facilidad inesperada. Y sus puntas en \u00e1ngulo ofrecen una penetraci\u00f3n profunda y un potencial de corte de precisi\u00f3n sin ser lo suficientemente agresivas como para atraer atenci\u00f3n no deseada. Tanto la versi\u00f3n de tama\u00f1o est\u00e1ndar como la mini est\u00e1n dise\u00f1adas para el trabajo y ofrecen un agarre sorprendentemente bueno gracias a sus mangos Griv Ex\u2122 magn\u00edficamente dise\u00f1ados que ofrecen una tremenda relaci\u00f3n resistencia-peso y cuentan con nuestro Tri-Ad de \u00faltima generaci\u00f3n. cerradura que ofrece un m\u00fasculo impresionante para su tama\u00f1o.<br \/>\nDescripci\u00f3n:<br \/>\nPESO 1,6 onzas.<br \/>\nESPESOR 2,5 mm<br \/>\nLONGITUD DE LA HOJA 2\u201d<br \/>\nGRIP 3&#8243; Largo Azul Griv-Ex\u2122<br \/>\nACERO \/ MATERIAL 4034SS<br \/>\nLARGO TOTAL 5&#8243;.<br \/>\nFUNCIONES ADICIONALES Bolsillo reversible \/ clip para cintur\u00f3n<\/p>\n","protected":false},"excerpt":{"rendered":"<p><strong>La Cold Steel Mini Tuff Lite es una peque\u00f1a navaja plegable con un borde recto y liso. Gracias a su forma es un cuchillo de trabajo muy eficaz.<\/strong><\/p>\n","protected":false},"featured_media":343850,"comment_status":"open","ping_status":"closed","template":"","meta":[],"pwb-brand":[3790],"product_brand":[],"product_cat":[3730,3726],"product_tag":[3756],"class_list":{"0":"post-343849","1":"product","2":"type-product","3":"status-publish","4":"has-post-thumbnail","6":"pwb-brand-arma-blanca","7":"product_cat-cuchillas-de-cierre","8":"product_cat-cuchillos","9":"product_tag-b2b-es","11":"first","12":"outofstock","13":"taxable","14":"shipping-taxable","15":"purchasable","16":"product-type-simple"},"brands":[{"id":3790,"name":"Arma blanca","slug":"arma-blanca"}],"_links":{"self":[{"href":"https:\/\/www.moskito.cz\/es\/wp-json\/wp\/v2\/product\/343849","targetHints":{"allow":["GET"]}}],"collection":[{"href":"https:\/\/www.moskito.cz\/es\/wp-json\/wp\/v2\/product"}],"about":[{"href":"https:\/\/www.moskito.cz\/es\/wp-json\/wp\/v2\/types\/product"}],"replies":[{"embeddable":true,"href":"https:\/\/www.moskito.cz\/es\/wp-json\/wp\/v2\/comments?post=343849"}],"wp:featuredmedia":[{"embeddable":true,"href":"https:\/\/www.moskito.cz\/es\/wp-json\/wp\/v2\/media\/343850"}],"wp:attachment":[{"href":"https:\/\/www.moskito.cz\/es\/wp-json\/wp\/v2\/media?parent=343849"}],"wp:term":[{"taxonomy":"pwb-brand","embeddable":true,"href":"https:\/\/www.moskito.cz\/es\/wp-json\/wp\/v2\/pwb-brand?post=343849"},{"taxonomy":"product_brand","embeddable":true,"href":"https:\/\/www.moskito.cz\/es\/wp-json\/wp\/v2\/product_brand?post=343849"},{"taxonomy":"product_cat","embeddable":true,"href":"https:\/\/www.moskito.cz\/es\/wp-json\/wp\/v2\/product_cat?post=343849"},{"taxonomy":"product_tag","embeddable":true,"href":"https:\/\/www.moskito.cz\/es\/wp-json\/wp\/v2\/product_tag?post=343849"}],"curies":[{"name":"wp","href":"https:\/\/api.w.org\/{rel}","templated":true}]}}