{"id":343865,"date":"2022-04-20T21:35:46","date_gmt":"2022-04-20T20:35:46","guid":{"rendered":"https:\/\/www.moskito.cz\/produkt\/empujar-daga-cold-steel-urban-edge\/"},"modified":"2025-05-07T11:16:53","modified_gmt":"2025-05-07T10:16:53","slug":"empujar-daga-cold-steel-urban-edge","status":"publish","type":"product","link":"https:\/\/www.moskito.cz\/es\/produkt\/empujar-daga-cold-steel-urban-edge\/","title":{"rendered":"Empujar Daga Cold Steel URBAN EDGE"},"content":{"rendered":"<p>Empuje Daga <strong>Cold Steel<\/strong> URBAN EDGE.<\/p>\n<p>Nuestro Urban Edge es una herramienta cotidiana sorprendentemente vers\u00e1til y \u00fatil. Su agarre seguro permite al usuario abrir la mano sin dejar de tener el control total del cuchillo. Muchos empleados de Cold Steel los usan regularmente: abren cajas, se detienen para firmar las entregas o escriben en computadoras o tabletas, \u00a1todo sin que el cuchillo abandone su mano! Lo suficientemente liviano como para usarlo como cord\u00f3n o colgarlo en un llavero, pero a\u00fan as\u00ed tiene suficiente potencia de corte para realizar tareas que desafiar\u00edan incluso a algunos cuchillos m\u00e1s grandes; Urban Edge es tambi\u00e9n una formidable herramienta de autodefensa de \u00faltimo recurso.<\/p>\n<p>PARAMETROS DEL PRODUCTO<br \/>\nAcero: Japon\u00e9s AUS 8A Inoxidable<br \/>\nColor: Negro\/Plata<br \/>\nLongitud del mango: 38,1 mm<br \/>\nTama\u00f1o total: 101 mm<br \/>\nMaterial del mango: Kray-Ex\u2122 largo<br \/>\nLongitud de la hoja: 63,5 mm<br \/>\nPeso: 53,86 gramos<br \/>\nGrosor de la hoja: 3 mm<br \/>\nMaterial de la funda: Funda para el cuello Secure-Ex\u00ae<\/p>\n<p>Nuestro Urban Edge es una herramienta de uso diario sorprendentemente vers\u00e1til y \u00fatil. Su agarre seguro permite al usuario abrir la mano sin dejar de tener control total sobre el cuchillo. Muchos de los empleados de Cold Steel los usan regularmente: abren cajas, hacen pausas para firmar las entregas o escriben en computadoras o tabletas, todo sin que el cuchillo abandone su mano. \u00a1Lo suficientemente liviano como para usarlo como cuchillo para el cuello o colgarlo de un llavero, pero! todav\u00eda tiene suficiente potencia de corte para realizar tareas que desafiar\u00edan incluso a algunos cuchillos m\u00e1s grandes; Urban Edge tambi\u00e9n es una formidable herramienta de autodefensa de \u00faltimo recurso.<br \/>\nPeso: 1,9 oz Grosor de la hoja: 3 mm Longitud de la hoja: 2-1\/2&#8243; Acero de la hoja: Acero inoxidable japon\u00e9s AUS8A Longitud\/material del mango: 1-1\/2&#8243; Kray-Ex\u2122 Longitud total: 4&#8243; Caracter\u00edsticas adicionales: Secure-Ex\u00ae Tipo de cuchillo con funda: Fijo Rango de longitud de la hoja: 3-5 pulgadas Familia de acero: AUS Forma de la hoja: Punta de lanza Familia de productos: Urban Edge<\/p>\n","protected":false},"excerpt":{"rendered":"<p>Urban Edge de COLD STEEL es una daga de empuje con hoja lisa de doble cara. Urban Edge es una daga para EDC y la supervivencia cotidiana en la jungla urbana. Es excelente para llevarlo oculto o colgarlo del cuello.<\/p>\n","protected":false},"featured_media":343866,"comment_status":"open","ping_status":"closed","template":"","meta":[],"pwb-brand":[3790],"product_brand":[],"product_cat":[3727,3726],"product_tag":[],"class_list":{"0":"post-343865","1":"product","2":"type-product","3":"status-publish","4":"has-post-thumbnail","6":"pwb-brand-arma-blanca","7":"product_cat-cuchillos-macizos","8":"product_cat-cuchillos","10":"first","11":"instock","12":"taxable","13":"shipping-taxable","14":"purchasable","15":"product-type-simple"},"brands":[{"id":3790,"name":"Arma blanca","slug":"arma-blanca"}],"_links":{"self":[{"href":"https:\/\/www.moskito.cz\/es\/wp-json\/wp\/v2\/product\/343865","targetHints":{"allow":["GET"]}}],"collection":[{"href":"https:\/\/www.moskito.cz\/es\/wp-json\/wp\/v2\/product"}],"about":[{"href":"https:\/\/www.moskito.cz\/es\/wp-json\/wp\/v2\/types\/product"}],"replies":[{"embeddable":true,"href":"https:\/\/www.moskito.cz\/es\/wp-json\/wp\/v2\/comments?post=343865"}],"wp:featuredmedia":[{"embeddable":true,"href":"https:\/\/www.moskito.cz\/es\/wp-json\/wp\/v2\/media\/343866"}],"wp:attachment":[{"href":"https:\/\/www.moskito.cz\/es\/wp-json\/wp\/v2\/media?parent=343865"}],"wp:term":[{"taxonomy":"pwb-brand","embeddable":true,"href":"https:\/\/www.moskito.cz\/es\/wp-json\/wp\/v2\/pwb-brand?post=343865"},{"taxonomy":"product_brand","embeddable":true,"href":"https:\/\/www.moskito.cz\/es\/wp-json\/wp\/v2\/product_brand?post=343865"},{"taxonomy":"product_cat","embeddable":true,"href":"https:\/\/www.moskito.cz\/es\/wp-json\/wp\/v2\/product_cat?post=343865"},{"taxonomy":"product_tag","embeddable":true,"href":"https:\/\/www.moskito.cz\/es\/wp-json\/wp\/v2\/product_tag?post=343865"}],"curies":[{"name":"wp","href":"https:\/\/api.w.org\/{rel}","templated":true}]}}