{"id":343877,"date":"2020-04-30T10:20:11","date_gmt":"2024-06-12T11:49:52","guid":{"rendered":"https:\/\/www.moskito.cz\/produkt\/cuchillo-fijo-cold-steel-true-flight-thrower-cs80tftc\/"},"modified":"2025-07-11T07:51:16","modified_gmt":"2025-07-11T06:51:16","slug":"cuchillo-fijo-cold-steel-true-flight-thrower-cs80tftc","status":"publish","type":"product","link":"https:\/\/www.moskito.cz\/es\/produkt\/cuchillo-fijo-cold-steel-true-flight-thrower-cs80tftc\/","title":{"rendered":"Cuchillo fijo Cold Steel True Flight Thrower CS80TFTC"},"content":{"rendered":"<p>Cuchillo fijo Cold Steel True Flight Thrower CS80TFTC.<\/p>\n<p>La empresa estadounidense Cold Steel tiene su origen en Ventura, California. La marca se fund\u00f3 en 1980 con el objetivo de producir los cuchillos m\u00e1s fuertes y afilados del mundo. Durante las \u00faltimas tres d\u00e9cadas, Cold Steel ha estado a la vanguardia de muchas innovaciones que han ayudado a definir el cuchillo comercial en su conjunto. El fabricante mantiene una alta calidad de mano de obra y trabaja constantemente para cumplir su objetivo de ofrecer los cuchillos m\u00e1s fuertes y afilados del mundo. Una amplia gama de cuchillos t\u00e1cticos o de caza garantiza una amplia base de usuarios y seguidores leales.<\/p>\n<p>Longitud total: 30,5 cm<br \/>\n Longitud de la hoja: 17 cm<br \/>\n Acero: carbono 1055<br \/>\n Mango: envuelto con paracord<\/p>\n<p>&nbsp;<\/p>\n","protected":false},"excerpt":{"rendered":"<p>Cuchillo macizo con funda.<\/p>\n","protected":false},"featured_media":168015,"comment_status":"open","ping_status":"closed","template":"","meta":[],"pwb-brand":[3790],"product_brand":[],"product_cat":[3727,3726],"product_tag":[],"class_list":{"0":"post-343877","1":"product","2":"type-product","3":"status-publish","4":"has-post-thumbnail","6":"pwb-brand-arma-blanca","7":"product_cat-cuchillos-macizos","8":"product_cat-cuchillos","10":"first","11":"instock","12":"taxable","13":"shipping-taxable","14":"purchasable","15":"product-type-simple"},"brands":[{"id":3790,"name":"Arma blanca","slug":"arma-blanca"}],"_links":{"self":[{"href":"https:\/\/www.moskito.cz\/es\/wp-json\/wp\/v2\/product\/343877","targetHints":{"allow":["GET"]}}],"collection":[{"href":"https:\/\/www.moskito.cz\/es\/wp-json\/wp\/v2\/product"}],"about":[{"href":"https:\/\/www.moskito.cz\/es\/wp-json\/wp\/v2\/types\/product"}],"replies":[{"embeddable":true,"href":"https:\/\/www.moskito.cz\/es\/wp-json\/wp\/v2\/comments?post=343877"}],"wp:featuredmedia":[{"embeddable":true,"href":"https:\/\/www.moskito.cz\/es\/wp-json\/wp\/v2\/media\/168015"}],"wp:attachment":[{"href":"https:\/\/www.moskito.cz\/es\/wp-json\/wp\/v2\/media?parent=343877"}],"wp:term":[{"taxonomy":"pwb-brand","embeddable":true,"href":"https:\/\/www.moskito.cz\/es\/wp-json\/wp\/v2\/pwb-brand?post=343877"},{"taxonomy":"product_brand","embeddable":true,"href":"https:\/\/www.moskito.cz\/es\/wp-json\/wp\/v2\/product_brand?post=343877"},{"taxonomy":"product_cat","embeddable":true,"href":"https:\/\/www.moskito.cz\/es\/wp-json\/wp\/v2\/product_cat?post=343877"},{"taxonomy":"product_tag","embeddable":true,"href":"https:\/\/www.moskito.cz\/es\/wp-json\/wp\/v2\/product_tag?post=343877"}],"curies":[{"name":"wp","href":"https:\/\/api.w.org\/{rel}","templated":true}]}}