{"id":343883,"date":"2022-11-05T21:23:38","date_gmt":"2022-11-05T20:23:38","guid":{"rendered":"https:\/\/www.moskito.cz\/produkt\/cuchillo-solido-cold-steel-peace-maker-ii\/"},"modified":"2025-05-07T11:16:54","modified_gmt":"2025-05-07T10:16:54","slug":"cuchillo-solido-cold-steel-peace-maker-ii","status":"publish","type":"product","link":"https:\/\/www.moskito.cz\/es\/produkt\/cuchillo-solido-cold-steel-peace-maker-ii\/","title":{"rendered":"Cuchillo S\u00f3lido Cold Steel PEACE MAKER II"},"content":{"rendered":"<p>Cuchillo S\u00f3lido <strong>Cold Steel<\/strong> PEACE MAKER II.<\/p>\n<p>Si est\u00e1 en el ej\u00e9rcito o en las fuerzas del orden; si andas a caballo o en moto; o vive en un rancho o granja, \u00a1entonces Cold Steel Peace Maker es para ti! Estas vers\u00e1tiles l\u00e1minas fijas se sujetan a la parte superior de la bota y quedan cubiertas por la pierna, lo que las hace pr\u00e1cticamente invisibles; Adem\u00e1s, tu cuchillo estar\u00e1 siempre a tu alcance cuando lo necesites. Los Peace Makers son sorprendentemente livianos y considerablemente m\u00e1s delgados que muchos cuchillos \u00abt\u00e1cticos\u00bb disponibles en el mercado hoy en d\u00eda. La mezcla Peace Makers: los biseles rectificados de la hoja permiten un reafilado muy f\u00e1cil y sus puntas r\u00edgidas y distalmente c\u00f3nicas son capaces de penetrar incluso material grueso. Porque estas hojas de zapatos baratas ofrecen una amplia gama de usos: utilidad, caza, pesca.<\/p>\n<p>PARAMETROS DEL PRODUCTO<br \/>\nTama\u00f1o total: 260 mm<br \/>\nColor: Negro\/Plata<br \/>\nPeso: 153,08 gramos<br \/>\nLongitud de la hoja: 139 mm<br \/>\nGrosor de la hoja: 3 mm<br \/>\nLongitud del mango: 120 mm<br \/>\nAcero: 4116 inoxidable crioenfriado<br \/>\nMaterial de la funda: Funda Secure-Ex\u00ae<\/p>\n","protected":false},"excerpt":{"rendered":"<p><strong>El Peace Maker II de Cold Steel es un cuchillo s\u00f3lido para un transporte discreto.<\/strong><\/p>\n","protected":false},"featured_media":343884,"comment_status":"open","ping_status":"closed","template":"","meta":[],"pwb-brand":[3790],"product_brand":[],"product_cat":[3727,3726],"product_tag":[],"class_list":{"0":"post-343883","1":"product","2":"type-product","3":"status-publish","4":"has-post-thumbnail","6":"pwb-brand-arma-blanca","7":"product_cat-cuchillos-macizos","8":"product_cat-cuchillos","10":"first","11":"instock","12":"taxable","13":"shipping-taxable","14":"purchasable","15":"product-type-simple"},"brands":[{"id":3790,"name":"Arma blanca","slug":"arma-blanca"}],"_links":{"self":[{"href":"https:\/\/www.moskito.cz\/es\/wp-json\/wp\/v2\/product\/343883","targetHints":{"allow":["GET"]}}],"collection":[{"href":"https:\/\/www.moskito.cz\/es\/wp-json\/wp\/v2\/product"}],"about":[{"href":"https:\/\/www.moskito.cz\/es\/wp-json\/wp\/v2\/types\/product"}],"replies":[{"embeddable":true,"href":"https:\/\/www.moskito.cz\/es\/wp-json\/wp\/v2\/comments?post=343883"}],"wp:featuredmedia":[{"embeddable":true,"href":"https:\/\/www.moskito.cz\/es\/wp-json\/wp\/v2\/media\/343884"}],"wp:attachment":[{"href":"https:\/\/www.moskito.cz\/es\/wp-json\/wp\/v2\/media?parent=343883"}],"wp:term":[{"taxonomy":"pwb-brand","embeddable":true,"href":"https:\/\/www.moskito.cz\/es\/wp-json\/wp\/v2\/pwb-brand?post=343883"},{"taxonomy":"product_brand","embeddable":true,"href":"https:\/\/www.moskito.cz\/es\/wp-json\/wp\/v2\/product_brand?post=343883"},{"taxonomy":"product_cat","embeddable":true,"href":"https:\/\/www.moskito.cz\/es\/wp-json\/wp\/v2\/product_cat?post=343883"},{"taxonomy":"product_tag","embeddable":true,"href":"https:\/\/www.moskito.cz\/es\/wp-json\/wp\/v2\/product_tag?post=343883"}],"curies":[{"name":"wp","href":"https:\/\/api.w.org\/{rel}","templated":true}]}}