{"id":343893,"date":"2022-11-04T20:57:15","date_gmt":"2022-11-04T19:57:15","guid":{"rendered":"https:\/\/www.moskito.cz\/produkt\/cuchillo-solido-cold-steel-bushman\/"},"modified":"2024-06-12T13:03:51","modified_gmt":"2024-06-12T12:03:51","slug":"cuchillo-solido-cold-steel-bushman","status":"publish","type":"product","link":"https:\/\/www.moskito.cz\/es\/produkt\/cuchillo-solido-cold-steel-bushman\/","title":{"rendered":"Cuchillo S\u00f3lido Cold Steel BUSHMAN"},"content":{"rendered":"<p>Cuchillo S\u00f3lido <strong>Cold Steel<\/strong> BUSHMAN.<\/p>\n<p>\u00a1Por su precio, es dif\u00edcil superar la serie Bushman de cuchillos de supervivencia! A diferencia de la mayor\u00eda de los cuchillos con mango hueco, no hay uni\u00f3n ni costura entre la hoja y el mango; en cambio, la hoja y los mangos de Bushman est\u00e1n forjados en fr\u00edo a partir de una sola pieza de acero SK-5 con alto contenido de carbono. Los cuchillos resultantes son tratados t\u00e9rmicamente y templados por expertos a RC54 y resistieron m\u00e1s de dos toneladas de presi\u00f3n en la transici\u00f3n hoja\/mango en nuestras pruebas. Cada bosquimano ha sido minuciosamente pulido hasta obtener un borde extra fino y luego lijado y pulido a mano hasta obtener un borde afilado. Sus mangos huecos acomodan suministros de supervivencia o varios accesorios de mango que pueden maximizar el alcance, el apalancamiento o la facilidad de lanzamiento. Disponibles en dos estilos de hoja (est\u00e1ndar y punta Bowie), ambos tienen hojas curvas que son ideales para desollar y muchos trabajos de bushcraft. Ambos vienen con una chaqueta segura que contiene acero al fuego de ferrocerio de alta calidad.<\/p>\n<p>PARAMETROS DEL PRODUCTO<br \/>\nMaterial de la vaina: vaina segura-ex \u2122 con ferrocerium fire acero<br \/>\nGrosor de la hoja: 2,5 mm<br \/>\nPeso: 277,82 gramos<br \/>\nTama\u00f1o total: 311 mm<br \/>\nLongitud del mango: 133 mm<br \/>\nLongitud de la hoja: 177 mm<br \/>\nDe color negro<br \/>\nMaterial del mango: Largo. Mango hueco.<br \/>\nAcero: SK-5 alto carbono<\/p>\n","protected":false},"excerpt":{"rendered":"<p>Bushman y Bowie Bushman son cuchillos para la supervivencia en condiciones extremas.<\/p>\n","protected":false},"featured_media":343894,"comment_status":"open","ping_status":"closed","template":"","meta":[],"pwb-brand":[3790],"product_brand":[],"product_cat":[3727,3726],"product_tag":[],"class_list":{"0":"post-343893","1":"product","2":"type-product","3":"status-publish","4":"has-post-thumbnail","6":"pwb-brand-arma-blanca","7":"product_cat-cuchillos-macizos","8":"product_cat-cuchillos","10":"first","11":"instock","12":"taxable","13":"shipping-taxable","14":"purchasable","15":"product-type-simple"},"brands":[{"id":3790,"name":"Arma blanca","slug":"arma-blanca"}],"_links":{"self":[{"href":"https:\/\/www.moskito.cz\/es\/wp-json\/wp\/v2\/product\/343893","targetHints":{"allow":["GET"]}}],"collection":[{"href":"https:\/\/www.moskito.cz\/es\/wp-json\/wp\/v2\/product"}],"about":[{"href":"https:\/\/www.moskito.cz\/es\/wp-json\/wp\/v2\/types\/product"}],"replies":[{"embeddable":true,"href":"https:\/\/www.moskito.cz\/es\/wp-json\/wp\/v2\/comments?post=343893"}],"wp:featuredmedia":[{"embeddable":true,"href":"https:\/\/www.moskito.cz\/es\/wp-json\/wp\/v2\/media\/343894"}],"wp:attachment":[{"href":"https:\/\/www.moskito.cz\/es\/wp-json\/wp\/v2\/media?parent=343893"}],"wp:term":[{"taxonomy":"pwb-brand","embeddable":true,"href":"https:\/\/www.moskito.cz\/es\/wp-json\/wp\/v2\/pwb-brand?post=343893"},{"taxonomy":"product_brand","embeddable":true,"href":"https:\/\/www.moskito.cz\/es\/wp-json\/wp\/v2\/product_brand?post=343893"},{"taxonomy":"product_cat","embeddable":true,"href":"https:\/\/www.moskito.cz\/es\/wp-json\/wp\/v2\/product_cat?post=343893"},{"taxonomy":"product_tag","embeddable":true,"href":"https:\/\/www.moskito.cz\/es\/wp-json\/wp\/v2\/product_tag?post=343893"}],"curies":[{"name":"wp","href":"https:\/\/api.w.org\/{rel}","templated":true}]}}