{"id":343905,"date":"2022-04-17T22:02:03","date_gmt":"2024-06-12T12:05:47","guid":{"rendered":"https:\/\/www.moskito.cz\/produkt\/cuchillo-plegable-cold-steel-silver-eye-elite-spear-point\/"},"modified":"2025-05-07T11:16:55","modified_gmt":"2025-05-07T10:16:55","slug":"cuchillo-plegable-cold-steel-silver-eye-elite-spear-point","status":"publish","type":"product","link":"https:\/\/www.moskito.cz\/es\/produkt\/cuchillo-plegable-cold-steel-silver-eye-elite-spear-point\/","title":{"rendered":"Cuchillo plegable Cold Steel SILVER EYE ELITE SPEAR POINT"},"content":{"rendered":"<p>Navaja <strong>plegable Cold Steel<\/strong> SILVER EYE ELITE SPEAR POINT.<\/p>\n<p>El Silver Eye es una excelente opci\u00f3n si est\u00e1 buscando un cuchillo de lujo para uso diario (EDC). La hoja del cuchillo est\u00e1 fabricada en acero inoxidable CPM S35VN. La hoja tambi\u00e9n cuenta con una innovadora orejeta de apertura patentada HTR\u2122 dise\u00f1ada por Andrew Demko. Esta orejeta con forma permite un agarre seguro de la hoja y una distribuci\u00f3n adecuada de la presi\u00f3n del pulgar al abrir, y est\u00e1 adaptada tanto para uso diestro como zurdo. El aspecto lujoso del cuchillo lo proporciona el ojal \u00abplateado\u00bb del sistema de apertura y el clip \u00abdorado\u00bb pulido. Un gran cuchillo para usar en la iglesia, en una boda o en cualquier lugar donde necesites un cuchillo con gran elegancia y brillo. \ud83d\ude42 El excepcional acero americano no s\u00f3lo es muy r\u00edgido y duradero, sino que tambi\u00e9n se puede utilizar para lograr un excelente afilado de cuchillos y la hoja tiene una larga durabilidad. El acero en polvo de grano muy fino con una microestructura uniforme ofrece propiedades muy estables. Es duradero incluso con una hoja de hoja muy fina, confiable y altamente resistente a la corrosi\u00f3n. Es una buena opci\u00f3n para cuchillos y herramientas personalizados de alta calidad. El proceso CPM (pseudometalurgia de polvos) garantiza una estructura de acero muy homog\u00e9nea y de alta calidad, estabilidad dimensional, buena capacidad de molienda y resistencia en comparaci\u00f3n con los aceros producidos con m\u00e9todos convencionales cl\u00e1sicos. A pesar del menor contenido de cromo, este acero muestra muy buenos resultados en el \u00e1mbito de la resistencia a la corrosi\u00f3n. El mango est\u00e1 hecho de fibra de carbono pulida, que es muy ligera pero al mismo tiempo suficientemente resistente y duradera. Golden Eye est\u00e1 equipado con la patente exclusiva de Cold Steel\u00ae Tri-Ad Lock\u2122. El bloqueo evita que el cuchillo se cierre autom\u00e1ticamente o involuntariamente incluso despu\u00e9s del desgaste natural con el tiempo.<\/p>\n<p>Longitud del mango: 124 mm<br \/>\nPeso: 113 gramos<br \/>\nAcero: Acero S35VN<br \/>\nLongitud de la hoja: 89 mm<br \/>\nTama\u00f1o total: 213 mm<br \/>\nMaterial del mango: mango largo de fibra de carbono<br \/>\nGrosor de la hoja: 3,5 mm<br \/>\nDe color negro<br \/>\nTipo de fusible: Tri-Ad Lock<br \/>\nClip de goteo de acero<\/p>\n<p>&nbsp;<\/p>\n<p>&nbsp;<\/p>\n","protected":false},"excerpt":{"rendered":"<p>La Golden Silver Elite es un dise\u00f1o lujoso de navaja plegable que es adecuada como accesorio para un traje social o un c\u00f3digo de vestimenta de trabajo.<\/p>\n","protected":false},"featured_media":343907,"comment_status":"open","ping_status":"closed","template":"","meta":[],"pwb-brand":[3790],"product_brand":[],"product_cat":[3730,3726],"product_tag":[],"class_list":{"0":"post-343905","1":"product","2":"type-product","3":"status-publish","4":"has-post-thumbnail","6":"pwb-brand-arma-blanca","7":"product_cat-cuchillas-de-cierre","8":"product_cat-cuchillos","10":"first","11":"instock","12":"taxable","13":"shipping-taxable","14":"purchasable","15":"product-type-simple"},"brands":[{"id":3790,"name":"Arma blanca","slug":"arma-blanca"}],"_links":{"self":[{"href":"https:\/\/www.moskito.cz\/es\/wp-json\/wp\/v2\/product\/343905","targetHints":{"allow":["GET"]}}],"collection":[{"href":"https:\/\/www.moskito.cz\/es\/wp-json\/wp\/v2\/product"}],"about":[{"href":"https:\/\/www.moskito.cz\/es\/wp-json\/wp\/v2\/types\/product"}],"replies":[{"embeddable":true,"href":"https:\/\/www.moskito.cz\/es\/wp-json\/wp\/v2\/comments?post=343905"}],"wp:featuredmedia":[{"embeddable":true,"href":"https:\/\/www.moskito.cz\/es\/wp-json\/wp\/v2\/media\/343907"}],"wp:attachment":[{"href":"https:\/\/www.moskito.cz\/es\/wp-json\/wp\/v2\/media?parent=343905"}],"wp:term":[{"taxonomy":"pwb-brand","embeddable":true,"href":"https:\/\/www.moskito.cz\/es\/wp-json\/wp\/v2\/pwb-brand?post=343905"},{"taxonomy":"product_brand","embeddable":true,"href":"https:\/\/www.moskito.cz\/es\/wp-json\/wp\/v2\/product_brand?post=343905"},{"taxonomy":"product_cat","embeddable":true,"href":"https:\/\/www.moskito.cz\/es\/wp-json\/wp\/v2\/product_cat?post=343905"},{"taxonomy":"product_tag","embeddable":true,"href":"https:\/\/www.moskito.cz\/es\/wp-json\/wp\/v2\/product_tag?post=343905"}],"curies":[{"name":"wp","href":"https:\/\/api.w.org\/{rel}","templated":true}]}}