{"id":343939,"date":"2022-11-05T14:35:33","date_gmt":"2024-06-12T12:39:32","guid":{"rendered":"https:\/\/www.moskito.cz\/produkt\/cuchillo-solido-cold-steel-razor-tek\/"},"modified":"2025-05-07T11:16:57","modified_gmt":"2025-05-07T10:16:57","slug":"cuchillo-solido-cold-steel-razor-tek","status":"publish","type":"product","link":"https:\/\/www.moskito.cz\/es\/produkt\/cuchillo-solido-cold-steel-razor-tek\/","title":{"rendered":"Cuchillo S\u00f3lido Cold Steel RAZOR TEK"},"content":{"rendered":"<p>Cuchillo Macizo <strong>Cold Steel<\/strong> RAZOR TEK.<\/p>\n<p>El siguiente paso en la l\u00ednea Razor Tek es la devastadora hoja curva. La hoja curva proporciona los beneficios de una hoja m\u00e1s larga y una barriga en la parte delantera. Esta forma de hoja ofrece las ventajas de cortar mientras se extiende o extiende la hoja. Una excelente hoja s\u00f3lida de tama\u00f1o mediano para procesar animales de caza, artesan\u00eda en el monte, preparar alimentos, picar y picar. Combinando la forma de la hoja con un mango texturizado altamente ergon\u00f3mico, este cuchillo est\u00e1 listo para tu pr\u00f3xima aventura al aire libre.<\/p>\n<p>PARAMETROS DEL PRODUCTO<br \/>\nLongitud de la hoja: 127 mm<br \/>\nGrosor de la hoja: 3,2 mm<br \/>\nAcero: 4116SS<br \/>\nLongitud del mango: 117 mm<br \/>\nColor: Negro\/Plata<br \/>\nPeso: 204 gramos<br \/>\nTama\u00f1o total: 244 mm<br \/>\nMaterial del mango: GFN<\/p>\n<p>&nbsp;<\/p>\n","protected":false},"excerpt":{"rendered":"<p><strong>Un cuchillo de tama\u00f1o mediano con filo liso y una longitud de hoja de 127 mm. El cuchillo viene con una funda Secure-Ex.<\/strong><\/p>\n","protected":false},"featured_media":343940,"comment_status":"open","ping_status":"closed","template":"","meta":[],"pwb-brand":[3790],"product_brand":[],"product_cat":[3726,3727],"product_tag":[],"class_list":{"0":"post-343939","1":"product","2":"type-product","3":"status-publish","4":"has-post-thumbnail","6":"pwb-brand-arma-blanca","7":"product_cat-cuchillos","8":"product_cat-cuchillos-macizos","10":"first","11":"instock","12":"taxable","13":"shipping-taxable","14":"purchasable","15":"product-type-simple"},"brands":[{"id":3790,"name":"Arma blanca","slug":"arma-blanca"}],"_links":{"self":[{"href":"https:\/\/www.moskito.cz\/es\/wp-json\/wp\/v2\/product\/343939","targetHints":{"allow":["GET"]}}],"collection":[{"href":"https:\/\/www.moskito.cz\/es\/wp-json\/wp\/v2\/product"}],"about":[{"href":"https:\/\/www.moskito.cz\/es\/wp-json\/wp\/v2\/types\/product"}],"replies":[{"embeddable":true,"href":"https:\/\/www.moskito.cz\/es\/wp-json\/wp\/v2\/comments?post=343939"}],"wp:featuredmedia":[{"embeddable":true,"href":"https:\/\/www.moskito.cz\/es\/wp-json\/wp\/v2\/media\/343940"}],"wp:attachment":[{"href":"https:\/\/www.moskito.cz\/es\/wp-json\/wp\/v2\/media?parent=343939"}],"wp:term":[{"taxonomy":"pwb-brand","embeddable":true,"href":"https:\/\/www.moskito.cz\/es\/wp-json\/wp\/v2\/pwb-brand?post=343939"},{"taxonomy":"product_brand","embeddable":true,"href":"https:\/\/www.moskito.cz\/es\/wp-json\/wp\/v2\/product_brand?post=343939"},{"taxonomy":"product_cat","embeddable":true,"href":"https:\/\/www.moskito.cz\/es\/wp-json\/wp\/v2\/product_cat?post=343939"},{"taxonomy":"product_tag","embeddable":true,"href":"https:\/\/www.moskito.cz\/es\/wp-json\/wp\/v2\/product_tag?post=343939"}],"curies":[{"name":"wp","href":"https:\/\/api.w.org\/{rel}","templated":true}]}}